{"id":2265,"date":"2019-05-30T17:35:22","date_gmt":"2019-05-30T15:35:22","guid":{"rendered":"http:\/\/efsvalves.com\/?page_id=2265"},"modified":"2021-05-04T23:17:05","modified_gmt":"2021-05-04T21:17:05","slug":"centro-reparacion-de-valvulas","status":"publish","type":"page","link":"https:\/\/efsvalves.com\/es\/servicios\/centro-reparacion-de-valvulas\/","title":{"rendered":"Automatizaci\u00f3n de valvulas"},"content":{"rendered":"<div class=\"wpb-content-wrapper\"><p>[vc_row is_section=\u00bbyes\u00bb section_skin=\u00bbparallax\u00bb remove_margin_top=\u00bbyes\u00bb remove_margin_bottom=\u00bbyes\u00bb remove_border=\u00bbyes\u00bb][vc_column width=\u00bb7\/12&#8243;][vc_row_inner][vc_column_inner][vc_column_text css_animation=\u00bbfadeInUp\u00bb]<\/p>\n<h3 class=\"p1\"><span class=\"s1\">CENTRO DE AUTOMATIZACI\u00d3N<\/span><\/h3>\n<p class=\"p1\"><span class=\"s1\" style=\"font-size: 18px;\">El centro de automatizaci\u00f3n EFSVALVES proporciona una amplia gama de soluciones en automatizaci\u00f3n de v\u00e1lvulas y soluciones personalizadas.<\/span><\/p>\n<h5 class=\"p1\"><span class=\"s1\">\u00b7 ACTUADORES<\/span><\/h5>\n<p class=\"p1\"><span class=\"s1\" style=\"font-size: 14px;\">90 GRADOS o ACTUADORES LINEALES<\/span><\/p>\n<ul>\n<li class=\"p1\"><span class=\"s1\" style=\"font-size: 14px;\">NEUM\u00c1TICO (de doble efecto o simple efecto)<\/span><\/li>\n<\/ul>\n<ul class=\"ul1\">\n<li class=\"li1\"><span class=\"s2\">RACK &amp; PINION<\/span><\/li>\n<li class=\"li1\"><span class=\"s2\"> SCOTCH YOKE<\/span><\/li>\n<li>\n<p class=\"p1\"><span class=\"s1\">ELECTROHIDR\u00c1ULICO<\/span><\/p>\n<\/li>\n<li>\n<p class=\"p1\"><span class=\"s1\">EL\u00c9CTRICO<\/span><\/p>\n<\/li>\n<\/ul>\n<h5 class=\"p1\"><span class=\"s1\">\u00b7 ACCESORIOS DE AUTOMATIZACI\u00d3N<\/span><\/h5>\n<p><span class=\"s1\" style=\"font-size: 14px;\">POSICIONADORES<\/span><\/p>\n<p><span class=\"s1\">EFS Valves suministra posicionadores universales que brindan de alta precisi\u00f3n de posicionamiento. <\/span><span class=\"s1\">Montado en la parte superior en contacto con el actuador. con el mismo movimiento giratorio. <\/span><span class=\"s1\">Disponible para zonas peligrosas y clasificadas , SIL etc.<\/span><\/p>\n<ul>\n<li class=\"p1\">\n<h5><span class=\"s1\">SOLENOIDES ( electrovalvulas)<\/span><\/h5>\n<\/li>\n<li class=\"p1\"><span class=\"s1\">Conexi\u00f3n NAMUR seg\u00fan VDI \/ VDE 3845 disponible. Tipos de sensores: mec\u00e1nico \/ magn\u00e9tico \/ inductivo \/ neum\u00e1tico<\/span><\/li>\n<li class=\"p1\"><span class=\"s1\">Para simple \/ doble efecto; 5\/2 v\u00edas &#8211; (doble efecto) 3\/2 v\u00edas simple efecto<\/span><\/li>\n<li class=\"p1\"><span class=\"s1\">Rango de temperatura de trabajo: &#8211; 60\u00baC hasta + 80\u00baC.<\/span><\/li>\n<li class=\"p1\"><span class=\"s1\">DC \/ AC disponible.<\/span><\/li>\n<li class=\"p1\"><span class=\"s1\">Cuerpo de lat\u00f3n, aluminio o acero inox. <\/span><\/li>\n<li class=\"p1\"><span class=\"s1\">Protecci\u00f3n IP65-IP68.<\/span><\/li>\n<li class=\"p1\"><span class=\"s1\">ATEX<\/span><\/li>\n<li class=\"p1\"><span class=\"s1\">SIL<\/span><\/li>\n<\/ul>\n<h5><span class=\"s1\">\u00b7 ACESORIOS NEUM\u00c1TICOS<\/span><\/h5>\n<ul>\n<li class=\"p1\"><span class=\"s1\" style=\"font-size: 14px;\">V\u00e1lvulas solenoides 2\/2( electrovalvulas)<\/span><\/li>\n<li class=\"p1\"><span class=\"s1\" style=\"font-size: 14px;\">Regulador de filtro<\/span><\/li>\n<li class=\"p1\"><span class=\"s1\" style=\"font-size: 14px;\">Aumentador de presi\u00f3n(booster)<\/span><\/li>\n<li class=\"p1\"><span class=\"s1\" style=\"font-size: 14px;\">Conexion r\u00e1pido<\/span><\/li>\n<li class=\"p1\"><span class=\"s1\" style=\"font-size: 14px;\">Fusible t\u00e9rmico<\/span><\/li>\n<li class=\"p1\"><span class=\"s1\" style=\"font-size: 14px;\">Interruptores de presi\u00f3n<\/span><\/li>\n<li class=\"p1\"><span class=\"s1\" style=\"font-size: 14px;\">Las v\u00e1lvulas de alivio<\/span><\/li>\n<li class=\"p1\"><span class=\"s1\" style=\"font-size: 14px;\">Retencion v\u00e1lvulas<\/span><\/li>\n<li class=\"p1\"><span class=\"s1\" style=\"font-size: 14px;\">V\u00e1lvulas de bloqueo<\/span><\/li>\n<li class=\"p1\"><span class=\"s1\" style=\"font-size: 14px;\">Tanques de acumulaci\u00f3n<\/span><\/li>\n<\/ul>\n<p><span class=\"s1\" style=\"font-size: 14px;\">MANDO MANUAL DE EMERGENCIA<\/span><\/p>\n<p>PALANCA DE HOMBRE MUERTO<\/p>\n<ul>\n<li class=\"p1\"><span class=\"s1\">Disponible para actuadores de simple y doble efecto. La ubicaci\u00f3n los actuadores es entre el actuador y la valvula, para actuadores scotch joke se integran directamente ..El fabricante integra los dispositivos de anulaci\u00f3n manual de emergencia en los actuadores de yugo escoc\u00e9s dentro del actuador. En actuadores del tipo Scotch Yoke los dispositivos de emergencia quedan incluidos internamente desde fabrica del actuador.<\/span><\/li>\n<li>GEARS<\/li>\n<\/ul>\n<p><span class=\"s1\">SISTEMAS Y SKIDS<\/span><\/p>\n<ul>\n<li class=\"p1\"><span class=\"s1\">V\u00e1lvula de cierre de emergencia ESDV \/ SDV: v\u00e1lvula de cierre<\/span><\/li>\n<li class=\"p1\"><span class=\"s1\">V\u00e1lvulas de purga BDV<\/span><\/li>\n<li class=\"p1\"><span class=\"s1\">XV V\u00e1lvula de proceso<\/span><\/li>\n<li class=\"p1\"><span class=\"s1\">V\u00e1lvulas accionadas por motor MOV<\/span><\/li>\n<li class=\"p1\"><span class=\"s1\">Selector completo para valvulas de seguridad<\/span><\/li>\n<li class=\"p1\"><span class=\"s1\" style=\"font-size: 14px;\">Palanca de hombre muerto <\/span><\/li>\n<li class=\"p1\"><span class=\"s1\" style=\"font-size: 14px;\">Antipulsasiones<\/span><\/li>\n<\/ul>\n<p>[\/vc_column_text][\/vc_column_inner][\/vc_row_inner][\/vc_column][vc_column width=\u00bb5\/12&#8243; el_class=\u00bbclap-imagenes-antes-despues\u00bb][vc_row_inner][vc_column_inner][vc_single_image image=\u00bb4428&#8243; img_size=\u00bblarge\u00bb label=\u00bb\u00bb el_class=\u00bbmb-4&#8243;][\/vc_column_inner][\/vc_row_inner][vc_single_image image=\u00bb3900&#8243; img_size=\u00bbfull\u00bb el_class=\u00bbmb-4&#8243;][vc_separator][vc_single_image image=\u00bb4411&#8243; img_size=\u00bbfull\u00bb][\/vc_column][\/vc_row]<\/p>\n<\/div>","protected":false},"excerpt":{"rendered":"<p>[vc_row is_section=\u00bbyes\u00bb section_skin=\u00bbparallax\u00bb remove_margin_top=\u00bbyes\u00bb remove_margin_bottom=\u00bbyes\u00bb remove_border=\u00bbyes\u00bb][vc_column width=\u00bb7\/12&#8243;][vc_row_inner][vc_column_inner][vc_column_text css_animation=\u00bbfadeInUp\u00bb] CENTRO DE AUTOMATIZACI\u00d3N El centro de automatizaci\u00f3n EFSVALVES proporciona una amplia gama de soluciones en automatizaci\u00f3n de v\u00e1lvulas y soluciones personalizadas. \u00b7 ACTUADORES 90 GRADOS o ACTUADORES LINEALES NEUM\u00c1TICO (de doble efecto o simple efecto) RACK &amp; PINION SCOTCH YOKE ELECTROHIDR\u00c1ULICO EL\u00c9CTRICO \u00b7 ACCESORIOS DE AUTOMATIZACI\u00d3N POSICIONADORES [&hellip;]<\/p>\n","protected":false},"author":1,"featured_media":0,"parent":2260,"menu_order":0,"comment_status":"closed","ping_status":"closed","template":"","meta":{"_acf_changed":false,"footnotes":""},"class_list":["post-2265","page","type-page","status-publish","hentry"],"acf":[],"yoast_head":"<!-- This site is optimized with the Yoast SEO plugin v25.8 - https:\/\/yoast.com\/wordpress\/plugins\/seo\/ -->\n<title>Automatizaci\u00f3n de valvulas - Efsvalves<\/title>\n<meta name=\"robots\" content=\"index, follow, max-snippet:-1, max-image-preview:large, max-video-preview:-1\" \/>\n<link rel=\"canonical\" href=\"https:\/\/efsvalves.com\/es\/servicios\/centro-reparacion-de-valvulas\/\" \/>\n<meta property=\"og:locale\" content=\"es_ES\" \/>\n<meta property=\"og:type\" content=\"article\" \/>\n<meta property=\"og:title\" content=\"Automatizaci\u00f3n de valvulas - Efsvalves\" \/>\n<meta property=\"og:description\" content=\"[vc_row is_section=\u00bbyes\u00bb section_skin=\u00bbparallax\u00bb remove_margin_top=\u00bbyes\u00bb remove_margin_bottom=\u00bbyes\u00bb remove_border=\u00bbyes\u00bb][vc_column width=\u00bb7\/12&#8243;][vc_row_inner][vc_column_inner][vc_column_text css_animation=\u00bbfadeInUp\u00bb] CENTRO DE AUTOMATIZACI\u00d3N El centro de automatizaci\u00f3n EFSVALVES proporciona una amplia gama de soluciones en automatizaci\u00f3n de v\u00e1lvulas y soluciones personalizadas. \u00b7 ACTUADORES 90 GRADOS o ACTUADORES LINEALES NEUM\u00c1TICO (de doble efecto o simple efecto) RACK &amp; PINION SCOTCH YOKE ELECTROHIDR\u00c1ULICO EL\u00c9CTRICO \u00b7 ACCESORIOS DE AUTOMATIZACI\u00d3N POSICIONADORES [&hellip;]\" \/>\n<meta property=\"og:url\" content=\"https:\/\/efsvalves.com\/es\/servicios\/centro-reparacion-de-valvulas\/\" \/>\n<meta property=\"og:site_name\" content=\"Efsvalves\" \/>\n<meta property=\"article:modified_time\" content=\"2021-05-04T21:17:05+00:00\" \/>\n<meta name=\"twitter:card\" content=\"summary_large_image\" \/>\n<meta name=\"twitter:label1\" content=\"Tiempo de lectura\" \/>\n\t<meta name=\"twitter:data1\" content=\"2 minutos\" \/>\n<script type=\"application\/ld+json\" class=\"yoast-schema-graph\">{\"@context\":\"https:\/\/schema.org\",\"@graph\":[{\"@type\":\"WebPage\",\"@id\":\"https:\/\/efsvalves.com\/es\/servicios\/centro-reparacion-de-valvulas\/\",\"url\":\"https:\/\/efsvalves.com\/es\/servicios\/centro-reparacion-de-valvulas\/\",\"name\":\"Automatizaci\u00f3n de valvulas - Efsvalves\",\"isPartOf\":{\"@id\":\"https:\/\/efsvalves.com\/en\/#website\"},\"datePublished\":\"2019-05-30T15:35:22+00:00\",\"dateModified\":\"2021-05-04T21:17:05+00:00\",\"breadcrumb\":{\"@id\":\"https:\/\/efsvalves.com\/es\/servicios\/centro-reparacion-de-valvulas\/#breadcrumb\"},\"inLanguage\":\"es\",\"potentialAction\":[{\"@type\":\"ReadAction\",\"target\":[\"https:\/\/efsvalves.com\/es\/servicios\/centro-reparacion-de-valvulas\/\"]}]},{\"@type\":\"BreadcrumbList\",\"@id\":\"https:\/\/efsvalves.com\/es\/servicios\/centro-reparacion-de-valvulas\/#breadcrumb\",\"itemListElement\":[{\"@type\":\"ListItem\",\"position\":1,\"name\":\"Portada\",\"item\":\"https:\/\/efsvalves.com\/en\/\"},{\"@type\":\"ListItem\",\"position\":2,\"name\":\"Servicios\",\"item\":\"https:\/\/efsvalves.com\/en\/services\/\"},{\"@type\":\"ListItem\",\"position\":3,\"name\":\"Automatizaci\u00f3n de valvulas\"}]},{\"@type\":\"WebSite\",\"@id\":\"https:\/\/efsvalves.com\/en\/#website\",\"url\":\"https:\/\/efsvalves.com\/en\/\",\"name\":\"Efsvalves\",\"description\":\"Distribuci\u00f3n de v\u00e1lvulas industriales\",\"publisher\":{\"@id\":\"https:\/\/efsvalves.com\/en\/#organization\"},\"potentialAction\":[{\"@type\":\"SearchAction\",\"target\":{\"@type\":\"EntryPoint\",\"urlTemplate\":\"https:\/\/efsvalves.com\/en\/?s={search_term_string}\"},\"query-input\":{\"@type\":\"PropertyValueSpecification\",\"valueRequired\":true,\"valueName\":\"search_term_string\"}}],\"inLanguage\":\"es\"},{\"@type\":\"Organization\",\"@id\":\"https:\/\/efsvalves.com\/en\/#organization\",\"name\":\"EFS Valves\",\"url\":\"https:\/\/efsvalves.com\/en\/\",\"logo\":{\"@type\":\"ImageObject\",\"inLanguage\":\"es\",\"@id\":\"https:\/\/efsvalves.com\/en\/#\/schema\/logo\/image\/\",\"url\":\"https:\/\/efsvalves.com\/wp-content\/uploads\/2020\/02\/EFSVALVES.jpg\",\"contentUrl\":\"https:\/\/efsvalves.com\/wp-content\/uploads\/2020\/02\/EFSVALVES.jpg\",\"width\":1786,\"height\":168,\"caption\":\"EFS Valves\"},\"image\":{\"@id\":\"https:\/\/efsvalves.com\/en\/#\/schema\/logo\/image\/\"},\"sameAs\":[\"https:\/\/www.linkedin.com\/company\/1695688\/\"]}]}<\/script>\n<!-- \/ Yoast SEO plugin. -->","yoast_head_json":{"title":"Automatizaci\u00f3n de valvulas - Efsvalves","robots":{"index":"index","follow":"follow","max-snippet":"max-snippet:-1","max-image-preview":"max-image-preview:large","max-video-preview":"max-video-preview:-1"},"canonical":"https:\/\/efsvalves.com\/es\/servicios\/centro-reparacion-de-valvulas\/","og_locale":"es_ES","og_type":"article","og_title":"Automatizaci\u00f3n de valvulas - Efsvalves","og_description":"[vc_row is_section=\u00bbyes\u00bb section_skin=\u00bbparallax\u00bb remove_margin_top=\u00bbyes\u00bb remove_margin_bottom=\u00bbyes\u00bb remove_border=\u00bbyes\u00bb][vc_column width=\u00bb7\/12&#8243;][vc_row_inner][vc_column_inner][vc_column_text css_animation=\u00bbfadeInUp\u00bb] CENTRO DE AUTOMATIZACI\u00d3N El centro de automatizaci\u00f3n EFSVALVES proporciona una amplia gama de soluciones en automatizaci\u00f3n de v\u00e1lvulas y soluciones personalizadas. \u00b7 ACTUADORES 90 GRADOS o ACTUADORES LINEALES NEUM\u00c1TICO (de doble efecto o simple efecto) RACK &amp; PINION SCOTCH YOKE ELECTROHIDR\u00c1ULICO EL\u00c9CTRICO \u00b7 ACCESORIOS DE AUTOMATIZACI\u00d3N POSICIONADORES [&hellip;]","og_url":"https:\/\/efsvalves.com\/es\/servicios\/centro-reparacion-de-valvulas\/","og_site_name":"Efsvalves","article_modified_time":"2021-05-04T21:17:05+00:00","twitter_card":"summary_large_image","twitter_misc":{"Tiempo de lectura":"2 minutos"},"schema":{"@context":"https:\/\/schema.org","@graph":[{"@type":"WebPage","@id":"https:\/\/efsvalves.com\/es\/servicios\/centro-reparacion-de-valvulas\/","url":"https:\/\/efsvalves.com\/es\/servicios\/centro-reparacion-de-valvulas\/","name":"Automatizaci\u00f3n de valvulas - Efsvalves","isPartOf":{"@id":"https:\/\/efsvalves.com\/en\/#website"},"datePublished":"2019-05-30T15:35:22+00:00","dateModified":"2021-05-04T21:17:05+00:00","breadcrumb":{"@id":"https:\/\/efsvalves.com\/es\/servicios\/centro-reparacion-de-valvulas\/#breadcrumb"},"inLanguage":"es","potentialAction":[{"@type":"ReadAction","target":["https:\/\/efsvalves.com\/es\/servicios\/centro-reparacion-de-valvulas\/"]}]},{"@type":"BreadcrumbList","@id":"https:\/\/efsvalves.com\/es\/servicios\/centro-reparacion-de-valvulas\/#breadcrumb","itemListElement":[{"@type":"ListItem","position":1,"name":"Portada","item":"https:\/\/efsvalves.com\/en\/"},{"@type":"ListItem","position":2,"name":"Servicios","item":"https:\/\/efsvalves.com\/en\/services\/"},{"@type":"ListItem","position":3,"name":"Automatizaci\u00f3n de valvulas"}]},{"@type":"WebSite","@id":"https:\/\/efsvalves.com\/en\/#website","url":"https:\/\/efsvalves.com\/en\/","name":"Efsvalves","description":"Distribuci\u00f3n de v\u00e1lvulas industriales","publisher":{"@id":"https:\/\/efsvalves.com\/en\/#organization"},"potentialAction":[{"@type":"SearchAction","target":{"@type":"EntryPoint","urlTemplate":"https:\/\/efsvalves.com\/en\/?s={search_term_string}"},"query-input":{"@type":"PropertyValueSpecification","valueRequired":true,"valueName":"search_term_string"}}],"inLanguage":"es"},{"@type":"Organization","@id":"https:\/\/efsvalves.com\/en\/#organization","name":"EFS Valves","url":"https:\/\/efsvalves.com\/en\/","logo":{"@type":"ImageObject","inLanguage":"es","@id":"https:\/\/efsvalves.com\/en\/#\/schema\/logo\/image\/","url":"https:\/\/efsvalves.com\/wp-content\/uploads\/2020\/02\/EFSVALVES.jpg","contentUrl":"https:\/\/efsvalves.com\/wp-content\/uploads\/2020\/02\/EFSVALVES.jpg","width":1786,"height":168,"caption":"EFS Valves"},"image":{"@id":"https:\/\/efsvalves.com\/en\/#\/schema\/logo\/image\/"},"sameAs":["https:\/\/www.linkedin.com\/company\/1695688\/"]}]}},"_links":{"self":[{"href":"https:\/\/efsvalves.com\/es\/wp-json\/wp\/v2\/pages\/2265","targetHints":{"allow":["GET"]}}],"collection":[{"href":"https:\/\/efsvalves.com\/es\/wp-json\/wp\/v2\/pages"}],"about":[{"href":"https:\/\/efsvalves.com\/es\/wp-json\/wp\/v2\/types\/page"}],"author":[{"embeddable":true,"href":"https:\/\/efsvalves.com\/es\/wp-json\/wp\/v2\/users\/1"}],"replies":[{"embeddable":true,"href":"https:\/\/efsvalves.com\/es\/wp-json\/wp\/v2\/comments?post=2265"}],"version-history":[{"count":46,"href":"https:\/\/efsvalves.com\/es\/wp-json\/wp\/v2\/pages\/2265\/revisions"}],"predecessor-version":[{"id":2571,"href":"https:\/\/efsvalves.com\/es\/wp-json\/wp\/v2\/pages\/2265\/revisions\/2571"}],"up":[{"embeddable":true,"href":"https:\/\/efsvalves.com\/es\/wp-json\/wp\/v2\/pages\/2260"}],"wp:attachment":[{"href":"https:\/\/efsvalves.com\/es\/wp-json\/wp\/v2\/media?parent=2265"}],"curies":[{"name":"wp","href":"https:\/\/api.w.org\/{rel}","templated":true}]}}