{"id":2269,"date":"2019-05-30T17:36:31","date_gmt":"2019-05-30T15:36:31","guid":{"rendered":"http:\/\/efsvalves.com\/?page_id=2269"},"modified":"2019-06-24T14:18:46","modified_gmt":"2019-06-24T12:18:46","slug":"departamento-de-proyectos","status":"publish","type":"page","link":"https:\/\/efsvalves.com\/es\/servicios\/departamento-de-proyectos\/","title":{"rendered":"Departamento de Proyectos"},"content":{"rendered":"<div class=\"wpb-content-wrapper\"><p>[vc_row][vc_column][vc_column_text]Muchos de nuestro clientes alrededor del mundo, especialmente en el sector petrolero, petroqu\u00edmico y marino requiere un servicio adicional para sus proyectos, nuestro departamento de proyectos puede proveer un servicio integral a nuestros clientes. Hemos desarrollado nuestro equipos de proyectos para manejar cada proyecto de des un dise\u00f1o inicial, suministro de materia prima, empaquetacion auxiliar, inspecciones, servicio post-venta.[\/vc_column_text][\/vc_column][\/vc_row][vc_row el_class=\u00bbclap-proyectos-tres-imagenes\u00bb][vc_column width=\u00bb1\/3&#8243;][vc_single_image image=\u00bb2985&#8243; img_size=\u00bbfull\u00bb alignment=\u00bbcenter\u00bb][\/vc_column][vc_column width=\u00bb1\/3&#8243;][vc_single_image image=\u00bb2983&#8243; img_size=\u00bbfull\u00bb alignment=\u00bbcenter\u00bb][\/vc_column][vc_column width=\u00bb1\/3&#8243;][vc_single_image image=\u00bb2981&#8243; img_size=\u00bbfull\u00bb alignment=\u00bbcenter\u00bb][\/vc_column][\/vc_row][vc_row el_class=\u00bbclap-proyectos-item-row\u00bb][vc_column width=\u00bb1\/4&#8243; el_class=\u00bbclap-proyectos-item-izqda\u00bb][vc_column_text css=\u00bb.vc_custom_1561378442375{background-image: url(https:\/\/efsvalves.com\/wp-content\/uploads\/2019\/06\/history-thumb.png?id=2970) !important;}\u00bb]Requerimientos<br \/>\npara cotizar[\/vc_column_text][vc_column_text el_class=\u00bbtexto-mobile\u00bb]Requerimientos para cotizar[\/vc_column_text][\/vc_column][vc_column width=\u00bb3\/4&#8243; el_class=\u00bbclap-proyectos-item-derecha\u00bb][vc_column_text]Evaluacion ficha tecnica &#8211; seleccion producto<\/p>\n<p>MR-VDDR-VDDL- Contratos,\u00a0avales[\/vc_column_text][\/vc_column][\/vc_row][vc_row el_class=\u00bbclap-proyectos-item-row\u00bb][vc_column width=\u00bb1\/4&#8243; el_class=\u00bbclap-proyectos-item-izqda\u00bb][vc_column_text css=\u00bb.vc_custom_1561214657460{background-image: url(https:\/\/efsvalves.com\/wp-content\/uploads\/2019\/06\/history-thumb.png?id=2970) !important;}\u00bb]Pedido de<br \/>\nventa[\/vc_column_text][vc_column_text el_class=\u00bbtexto-mobile\u00bb]Pedido de venta[\/vc_column_text][\/vc_column][vc_column width=\u00bb3\/4&#8243; el_class=\u00bbclap-proyectos-item-derecha\u00bb][vc_column_text]Acuse de pedido de venta<\/p>\n<p>Reunion de arranque (K.O.M.). Cronograma de avance, deficion del ppna de calidad ITP[\/vc_column_text][\/vc_column][\/vc_row][vc_row el_class=\u00bbclap-proyectos-item-row\u00bb][vc_column width=\u00bb1\/4&#8243; el_class=\u00bbclap-proyectos-item-izqda\u00bb][vc_column_text css=\u00bb.vc_custom_1561214670186{background-image: url(https:\/\/efsvalves.com\/wp-content\/uploads\/2019\/06\/history-thumb.png?id=2970) !important;}\u00bb]Estado del<br \/>\nproyecto[\/vc_column_text][vc_column_text el_class=\u00bbtexto-mobile\u00bb]Estado del proyecto[\/vc_column_text][\/vc_column][vc_column width=\u00bb3\/4&#8243; el_class=\u00bbclap-proyectos-item-derecha\u00bb][vc_column_text]Reuni\u00f3n previa a fabricaci\u00f3n, reuni\u00f3n seguimento proyecto<\/p>\n<p>Implementaci\u00f3n del plan de calidad[\/vc_column_text][\/vc_column][\/vc_row][vc_row el_class=\u00bbclap-proyectos-item-row\u00bb][vc_column width=\u00bb1\/4&#8243; el_class=\u00bbclap-proyectos-item-izqda\u00bb][vc_column_text css=\u00bb.vc_custom_1561378281580{background-image: url(https:\/\/efsvalves.com\/wp-content\/uploads\/2019\/06\/history-thumb.png?id=2970) !important;}\u00bb]Inspecci\u00f3n y<br \/>\ncomprobaci\u00f3n<br \/>\ndel alcance[\/vc_column_text][vc_column_text el_class=\u00bbtexto-mobile\u00bb]Inspecci\u00f3n y comprobaci\u00f3n del alcance[\/vc_column_text][\/vc_column][vc_column width=\u00bb3\/4&#8243; el_class=\u00bbclap-proyectos-item-derecha\u00bb][vc_column_text]Ensamblage, pintura<\/p>\n<p>Ensayos NDT<\/p>\n<p>Aprovaci\u00f3n, inspecci\u00f3n y comprovaci\u00f3n<\/p>\n<p>Inspecci\u00f3n final del embalaje[\/vc_column_text][\/vc_column][\/vc_row][vc_row el_class=\u00bbclap-proyectos-item-row\u00bb][vc_column width=\u00bb1\/4&#8243; el_class=\u00bbclap-proyectos-item-izqda\u00bb][vc_column_text css=\u00bb.vc_custom_1561214709433{background-image: url(https:\/\/efsvalves.com\/wp-content\/uploads\/2019\/06\/history-thumb.png?id=2970) !important;}\u00bb]Documentos<br \/>\ny log\u00edstica[\/vc_column_text][vc_column_text el_class=\u00bbtexto-mobile\u00bb]Documentos y log\u00edstica[\/vc_column_text][\/vc_column][vc_column width=\u00bb3\/4&#8243; el_class=\u00bbclap-proyectos-item-derecha\u00bb][vc_column_text]Libro final del proyecto<\/p>\n<p>Servicio log\u00edstico<\/p>\n<p>Despacho de aduana<\/p>\n<p>Env\u00edo[\/vc_column_text][\/vc_column][\/vc_row][vc_row el_class=\u00bbclap-proyectos-item-row\u00bb][vc_column width=\u00bb1\/4&#8243; el_class=\u00bbclap-proyectos-item-izqda\u00bb][vc_column_text css=\u00bb.vc_custom_1561214724321{background-image: url(https:\/\/efsvalves.com\/wp-content\/uploads\/2019\/06\/history-thumb.png?id=2970) !important;}\u00bb]Final de<br \/>\nproyecto[\/vc_column_text][vc_column_text el_class=\u00bbtexto-mobile\u00bb]Final del proyecto[\/vc_column_text][\/vc_column][vc_column width=\u00bb3\/4&#8243; el_class=\u00bbclap-proyectos-item-derecha\u00bb][vc_column_text]Puesta en marcha<\/p>\n<p>Servicio post-venta<\/p>\n<p>Formaci\u00f3n[\/vc_column_text][\/vc_column][\/vc_row]<\/p>\n<\/div>","protected":false},"excerpt":{"rendered":"<p>[vc_row][vc_column][vc_column_text]Muchos de nuestro clientes alrededor del mundo, especialmente en el sector petrolero, petroqu\u00edmico y marino requiere un servicio adicional para sus proyectos, nuestro departamento de proyectos puede proveer un servicio integral a nuestros clientes. Hemos desarrollado nuestro equipos de proyectos para manejar cada proyecto de des un dise\u00f1o inicial, suministro de materia prima, empaquetacion auxiliar, [&hellip;]<\/p>\n","protected":false},"author":1,"featured_media":0,"parent":2260,"menu_order":0,"comment_status":"closed","ping_status":"closed","template":"","meta":{"_acf_changed":false,"footnotes":""},"class_list":["post-2269","page","type-page","status-publish","hentry"],"acf":[],"yoast_head":"<!-- This site is optimized with the Yoast SEO plugin v25.8 - https:\/\/yoast.com\/wordpress\/plugins\/seo\/ -->\n<title>Departamento de Proyectos - Efsvalves<\/title>\n<meta name=\"robots\" content=\"index, follow, max-snippet:-1, max-image-preview:large, max-video-preview:-1\" \/>\n<link rel=\"canonical\" href=\"https:\/\/efsvalves.com\/en\/services\/project-department\/\" \/>\n<meta property=\"og:locale\" content=\"es_ES\" \/>\n<meta property=\"og:type\" content=\"article\" \/>\n<meta property=\"og:title\" content=\"Departamento de Proyectos - Efsvalves\" \/>\n<meta property=\"og:description\" content=\"[vc_row][vc_column][vc_column_text]Muchos de nuestro clientes alrededor del mundo, especialmente en el sector petrolero, petroqu\u00edmico y marino requiere un servicio adicional para sus proyectos, nuestro departamento de proyectos puede proveer un servicio integral a nuestros clientes. Hemos desarrollado nuestro equipos de proyectos para manejar cada proyecto de des un dise\u00f1o inicial, suministro de materia prima, empaquetacion auxiliar, [&hellip;]\" \/>\n<meta property=\"og:url\" content=\"https:\/\/efsvalves.com\/en\/services\/project-department\/\" \/>\n<meta property=\"og:site_name\" content=\"Efsvalves\" \/>\n<meta property=\"article:modified_time\" content=\"2019-06-24T12:18:46+00:00\" \/>\n<meta name=\"twitter:card\" content=\"summary_large_image\" \/>\n<meta name=\"twitter:label1\" content=\"Tiempo de lectura\" \/>\n\t<meta name=\"twitter:data1\" content=\"3 minutos\" \/>\n<script type=\"application\/ld+json\" class=\"yoast-schema-graph\">{\"@context\":\"https:\/\/schema.org\",\"@graph\":[{\"@type\":\"WebPage\",\"@id\":\"https:\/\/efsvalves.com\/en\/services\/project-department\/\",\"url\":\"https:\/\/efsvalves.com\/en\/services\/project-department\/\",\"name\":\"Departamento de Proyectos - Efsvalves\",\"isPartOf\":{\"@id\":\"https:\/\/efsvalves.com\/en\/#website\"},\"datePublished\":\"2019-05-30T15:36:31+00:00\",\"dateModified\":\"2019-06-24T12:18:46+00:00\",\"breadcrumb\":{\"@id\":\"https:\/\/efsvalves.com\/en\/services\/project-department\/#breadcrumb\"},\"inLanguage\":\"es\",\"potentialAction\":[{\"@type\":\"ReadAction\",\"target\":[\"https:\/\/efsvalves.com\/en\/services\/project-department\/\"]}]},{\"@type\":\"BreadcrumbList\",\"@id\":\"https:\/\/efsvalves.com\/en\/services\/project-department\/#breadcrumb\",\"itemListElement\":[{\"@type\":\"ListItem\",\"position\":1,\"name\":\"Portada\",\"item\":\"https:\/\/efsvalves.com\/en\/\"},{\"@type\":\"ListItem\",\"position\":2,\"name\":\"Servicios\",\"item\":\"https:\/\/efsvalves.com\/en\/services\/\"},{\"@type\":\"ListItem\",\"position\":3,\"name\":\"Departamento de Proyectos\"}]},{\"@type\":\"WebSite\",\"@id\":\"https:\/\/efsvalves.com\/en\/#website\",\"url\":\"https:\/\/efsvalves.com\/en\/\",\"name\":\"Efsvalves\",\"description\":\"Distribuci\u00f3n de v\u00e1lvulas industriales\",\"publisher\":{\"@id\":\"https:\/\/efsvalves.com\/en\/#organization\"},\"potentialAction\":[{\"@type\":\"SearchAction\",\"target\":{\"@type\":\"EntryPoint\",\"urlTemplate\":\"https:\/\/efsvalves.com\/en\/?s={search_term_string}\"},\"query-input\":{\"@type\":\"PropertyValueSpecification\",\"valueRequired\":true,\"valueName\":\"search_term_string\"}}],\"inLanguage\":\"es\"},{\"@type\":\"Organization\",\"@id\":\"https:\/\/efsvalves.com\/en\/#organization\",\"name\":\"EFS Valves\",\"url\":\"https:\/\/efsvalves.com\/en\/\",\"logo\":{\"@type\":\"ImageObject\",\"inLanguage\":\"es\",\"@id\":\"https:\/\/efsvalves.com\/en\/#\/schema\/logo\/image\/\",\"url\":\"https:\/\/efsvalves.com\/wp-content\/uploads\/2020\/02\/EFSVALVES.jpg\",\"contentUrl\":\"https:\/\/efsvalves.com\/wp-content\/uploads\/2020\/02\/EFSVALVES.jpg\",\"width\":1786,\"height\":168,\"caption\":\"EFS Valves\"},\"image\":{\"@id\":\"https:\/\/efsvalves.com\/en\/#\/schema\/logo\/image\/\"},\"sameAs\":[\"https:\/\/www.linkedin.com\/company\/1695688\/\"]}]}<\/script>\n<!-- \/ Yoast SEO plugin. -->","yoast_head_json":{"title":"Departamento de Proyectos - Efsvalves","robots":{"index":"index","follow":"follow","max-snippet":"max-snippet:-1","max-image-preview":"max-image-preview:large","max-video-preview":"max-video-preview:-1"},"canonical":"https:\/\/efsvalves.com\/en\/services\/project-department\/","og_locale":"es_ES","og_type":"article","og_title":"Departamento de Proyectos - Efsvalves","og_description":"[vc_row][vc_column][vc_column_text]Muchos de nuestro clientes alrededor del mundo, especialmente en el sector petrolero, petroqu\u00edmico y marino requiere un servicio adicional para sus proyectos, nuestro departamento de proyectos puede proveer un servicio integral a nuestros clientes. Hemos desarrollado nuestro equipos de proyectos para manejar cada proyecto de des un dise\u00f1o inicial, suministro de materia prima, empaquetacion auxiliar, [&hellip;]","og_url":"https:\/\/efsvalves.com\/en\/services\/project-department\/","og_site_name":"Efsvalves","article_modified_time":"2019-06-24T12:18:46+00:00","twitter_card":"summary_large_image","twitter_misc":{"Tiempo de lectura":"3 minutos"},"schema":{"@context":"https:\/\/schema.org","@graph":[{"@type":"WebPage","@id":"https:\/\/efsvalves.com\/en\/services\/project-department\/","url":"https:\/\/efsvalves.com\/en\/services\/project-department\/","name":"Departamento de Proyectos - Efsvalves","isPartOf":{"@id":"https:\/\/efsvalves.com\/en\/#website"},"datePublished":"2019-05-30T15:36:31+00:00","dateModified":"2019-06-24T12:18:46+00:00","breadcrumb":{"@id":"https:\/\/efsvalves.com\/en\/services\/project-department\/#breadcrumb"},"inLanguage":"es","potentialAction":[{"@type":"ReadAction","target":["https:\/\/efsvalves.com\/en\/services\/project-department\/"]}]},{"@type":"BreadcrumbList","@id":"https:\/\/efsvalves.com\/en\/services\/project-department\/#breadcrumb","itemListElement":[{"@type":"ListItem","position":1,"name":"Portada","item":"https:\/\/efsvalves.com\/en\/"},{"@type":"ListItem","position":2,"name":"Servicios","item":"https:\/\/efsvalves.com\/en\/services\/"},{"@type":"ListItem","position":3,"name":"Departamento de Proyectos"}]},{"@type":"WebSite","@id":"https:\/\/efsvalves.com\/en\/#website","url":"https:\/\/efsvalves.com\/en\/","name":"Efsvalves","description":"Distribuci\u00f3n de v\u00e1lvulas industriales","publisher":{"@id":"https:\/\/efsvalves.com\/en\/#organization"},"potentialAction":[{"@type":"SearchAction","target":{"@type":"EntryPoint","urlTemplate":"https:\/\/efsvalves.com\/en\/?s={search_term_string}"},"query-input":{"@type":"PropertyValueSpecification","valueRequired":true,"valueName":"search_term_string"}}],"inLanguage":"es"},{"@type":"Organization","@id":"https:\/\/efsvalves.com\/en\/#organization","name":"EFS Valves","url":"https:\/\/efsvalves.com\/en\/","logo":{"@type":"ImageObject","inLanguage":"es","@id":"https:\/\/efsvalves.com\/en\/#\/schema\/logo\/image\/","url":"https:\/\/efsvalves.com\/wp-content\/uploads\/2020\/02\/EFSVALVES.jpg","contentUrl":"https:\/\/efsvalves.com\/wp-content\/uploads\/2020\/02\/EFSVALVES.jpg","width":1786,"height":168,"caption":"EFS Valves"},"image":{"@id":"https:\/\/efsvalves.com\/en\/#\/schema\/logo\/image\/"},"sameAs":["https:\/\/www.linkedin.com\/company\/1695688\/"]}]}},"_links":{"self":[{"href":"https:\/\/efsvalves.com\/es\/wp-json\/wp\/v2\/pages\/2269","targetHints":{"allow":["GET"]}}],"collection":[{"href":"https:\/\/efsvalves.com\/es\/wp-json\/wp\/v2\/pages"}],"about":[{"href":"https:\/\/efsvalves.com\/es\/wp-json\/wp\/v2\/types\/page"}],"author":[{"embeddable":true,"href":"https:\/\/efsvalves.com\/es\/wp-json\/wp\/v2\/users\/1"}],"replies":[{"embeddable":true,"href":"https:\/\/efsvalves.com\/es\/wp-json\/wp\/v2\/comments?post=2269"}],"version-history":[{"count":21,"href":"https:\/\/efsvalves.com\/es\/wp-json\/wp\/v2\/pages\/2269\/revisions"}],"predecessor-version":[{"id":2995,"href":"https:\/\/efsvalves.com\/es\/wp-json\/wp\/v2\/pages\/2269\/revisions\/2995"}],"up":[{"embeddable":true,"href":"https:\/\/efsvalves.com\/es\/wp-json\/wp\/v2\/pages\/2260"}],"wp:attachment":[{"href":"https:\/\/efsvalves.com\/es\/wp-json\/wp\/v2\/media?parent=2269"}],"curies":[{"name":"wp","href":"https:\/\/api.w.org\/{rel}","templated":true}]}}