{"id":3948,"date":"2020-12-15T23:04:13","date_gmt":"2020-12-15T22:04:13","guid":{"rendered":"http:\/\/efsvalves.com\/?page_id=3948"},"modified":"2020-12-15T23:04:32","modified_gmt":"2020-12-15T22:04:32","slug":"centro-de-reparacion-y-taller-de-valvulas","status":"publish","type":"page","link":"https:\/\/efsvalves.com\/es\/servicios\/centro-de-reparacion-y-taller-de-valvulas\/","title":{"rendered":"Centro de reparaci\u00f3n y taller de valvulas"},"content":{"rendered":"<div class=\"wpb-content-wrapper\"><p>[vc_row][vc_column][vc_row_inner][vc_column_inner width=\u00bb1\/2&#8243;][vc_column_text]<\/p>\n<h3 class=\"p1\"><span class=\"s1\">CENTRO DE SERVICIO<\/span><\/h3>\n<p>&nbsp;<\/p>\n<p class=\"p1\"><span class=\"s1\"><b>Camera de<span class=\"Apple-converted-space\">\u00a0 <\/span>calentamiento para v\u00e1lvulas<\/b><\/span><\/p>\n<p class=\"p1\"><span class=\"s1\"><b>Alargamiento<span class=\"Apple-converted-space\">\u00a0 <\/span>del eje de la v\u00e1lvula para alta o baja temperatura<\/b><\/span><\/p>\n<p class=\"p1\"><span class=\"s1\"><b>Servicio y reparaci\u00f3n de v\u00e1lvulas de alivio y seguridad<\/b><\/span><\/p>\n<h5>Pintura especial para valvulas C3, C4, C5 etc, recubrimientos de valvulas\u00a0 en PTFE, Teflon\u00ae\u00a0 EFCTE , HALAR\u00ae<\/h5>\n<p>&nbsp;<\/p>\n<p>El centro de servicio EFS VALVES, tiene como objetivo proporcionar: un servicio r\u00e1pido, profesional y confiable a nuestros clientes de una manera agradable<\/p>\n<p>Nuestro personal cualificado evaluar\u00e1 e informar\u00e1 sobre la mejor soluci\u00f3n antes de la reparaci\u00f3n, as\u00ed podr\u00edan organizar la recogida y entrega de la v\u00e1lvula despu\u00e9s de la reparaci\u00f3n con garant\u00eda, con certificaci\u00f3n, con inspecci\u00f3n, con informe de calidad, etc.<br \/>\nNuestros servicios son:<\/p>\n<ul>\n<li class=\"p1\"><span class=\"s1\">Prueba de v\u00e1lvula (ajuste de fuga de presi\u00f3n)<\/span><\/li>\n<li>Revisi\u00f3n de la v\u00e1lvula<\/li>\n<li>Desengrasado<\/li>\n<li>Inspecci\u00f3n visual, inspecci\u00f3n de corrosi\u00f3n, reparar, restaurar o reemplazar<\/li>\n<li>Chorreo del asiento de la v\u00e1lvula.<\/li>\n<li>Servicio de juntas, prueba de presi\u00f3n \/ prueba de burbujas \/ prueba de fugas del asiento y retirar la presi\u00f3n en las v\u00e1lvulas de seguridad<\/li>\n<li>Modificaci\u00f3n de la v\u00e1lvula<\/li>\n<li>Plan de calidad de la reparaci\u00f3n<\/li>\n<li>Tercera parte para la inspecci\u00f3n<\/li>\n<li>\u00a0Documentaci\u00f3n y gesti\u00f3n de registros.<\/li>\n<\/ul>\n<p>[\/vc_column_text][\/vc_column_inner][vc_column_inner width=\u00bb1\/2&#8243;][vc_single_image image=\u00bb3913&#8243; img_size=\u00bbfull\u00bb label=\u00bb\u00bb][vc_single_image image=\u00bb3915&#8243; img_size=\u00bbfull\u00bb label=\u00bb\u00bb][\/vc_column_inner][\/vc_row_inner][\/vc_column][\/vc_row]<\/p>\n<\/div>","protected":false},"excerpt":{"rendered":"<p>[vc_row][vc_column][vc_row_inner][vc_column_inner width=\u00bb1\/2&#8243;][vc_column_text] CENTRO DE SERVICIO &nbsp; Camera de\u00a0 calentamiento para v\u00e1lvulas Alargamiento\u00a0 del eje de la v\u00e1lvula para alta o baja temperatura Servicio y reparaci\u00f3n de v\u00e1lvulas de alivio y seguridad Pintura especial para valvulas C3, C4, C5 etc, recubrimientos de valvulas\u00a0 en PTFE, Teflon\u00ae\u00a0 EFCTE , HALAR\u00ae &nbsp; El centro de servicio EFS VALVES, [&hellip;]<\/p>\n","protected":false},"author":1,"featured_media":0,"parent":2260,"menu_order":0,"comment_status":"closed","ping_status":"closed","template":"","meta":{"_acf_changed":false,"footnotes":""},"class_list":["post-3948","page","type-page","status-publish","hentry"],"acf":[],"yoast_head":"<!-- This site is optimized with the Yoast SEO plugin v25.8 - https:\/\/yoast.com\/wordpress\/plugins\/seo\/ -->\n<title>Centro de reparaci\u00f3n y taller de valvulas - Efsvalves<\/title>\n<meta name=\"robots\" content=\"index, follow, max-snippet:-1, max-image-preview:large, max-video-preview:-1\" \/>\n<link rel=\"canonical\" href=\"https:\/\/efsvalves.com\/es\/servicios\/centro-de-reparacion-y-taller-de-valvulas\/\" \/>\n<meta property=\"og:locale\" content=\"es_ES\" \/>\n<meta property=\"og:type\" content=\"article\" \/>\n<meta property=\"og:title\" content=\"Centro de reparaci\u00f3n y taller de valvulas - Efsvalves\" \/>\n<meta property=\"og:description\" content=\"[vc_row][vc_column][vc_row_inner][vc_column_inner width=\u00bb1\/2&#8243;][vc_column_text] CENTRO DE SERVICIO &nbsp; Camera de\u00a0 calentamiento para v\u00e1lvulas Alargamiento\u00a0 del eje de la v\u00e1lvula para alta o baja temperatura Servicio y reparaci\u00f3n de v\u00e1lvulas de alivio y seguridad Pintura especial para valvulas C3, C4, C5 etc, recubrimientos de valvulas\u00a0 en PTFE, Teflon\u00ae\u00a0 EFCTE , HALAR\u00ae &nbsp; El centro de servicio EFS VALVES, [&hellip;]\" \/>\n<meta property=\"og:url\" content=\"https:\/\/efsvalves.com\/es\/servicios\/centro-de-reparacion-y-taller-de-valvulas\/\" \/>\n<meta property=\"og:site_name\" content=\"Efsvalves\" \/>\n<meta property=\"article:modified_time\" content=\"2020-12-15T22:04:32+00:00\" \/>\n<meta name=\"twitter:card\" content=\"summary_large_image\" \/>\n<meta name=\"twitter:label1\" content=\"Tiempo de lectura\" \/>\n\t<meta name=\"twitter:data1\" content=\"1 minuto\" \/>\n<script type=\"application\/ld+json\" class=\"yoast-schema-graph\">{\"@context\":\"https:\/\/schema.org\",\"@graph\":[{\"@type\":\"WebPage\",\"@id\":\"https:\/\/efsvalves.com\/es\/servicios\/centro-de-reparacion-y-taller-de-valvulas\/\",\"url\":\"https:\/\/efsvalves.com\/es\/servicios\/centro-de-reparacion-y-taller-de-valvulas\/\",\"name\":\"Centro de reparaci\u00f3n y taller de valvulas - Efsvalves\",\"isPartOf\":{\"@id\":\"https:\/\/efsvalves.com\/en\/#website\"},\"datePublished\":\"2020-12-15T22:04:13+00:00\",\"dateModified\":\"2020-12-15T22:04:32+00:00\",\"breadcrumb\":{\"@id\":\"https:\/\/efsvalves.com\/es\/servicios\/centro-de-reparacion-y-taller-de-valvulas\/#breadcrumb\"},\"inLanguage\":\"es\",\"potentialAction\":[{\"@type\":\"ReadAction\",\"target\":[\"https:\/\/efsvalves.com\/es\/servicios\/centro-de-reparacion-y-taller-de-valvulas\/\"]}]},{\"@type\":\"BreadcrumbList\",\"@id\":\"https:\/\/efsvalves.com\/es\/servicios\/centro-de-reparacion-y-taller-de-valvulas\/#breadcrumb\",\"itemListElement\":[{\"@type\":\"ListItem\",\"position\":1,\"name\":\"Portada\",\"item\":\"https:\/\/efsvalves.com\/en\/\"},{\"@type\":\"ListItem\",\"position\":2,\"name\":\"Servicios\",\"item\":\"https:\/\/efsvalves.com\/en\/services\/\"},{\"@type\":\"ListItem\",\"position\":3,\"name\":\"Centro de reparaci\u00f3n y taller de valvulas\"}]},{\"@type\":\"WebSite\",\"@id\":\"https:\/\/efsvalves.com\/en\/#website\",\"url\":\"https:\/\/efsvalves.com\/en\/\",\"name\":\"Efsvalves\",\"description\":\"Distribuci\u00f3n de v\u00e1lvulas industriales\",\"publisher\":{\"@id\":\"https:\/\/efsvalves.com\/en\/#organization\"},\"potentialAction\":[{\"@type\":\"SearchAction\",\"target\":{\"@type\":\"EntryPoint\",\"urlTemplate\":\"https:\/\/efsvalves.com\/en\/?s={search_term_string}\"},\"query-input\":{\"@type\":\"PropertyValueSpecification\",\"valueRequired\":true,\"valueName\":\"search_term_string\"}}],\"inLanguage\":\"es\"},{\"@type\":\"Organization\",\"@id\":\"https:\/\/efsvalves.com\/en\/#organization\",\"name\":\"EFS Valves\",\"url\":\"https:\/\/efsvalves.com\/en\/\",\"logo\":{\"@type\":\"ImageObject\",\"inLanguage\":\"es\",\"@id\":\"https:\/\/efsvalves.com\/en\/#\/schema\/logo\/image\/\",\"url\":\"https:\/\/efsvalves.com\/wp-content\/uploads\/2020\/02\/EFSVALVES.jpg\",\"contentUrl\":\"https:\/\/efsvalves.com\/wp-content\/uploads\/2020\/02\/EFSVALVES.jpg\",\"width\":1786,\"height\":168,\"caption\":\"EFS Valves\"},\"image\":{\"@id\":\"https:\/\/efsvalves.com\/en\/#\/schema\/logo\/image\/\"},\"sameAs\":[\"https:\/\/www.linkedin.com\/company\/1695688\/\"]}]}<\/script>\n<!-- \/ Yoast SEO plugin. -->","yoast_head_json":{"title":"Centro de reparaci\u00f3n y taller de valvulas - Efsvalves","robots":{"index":"index","follow":"follow","max-snippet":"max-snippet:-1","max-image-preview":"max-image-preview:large","max-video-preview":"max-video-preview:-1"},"canonical":"https:\/\/efsvalves.com\/es\/servicios\/centro-de-reparacion-y-taller-de-valvulas\/","og_locale":"es_ES","og_type":"article","og_title":"Centro de reparaci\u00f3n y taller de valvulas - Efsvalves","og_description":"[vc_row][vc_column][vc_row_inner][vc_column_inner width=\u00bb1\/2&#8243;][vc_column_text] CENTRO DE SERVICIO &nbsp; Camera de\u00a0 calentamiento para v\u00e1lvulas Alargamiento\u00a0 del eje de la v\u00e1lvula para alta o baja temperatura Servicio y reparaci\u00f3n de v\u00e1lvulas de alivio y seguridad Pintura especial para valvulas C3, C4, C5 etc, recubrimientos de valvulas\u00a0 en PTFE, Teflon\u00ae\u00a0 EFCTE , HALAR\u00ae &nbsp; El centro de servicio EFS VALVES, [&hellip;]","og_url":"https:\/\/efsvalves.com\/es\/servicios\/centro-de-reparacion-y-taller-de-valvulas\/","og_site_name":"Efsvalves","article_modified_time":"2020-12-15T22:04:32+00:00","twitter_card":"summary_large_image","twitter_misc":{"Tiempo de lectura":"1 minuto"},"schema":{"@context":"https:\/\/schema.org","@graph":[{"@type":"WebPage","@id":"https:\/\/efsvalves.com\/es\/servicios\/centro-de-reparacion-y-taller-de-valvulas\/","url":"https:\/\/efsvalves.com\/es\/servicios\/centro-de-reparacion-y-taller-de-valvulas\/","name":"Centro de reparaci\u00f3n y taller de valvulas - Efsvalves","isPartOf":{"@id":"https:\/\/efsvalves.com\/en\/#website"},"datePublished":"2020-12-15T22:04:13+00:00","dateModified":"2020-12-15T22:04:32+00:00","breadcrumb":{"@id":"https:\/\/efsvalves.com\/es\/servicios\/centro-de-reparacion-y-taller-de-valvulas\/#breadcrumb"},"inLanguage":"es","potentialAction":[{"@type":"ReadAction","target":["https:\/\/efsvalves.com\/es\/servicios\/centro-de-reparacion-y-taller-de-valvulas\/"]}]},{"@type":"BreadcrumbList","@id":"https:\/\/efsvalves.com\/es\/servicios\/centro-de-reparacion-y-taller-de-valvulas\/#breadcrumb","itemListElement":[{"@type":"ListItem","position":1,"name":"Portada","item":"https:\/\/efsvalves.com\/en\/"},{"@type":"ListItem","position":2,"name":"Servicios","item":"https:\/\/efsvalves.com\/en\/services\/"},{"@type":"ListItem","position":3,"name":"Centro de reparaci\u00f3n y taller de valvulas"}]},{"@type":"WebSite","@id":"https:\/\/efsvalves.com\/en\/#website","url":"https:\/\/efsvalves.com\/en\/","name":"Efsvalves","description":"Distribuci\u00f3n de v\u00e1lvulas industriales","publisher":{"@id":"https:\/\/efsvalves.com\/en\/#organization"},"potentialAction":[{"@type":"SearchAction","target":{"@type":"EntryPoint","urlTemplate":"https:\/\/efsvalves.com\/en\/?s={search_term_string}"},"query-input":{"@type":"PropertyValueSpecification","valueRequired":true,"valueName":"search_term_string"}}],"inLanguage":"es"},{"@type":"Organization","@id":"https:\/\/efsvalves.com\/en\/#organization","name":"EFS Valves","url":"https:\/\/efsvalves.com\/en\/","logo":{"@type":"ImageObject","inLanguage":"es","@id":"https:\/\/efsvalves.com\/en\/#\/schema\/logo\/image\/","url":"https:\/\/efsvalves.com\/wp-content\/uploads\/2020\/02\/EFSVALVES.jpg","contentUrl":"https:\/\/efsvalves.com\/wp-content\/uploads\/2020\/02\/EFSVALVES.jpg","width":1786,"height":168,"caption":"EFS Valves"},"image":{"@id":"https:\/\/efsvalves.com\/en\/#\/schema\/logo\/image\/"},"sameAs":["https:\/\/www.linkedin.com\/company\/1695688\/"]}]}},"_links":{"self":[{"href":"https:\/\/efsvalves.com\/es\/wp-json\/wp\/v2\/pages\/3948","targetHints":{"allow":["GET"]}}],"collection":[{"href":"https:\/\/efsvalves.com\/es\/wp-json\/wp\/v2\/pages"}],"about":[{"href":"https:\/\/efsvalves.com\/es\/wp-json\/wp\/v2\/types\/page"}],"author":[{"embeddable":true,"href":"https:\/\/efsvalves.com\/es\/wp-json\/wp\/v2\/users\/1"}],"replies":[{"embeddable":true,"href":"https:\/\/efsvalves.com\/es\/wp-json\/wp\/v2\/comments?post=3948"}],"version-history":[{"count":4,"href":"https:\/\/efsvalves.com\/es\/wp-json\/wp\/v2\/pages\/3948\/revisions"}],"predecessor-version":[{"id":3952,"href":"https:\/\/efsvalves.com\/es\/wp-json\/wp\/v2\/pages\/3948\/revisions\/3952"}],"up":[{"embeddable":true,"href":"https:\/\/efsvalves.com\/es\/wp-json\/wp\/v2\/pages\/2260"}],"wp:attachment":[{"href":"https:\/\/efsvalves.com\/es\/wp-json\/wp\/v2\/media?parent=3948"}],"curies":[{"name":"wp","href":"https:\/\/api.w.org\/{rel}","templated":true}]}}