{"id":60,"date":"2016-06-14T01:43:48","date_gmt":"2016-06-14T01:43:48","guid":{"rendered":"http:\/\/sw-themes.com\/porto_dummy\/?page_id=60"},"modified":"2020-02-18T10:49:45","modified_gmt":"2020-02-18T09:49:45","slug":"especialista-de-valvulas","status":"publish","type":"page","link":"https:\/\/efsvalves.com\/es\/especialista-de-valvulas\/","title":{"rendered":"Sobre nosotros"},"content":{"rendered":"<div class=\"wpb-content-wrapper\"><p>[vc_row equal_height=\u00bbyes\u00bb is_section=\u00bbyes\u00bb section_skin=\u00bbparallax\u00bb remove_margin_top=\u00bbyes\u00bb remove_margin_bottom=\u00bbyes\u00bb remove_border=\u00bbyes\u00bb][vc_column width=\u00bb5\/12&#8243; el_class=\u00bborder-md-2 order-sm-1 clap-imagen-100pcent\u00bb][vc_single_image image=\u00bb2595&#8243; img_size=\u00bbfull\u00bb animation_delay=\u00bb100&#8243; animation_type=\u00bbfadeInRight\u00bb][\/vc_column][vc_column width=\u00bb7\/12&#8243;][vc_column_text css_animation=\u00bbfadeInUp\u00bb]<\/p>\n<h2>MISI\u00d3N<\/h2>\n<p>Proveer soluciones integrales a la industria en sus necesidades de valvuler\u00eda para regulaci\u00f3n y control de fluidos, abarcando desde b\u00fasqueda, el c\u00e1lculo, dise\u00f1o, desarrollo, comercializaci\u00f3n, inspecci\u00f3n, y log\u00edstica a\u00f1adiendo valor a la cadena a trav\u00e9s de estos intangibles.<\/p>\n<h2>VISI\u00d3N<\/h2>\n<p>Convertirnos en el proveedor m\u00e1s eficaz combinando la utilizaci\u00f3n de diferentes capacidades en ingenier\u00eda, comercial, log\u00edstica, calidad para dar satisfacci\u00f3n a las necesidades de nuestros clientes de forma eficaz, sostenible, aportando valor a nuestras acciones y siendo reconocidos por ello.[\/vc_column_text][\/vc_column][\/vc_row]<\/p>\n<\/div>","protected":false},"excerpt":{"rendered":"<p>[vc_row equal_height=\u00bbyes\u00bb is_section=\u00bbyes\u00bb section_skin=\u00bbparallax\u00bb remove_margin_top=\u00bbyes\u00bb remove_margin_bottom=\u00bbyes\u00bb remove_border=\u00bbyes\u00bb][vc_column width=\u00bb5\/12&#8243; el_class=\u00bborder-md-2 order-sm-1 clap-imagen-100pcent\u00bb][vc_single_image image=\u00bb2595&#8243; img_size=\u00bbfull\u00bb animation_delay=\u00bb100&#8243; animation_type=\u00bbfadeInRight\u00bb][\/vc_column][vc_column width=\u00bb7\/12&#8243;][vc_column_text css_animation=\u00bbfadeInUp\u00bb] MISI\u00d3N Proveer soluciones integrales a la industria en sus necesidades de valvuler\u00eda para regulaci\u00f3n y control de fluidos, abarcando desde b\u00fasqueda, el c\u00e1lculo, dise\u00f1o, desarrollo, comercializaci\u00f3n, inspecci\u00f3n, y log\u00edstica a\u00f1adiendo valor a la cadena a trav\u00e9s de estos [&hellip;]<\/p>\n","protected":false},"author":1,"featured_media":0,"parent":0,"menu_order":0,"comment_status":"closed","ping_status":"closed","template":"","meta":{"_acf_changed":false,"footnotes":""},"class_list":["post-60","page","type-page","status-publish","hentry"],"acf":[],"yoast_head":"<!-- This site is optimized with the Yoast SEO plugin v25.8 - https:\/\/yoast.com\/wordpress\/plugins\/seo\/ -->\n<title>Sobre nosotros - Efsvalves<\/title>\n<meta name=\"description\" content=\"EFS Valves es especialista en ofrecer soluciones integrales para la industria de v\u00e1lvulas seleccionando los productos m\u00e1s acordes para cada cliente, Proveer soluciones integrales a la industria en sus necesidades de valvuler\u00eda para regulaci\u00f3n y control de fluidos.\" \/>\n<meta name=\"robots\" content=\"index, follow, max-snippet:-1, max-image-preview:large, max-video-preview:-1\" \/>\n<link rel=\"canonical\" href=\"https:\/\/efsvalves.com\/en\/about-us\/\" \/>\n<meta property=\"og:locale\" content=\"es_ES\" \/>\n<meta property=\"og:type\" content=\"article\" \/>\n<meta property=\"og:title\" content=\"Sobre nosotros - Efsvalves\" \/>\n<meta property=\"og:description\" content=\"EFS Valves es especialista en ofrecer soluciones integrales para la industria de v\u00e1lvulas seleccionando los productos m\u00e1s acordes para cada cliente, Proveer soluciones integrales a la industria en sus necesidades de valvuler\u00eda para regulaci\u00f3n y control de fluidos.\" \/>\n<meta property=\"og:url\" content=\"https:\/\/efsvalves.com\/en\/about-us\/\" \/>\n<meta property=\"og:site_name\" content=\"Efsvalves\" \/>\n<meta property=\"article:modified_time\" content=\"2020-02-18T09:49:45+00:00\" \/>\n<meta name=\"twitter:card\" content=\"summary_large_image\" \/>\n<meta name=\"twitter:label1\" content=\"Tiempo de lectura\" \/>\n\t<meta name=\"twitter:data1\" content=\"1 minuto\" \/>\n<script type=\"application\/ld+json\" class=\"yoast-schema-graph\">{\"@context\":\"https:\/\/schema.org\",\"@graph\":[{\"@type\":\"WebPage\",\"@id\":\"https:\/\/efsvalves.com\/en\/about-us\/\",\"url\":\"https:\/\/efsvalves.com\/en\/about-us\/\",\"name\":\"Sobre nosotros - Efsvalves\",\"isPartOf\":{\"@id\":\"https:\/\/efsvalves.com\/en\/#website\"},\"datePublished\":\"2016-06-14T01:43:48+00:00\",\"dateModified\":\"2020-02-18T09:49:45+00:00\",\"description\":\"EFS Valves es especialista en ofrecer soluciones integrales para la industria de v\u00e1lvulas seleccionando los productos m\u00e1s acordes para cada cliente, Proveer soluciones integrales a la industria en sus necesidades de valvuler\u00eda para regulaci\u00f3n y control de fluidos.\",\"breadcrumb\":{\"@id\":\"https:\/\/efsvalves.com\/en\/about-us\/#breadcrumb\"},\"inLanguage\":\"es\",\"potentialAction\":[{\"@type\":\"ReadAction\",\"target\":[\"https:\/\/efsvalves.com\/en\/about-us\/\"]}]},{\"@type\":\"BreadcrumbList\",\"@id\":\"https:\/\/efsvalves.com\/en\/about-us\/#breadcrumb\",\"itemListElement\":[{\"@type\":\"ListItem\",\"position\":1,\"name\":\"Portada\",\"item\":\"https:\/\/efsvalves.com\/en\/\"},{\"@type\":\"ListItem\",\"position\":2,\"name\":\"Sobre nosotros\"}]},{\"@type\":\"WebSite\",\"@id\":\"https:\/\/efsvalves.com\/en\/#website\",\"url\":\"https:\/\/efsvalves.com\/en\/\",\"name\":\"Efsvalves\",\"description\":\"Distribuci\u00f3n de v\u00e1lvulas industriales\",\"publisher\":{\"@id\":\"https:\/\/efsvalves.com\/en\/#organization\"},\"potentialAction\":[{\"@type\":\"SearchAction\",\"target\":{\"@type\":\"EntryPoint\",\"urlTemplate\":\"https:\/\/efsvalves.com\/en\/?s={search_term_string}\"},\"query-input\":{\"@type\":\"PropertyValueSpecification\",\"valueRequired\":true,\"valueName\":\"search_term_string\"}}],\"inLanguage\":\"es\"},{\"@type\":\"Organization\",\"@id\":\"https:\/\/efsvalves.com\/en\/#organization\",\"name\":\"EFS Valves\",\"url\":\"https:\/\/efsvalves.com\/en\/\",\"logo\":{\"@type\":\"ImageObject\",\"inLanguage\":\"es\",\"@id\":\"https:\/\/efsvalves.com\/en\/#\/schema\/logo\/image\/\",\"url\":\"https:\/\/efsvalves.com\/wp-content\/uploads\/2020\/02\/EFSVALVES.jpg\",\"contentUrl\":\"https:\/\/efsvalves.com\/wp-content\/uploads\/2020\/02\/EFSVALVES.jpg\",\"width\":1786,\"height\":168,\"caption\":\"EFS Valves\"},\"image\":{\"@id\":\"https:\/\/efsvalves.com\/en\/#\/schema\/logo\/image\/\"},\"sameAs\":[\"https:\/\/www.linkedin.com\/company\/1695688\/\"]}]}<\/script>\n<!-- \/ Yoast SEO plugin. -->","yoast_head_json":{"title":"Sobre nosotros - Efsvalves","description":"EFS Valves es especialista en ofrecer soluciones integrales para la industria de v\u00e1lvulas seleccionando los productos m\u00e1s acordes para cada cliente, Proveer soluciones integrales a la industria en sus necesidades de valvuler\u00eda para regulaci\u00f3n y control de fluidos.","robots":{"index":"index","follow":"follow","max-snippet":"max-snippet:-1","max-image-preview":"max-image-preview:large","max-video-preview":"max-video-preview:-1"},"canonical":"https:\/\/efsvalves.com\/en\/about-us\/","og_locale":"es_ES","og_type":"article","og_title":"Sobre nosotros - Efsvalves","og_description":"EFS Valves es especialista en ofrecer soluciones integrales para la industria de v\u00e1lvulas seleccionando los productos m\u00e1s acordes para cada cliente, Proveer soluciones integrales a la industria en sus necesidades de valvuler\u00eda para regulaci\u00f3n y control de fluidos.","og_url":"https:\/\/efsvalves.com\/en\/about-us\/","og_site_name":"Efsvalves","article_modified_time":"2020-02-18T09:49:45+00:00","twitter_card":"summary_large_image","twitter_misc":{"Tiempo de lectura":"1 minuto"},"schema":{"@context":"https:\/\/schema.org","@graph":[{"@type":"WebPage","@id":"https:\/\/efsvalves.com\/en\/about-us\/","url":"https:\/\/efsvalves.com\/en\/about-us\/","name":"Sobre nosotros - Efsvalves","isPartOf":{"@id":"https:\/\/efsvalves.com\/en\/#website"},"datePublished":"2016-06-14T01:43:48+00:00","dateModified":"2020-02-18T09:49:45+00:00","description":"EFS Valves es especialista en ofrecer soluciones integrales para la industria de v\u00e1lvulas seleccionando los productos m\u00e1s acordes para cada cliente, Proveer soluciones integrales a la industria en sus necesidades de valvuler\u00eda para regulaci\u00f3n y control de fluidos.","breadcrumb":{"@id":"https:\/\/efsvalves.com\/en\/about-us\/#breadcrumb"},"inLanguage":"es","potentialAction":[{"@type":"ReadAction","target":["https:\/\/efsvalves.com\/en\/about-us\/"]}]},{"@type":"BreadcrumbList","@id":"https:\/\/efsvalves.com\/en\/about-us\/#breadcrumb","itemListElement":[{"@type":"ListItem","position":1,"name":"Portada","item":"https:\/\/efsvalves.com\/en\/"},{"@type":"ListItem","position":2,"name":"Sobre nosotros"}]},{"@type":"WebSite","@id":"https:\/\/efsvalves.com\/en\/#website","url":"https:\/\/efsvalves.com\/en\/","name":"Efsvalves","description":"Distribuci\u00f3n de v\u00e1lvulas industriales","publisher":{"@id":"https:\/\/efsvalves.com\/en\/#organization"},"potentialAction":[{"@type":"SearchAction","target":{"@type":"EntryPoint","urlTemplate":"https:\/\/efsvalves.com\/en\/?s={search_term_string}"},"query-input":{"@type":"PropertyValueSpecification","valueRequired":true,"valueName":"search_term_string"}}],"inLanguage":"es"},{"@type":"Organization","@id":"https:\/\/efsvalves.com\/en\/#organization","name":"EFS Valves","url":"https:\/\/efsvalves.com\/en\/","logo":{"@type":"ImageObject","inLanguage":"es","@id":"https:\/\/efsvalves.com\/en\/#\/schema\/logo\/image\/","url":"https:\/\/efsvalves.com\/wp-content\/uploads\/2020\/02\/EFSVALVES.jpg","contentUrl":"https:\/\/efsvalves.com\/wp-content\/uploads\/2020\/02\/EFSVALVES.jpg","width":1786,"height":168,"caption":"EFS Valves"},"image":{"@id":"https:\/\/efsvalves.com\/en\/#\/schema\/logo\/image\/"},"sameAs":["https:\/\/www.linkedin.com\/company\/1695688\/"]}]}},"_links":{"self":[{"href":"https:\/\/efsvalves.com\/es\/wp-json\/wp\/v2\/pages\/60","targetHints":{"allow":["GET"]}}],"collection":[{"href":"https:\/\/efsvalves.com\/es\/wp-json\/wp\/v2\/pages"}],"about":[{"href":"https:\/\/efsvalves.com\/es\/wp-json\/wp\/v2\/types\/page"}],"author":[{"embeddable":true,"href":"https:\/\/efsvalves.com\/es\/wp-json\/wp\/v2\/users\/1"}],"replies":[{"embeddable":true,"href":"https:\/\/efsvalves.com\/es\/wp-json\/wp\/v2\/comments?post=60"}],"version-history":[{"count":8,"href":"https:\/\/efsvalves.com\/es\/wp-json\/wp\/v2\/pages\/60\/revisions"}],"predecessor-version":[{"id":2603,"href":"https:\/\/efsvalves.com\/es\/wp-json\/wp\/v2\/pages\/60\/revisions\/2603"}],"wp:attachment":[{"href":"https:\/\/efsvalves.com\/es\/wp-json\/wp\/v2\/media?parent=60"}],"curies":[{"name":"wp","href":"https:\/\/api.w.org\/{rel}","templated":true}]}}