{"id":4438,"date":"2019-06-24T20:55:27","date_gmt":"2019-06-24T18:55:27","guid":{"rendered":"http:\/\/efsvalves.com\/about-us\/"},"modified":"2021-06-09T12:11:43","modified_gmt":"2021-06-09T10:11:43","slug":"about-us","status":"publish","type":"page","link":"https:\/\/efsvalves.com\/fr\/about-us\/","title":{"rendered":"Notre soci\u00e9t\u00e9"},"content":{"rendered":"<div class=\"wpb-content-wrapper\"><p>[vc_row equal_height=\u00a0\u00bbyes\u00a0\u00bb is_section=\u00a0\u00bbyes\u00a0\u00bb section_skin=\u00a0\u00bbparallax\u00a0\u00bb remove_margin_top=\u00a0\u00bbyes\u00a0\u00bb remove_margin_bottom=\u00a0\u00bbyes\u00a0\u00bb remove_border=\u00a0\u00bbyes\u00a0\u00bb][vc_column width=\u00a0\u00bb5\/12&Prime; el_class=\u00a0\u00bborder-md-2 order-sm-1 clap-imagen-100pcent\u00a0\u00bb][vc_single_image image=\u00a0\u00bb2595&Prime; img_size=\u00a0\u00bbfull\u00a0\u00bb animation_delay=\u00a0\u00bb100&Prime; animation_type=\u00a0\u00bbfadeInRight\u00a0\u00bb][\/vc_column][vc_column width=\u00a0\u00bb7\/12&Prime;][vc_column_text css_animation=\u00a0\u00bbfadeInUp\u00a0\u00bb]<\/p>\n<h2>MISSION<\/h2>\n<p class=\"p1\"><span class=\"s1\">Fournir des solutions compl\u00e8tes \u00e0 l&rsquo;industrie et \u00e0 ses besoins en mati\u00e8re de vannes industrielles utilis\u00e9es pour la r\u00e9gulation et le contr\u00f4le des fluides, ce qui comprend la recherche, le calcul, la conception, le d\u00e9veloppement, le marketing, l&rsquo;inspection et la logistique, en ajoutant de la valeur \u00e0 la cha\u00eene gr\u00e2ce \u00e0 ces facteurs intangibles.<\/span><\/p>\n<h2>VISION<\/h2>\n<p class=\"p1\"><span class=\"s1\">Notre vision est de devenir le fournisseur le plus efficace, en combinant l&rsquo;utilisation de plusieurs comp\u00e9tences en mati\u00e8re d&rsquo;ing\u00e9nierie, de qualit\u00e9, de vente et de logistique, dans le but de satisfaire les besoins de nos clients de mani\u00e8re efficace et durable, en ajoutant de la valeur \u00e0 nos actions et en \u00e9tant reconnus pour cela.<\/span><\/p>\n<p>[\/vc_column_text][\/vc_column][\/vc_row]<\/p>\n<\/div>","protected":false},"excerpt":{"rendered":"<p>[vc_row equal_height=\u00a0\u00bbyes\u00a0\u00bb is_section=\u00a0\u00bbyes\u00a0\u00bb section_skin=\u00a0\u00bbparallax\u00a0\u00bb remove_margin_top=\u00a0\u00bbyes\u00a0\u00bb remove_margin_bottom=\u00a0\u00bbyes\u00a0\u00bb remove_border=\u00a0\u00bbyes\u00a0\u00bb][vc_column width=\u00a0\u00bb5\/12&Prime; el_class=\u00a0\u00bborder-md-2 order-sm-1 clap-imagen-100pcent\u00a0\u00bb][vc_single_image image=\u00a0\u00bb2595&Prime; img_size=\u00a0\u00bbfull\u00a0\u00bb animation_delay=\u00a0\u00bb100&Prime; animation_type=\u00a0\u00bbfadeInRight\u00a0\u00bb][\/vc_column][vc_column width=\u00a0\u00bb7\/12&Prime;][vc_column_text css_animation=\u00a0\u00bbfadeInUp\u00a0\u00bb] MISSION Fournir des solutions compl\u00e8tes \u00e0 l&rsquo;industrie et \u00e0 ses besoins en mati\u00e8re de vannes industrielles utilis\u00e9es pour la r\u00e9gulation et le contr\u00f4le des fluides, ce qui comprend la recherche, le calcul, la conception, le d\u00e9veloppement, le marketing, [&hellip;]<\/p>\n","protected":false},"author":1,"featured_media":0,"parent":0,"menu_order":0,"comment_status":"closed","ping_status":"closed","template":"","meta":{"_acf_changed":false,"footnotes":""},"class_list":["post-4438","page","type-page","status-publish","hentry"],"acf":[],"yoast_head":"<!-- This site is optimized with the Yoast SEO plugin v25.8 - https:\/\/yoast.com\/wordpress\/plugins\/seo\/ -->\n<title>Notre soci\u00e9t\u00e9 - Efsvalves<\/title>\n<meta name=\"robots\" content=\"index, follow, max-snippet:-1, max-image-preview:large, max-video-preview:-1\" \/>\n<link rel=\"canonical\" href=\"https:\/\/efsvalves.com\/en\/about-us\/\" \/>\n<meta property=\"og:locale\" content=\"fr_FR\" \/>\n<meta property=\"og:type\" content=\"article\" \/>\n<meta property=\"og:title\" content=\"Notre soci\u00e9t\u00e9 - Efsvalves\" \/>\n<meta property=\"og:description\" content=\"[vc_row equal_height=\u00a0\u00bbyes\u00a0\u00bb is_section=\u00a0\u00bbyes\u00a0\u00bb section_skin=\u00a0\u00bbparallax\u00a0\u00bb remove_margin_top=\u00a0\u00bbyes\u00a0\u00bb remove_margin_bottom=\u00a0\u00bbyes\u00a0\u00bb remove_border=\u00a0\u00bbyes\u00a0\u00bb][vc_column width=\u00a0\u00bb5\/12&Prime; el_class=\u00a0\u00bborder-md-2 order-sm-1 clap-imagen-100pcent\u00a0\u00bb][vc_single_image image=\u00a0\u00bb2595&Prime; img_size=\u00a0\u00bbfull\u00a0\u00bb animation_delay=\u00a0\u00bb100&Prime; animation_type=\u00a0\u00bbfadeInRight\u00a0\u00bb][\/vc_column][vc_column width=\u00a0\u00bb7\/12&Prime;][vc_column_text css_animation=\u00a0\u00bbfadeInUp\u00a0\u00bb] MISSION Fournir des solutions compl\u00e8tes \u00e0 l&rsquo;industrie et \u00e0 ses besoins en mati\u00e8re de vannes industrielles utilis\u00e9es pour la r\u00e9gulation et le contr\u00f4le des fluides, ce qui comprend la recherche, le calcul, la conception, le d\u00e9veloppement, le marketing, [&hellip;]\" \/>\n<meta property=\"og:url\" content=\"https:\/\/efsvalves.com\/en\/about-us\/\" \/>\n<meta property=\"og:site_name\" content=\"Efsvalves\" \/>\n<meta property=\"article:modified_time\" content=\"2021-06-09T10:11:43+00:00\" \/>\n<meta name=\"twitter:card\" content=\"summary_large_image\" \/>\n<meta name=\"twitter:label1\" content=\"Dur\u00e9e de lecture estim\u00e9e\" \/>\n\t<meta name=\"twitter:data1\" content=\"1 minute\" \/>\n<script type=\"application\/ld+json\" class=\"yoast-schema-graph\">{\"@context\":\"https:\/\/schema.org\",\"@graph\":[{\"@type\":\"WebPage\",\"@id\":\"https:\/\/efsvalves.com\/en\/about-us\/\",\"url\":\"https:\/\/efsvalves.com\/en\/about-us\/\",\"name\":\"Notre soci\u00e9t\u00e9 - Efsvalves\",\"isPartOf\":{\"@id\":\"https:\/\/efsvalves.com\/en\/#website\"},\"datePublished\":\"2019-06-24T18:55:27+00:00\",\"dateModified\":\"2021-06-09T10:11:43+00:00\",\"breadcrumb\":{\"@id\":\"https:\/\/efsvalves.com\/en\/about-us\/#breadcrumb\"},\"inLanguage\":\"fr-FR\",\"potentialAction\":[{\"@type\":\"ReadAction\",\"target\":[\"https:\/\/efsvalves.com\/en\/about-us\/\"]}]},{\"@type\":\"BreadcrumbList\",\"@id\":\"https:\/\/efsvalves.com\/en\/about-us\/#breadcrumb\",\"itemListElement\":[{\"@type\":\"ListItem\",\"position\":1,\"name\":\"Portada\",\"item\":\"https:\/\/efsvalves.com\/en\/\"},{\"@type\":\"ListItem\",\"position\":2,\"name\":\"Notre soci\u00e9t\u00e9\"}]},{\"@type\":\"WebSite\",\"@id\":\"https:\/\/efsvalves.com\/en\/#website\",\"url\":\"https:\/\/efsvalves.com\/en\/\",\"name\":\"Efsvalves\",\"description\":\"Distribuci\u00f3n de v\u00e1lvulas industriales\",\"publisher\":{\"@id\":\"https:\/\/efsvalves.com\/en\/#organization\"},\"potentialAction\":[{\"@type\":\"SearchAction\",\"target\":{\"@type\":\"EntryPoint\",\"urlTemplate\":\"https:\/\/efsvalves.com\/en\/?s={search_term_string}\"},\"query-input\":{\"@type\":\"PropertyValueSpecification\",\"valueRequired\":true,\"valueName\":\"search_term_string\"}}],\"inLanguage\":\"fr-FR\"},{\"@type\":\"Organization\",\"@id\":\"https:\/\/efsvalves.com\/en\/#organization\",\"name\":\"EFS Valves\",\"url\":\"https:\/\/efsvalves.com\/en\/\",\"logo\":{\"@type\":\"ImageObject\",\"inLanguage\":\"fr-FR\",\"@id\":\"https:\/\/efsvalves.com\/en\/#\/schema\/logo\/image\/\",\"url\":\"https:\/\/efsvalves.com\/wp-content\/uploads\/2020\/02\/EFSVALVES.jpg\",\"contentUrl\":\"https:\/\/efsvalves.com\/wp-content\/uploads\/2020\/02\/EFSVALVES.jpg\",\"width\":1786,\"height\":168,\"caption\":\"EFS Valves\"},\"image\":{\"@id\":\"https:\/\/efsvalves.com\/en\/#\/schema\/logo\/image\/\"},\"sameAs\":[\"https:\/\/www.linkedin.com\/company\/1695688\/\"]}]}<\/script>\n<!-- \/ Yoast SEO plugin. -->","yoast_head_json":{"title":"Notre soci\u00e9t\u00e9 - Efsvalves","robots":{"index":"index","follow":"follow","max-snippet":"max-snippet:-1","max-image-preview":"max-image-preview:large","max-video-preview":"max-video-preview:-1"},"canonical":"https:\/\/efsvalves.com\/en\/about-us\/","og_locale":"fr_FR","og_type":"article","og_title":"Notre soci\u00e9t\u00e9 - Efsvalves","og_description":"[vc_row equal_height=\u00a0\u00bbyes\u00a0\u00bb is_section=\u00a0\u00bbyes\u00a0\u00bb section_skin=\u00a0\u00bbparallax\u00a0\u00bb remove_margin_top=\u00a0\u00bbyes\u00a0\u00bb remove_margin_bottom=\u00a0\u00bbyes\u00a0\u00bb remove_border=\u00a0\u00bbyes\u00a0\u00bb][vc_column width=\u00a0\u00bb5\/12&Prime; el_class=\u00a0\u00bborder-md-2 order-sm-1 clap-imagen-100pcent\u00a0\u00bb][vc_single_image image=\u00a0\u00bb2595&Prime; img_size=\u00a0\u00bbfull\u00a0\u00bb animation_delay=\u00a0\u00bb100&Prime; animation_type=\u00a0\u00bbfadeInRight\u00a0\u00bb][\/vc_column][vc_column width=\u00a0\u00bb7\/12&Prime;][vc_column_text css_animation=\u00a0\u00bbfadeInUp\u00a0\u00bb] MISSION Fournir des solutions compl\u00e8tes \u00e0 l&rsquo;industrie et \u00e0 ses besoins en mati\u00e8re de vannes industrielles utilis\u00e9es pour la r\u00e9gulation et le contr\u00f4le des fluides, ce qui comprend la recherche, le calcul, la conception, le d\u00e9veloppement, le marketing, [&hellip;]","og_url":"https:\/\/efsvalves.com\/en\/about-us\/","og_site_name":"Efsvalves","article_modified_time":"2021-06-09T10:11:43+00:00","twitter_card":"summary_large_image","twitter_misc":{"Dur\u00e9e de lecture estim\u00e9e":"1 minute"},"schema":{"@context":"https:\/\/schema.org","@graph":[{"@type":"WebPage","@id":"https:\/\/efsvalves.com\/en\/about-us\/","url":"https:\/\/efsvalves.com\/en\/about-us\/","name":"Notre soci\u00e9t\u00e9 - Efsvalves","isPartOf":{"@id":"https:\/\/efsvalves.com\/en\/#website"},"datePublished":"2019-06-24T18:55:27+00:00","dateModified":"2021-06-09T10:11:43+00:00","breadcrumb":{"@id":"https:\/\/efsvalves.com\/en\/about-us\/#breadcrumb"},"inLanguage":"fr-FR","potentialAction":[{"@type":"ReadAction","target":["https:\/\/efsvalves.com\/en\/about-us\/"]}]},{"@type":"BreadcrumbList","@id":"https:\/\/efsvalves.com\/en\/about-us\/#breadcrumb","itemListElement":[{"@type":"ListItem","position":1,"name":"Portada","item":"https:\/\/efsvalves.com\/en\/"},{"@type":"ListItem","position":2,"name":"Notre soci\u00e9t\u00e9"}]},{"@type":"WebSite","@id":"https:\/\/efsvalves.com\/en\/#website","url":"https:\/\/efsvalves.com\/en\/","name":"Efsvalves","description":"Distribuci\u00f3n de v\u00e1lvulas industriales","publisher":{"@id":"https:\/\/efsvalves.com\/en\/#organization"},"potentialAction":[{"@type":"SearchAction","target":{"@type":"EntryPoint","urlTemplate":"https:\/\/efsvalves.com\/en\/?s={search_term_string}"},"query-input":{"@type":"PropertyValueSpecification","valueRequired":true,"valueName":"search_term_string"}}],"inLanguage":"fr-FR"},{"@type":"Organization","@id":"https:\/\/efsvalves.com\/en\/#organization","name":"EFS Valves","url":"https:\/\/efsvalves.com\/en\/","logo":{"@type":"ImageObject","inLanguage":"fr-FR","@id":"https:\/\/efsvalves.com\/en\/#\/schema\/logo\/image\/","url":"https:\/\/efsvalves.com\/wp-content\/uploads\/2020\/02\/EFSVALVES.jpg","contentUrl":"https:\/\/efsvalves.com\/wp-content\/uploads\/2020\/02\/EFSVALVES.jpg","width":1786,"height":168,"caption":"EFS Valves"},"image":{"@id":"https:\/\/efsvalves.com\/en\/#\/schema\/logo\/image\/"},"sameAs":["https:\/\/www.linkedin.com\/company\/1695688\/"]}]}},"_links":{"self":[{"href":"https:\/\/efsvalves.com\/fr\/wp-json\/wp\/v2\/pages\/4438","targetHints":{"allow":["GET"]}}],"collection":[{"href":"https:\/\/efsvalves.com\/fr\/wp-json\/wp\/v2\/pages"}],"about":[{"href":"https:\/\/efsvalves.com\/fr\/wp-json\/wp\/v2\/types\/page"}],"author":[{"embeddable":true,"href":"https:\/\/efsvalves.com\/fr\/wp-json\/wp\/v2\/users\/1"}],"replies":[{"embeddable":true,"href":"https:\/\/efsvalves.com\/fr\/wp-json\/wp\/v2\/comments?post=4438"}],"version-history":[{"count":2,"href":"https:\/\/efsvalves.com\/fr\/wp-json\/wp\/v2\/pages\/4438\/revisions"}],"predecessor-version":[{"id":4620,"href":"https:\/\/efsvalves.com\/fr\/wp-json\/wp\/v2\/pages\/4438\/revisions\/4620"}],"wp:attachment":[{"href":"https:\/\/efsvalves.com\/fr\/wp-json\/wp\/v2\/media?parent=4438"}],"curies":[{"name":"wp","href":"https:\/\/api.w.org\/{rel}","templated":true}]}}