{"id":4441,"date":"2020-01-27T10:51:37","date_gmt":"2020-01-27T09:51:37","guid":{"rendered":"http:\/\/efsvalves.com\/about-us\/environmental-policy\/"},"modified":"2021-11-03T09:28:27","modified_gmt":"2021-11-03T08:28:27","slug":"environmental-policy","status":"publish","type":"page","link":"https:\/\/efsvalves.com\/fr\/about-us\/environmental-policy\/","title":{"rendered":"Politique environnementale"},"content":{"rendered":"<div class=\"wpb-content-wrapper\"><p>[vc_row][vc_column width=\u00a0\u00bb1\/2&Prime;][vc_column_text]<\/p>\n<p class=\"p1\"><span class=\"s1\">Engineering Fluid solutions reconna\u00eet que la durabilit\u00e9 est un facteur d&rsquo;importance vitale, nous avons mis en place une politique pour adapter nos proc\u00e9dures afin de garantir que nous contribuons \u00e0 cette politique dans toutes nos pratiques, de la conception ou l&rsquo;approvisionnement \u00e0 l&rsquo;exp\u00e9dition, y compris toute action unique susceptible d&rsquo;\u00eatre r\u00e9vis\u00e9e.<\/span><\/p>\n<p class=\"p1\"><span class=\"s1\">Notre compromis avec la r\u00e9duction de l&rsquo;impact environnemental commence par la s\u00e9lection de fournisseurs sensibles \u00e0 ces politiques et est pr\u00e9sent dans toutes nos activit\u00e9s dans la fa\u00e7on dont nous pouvons appliquer ces mat\u00e9riaux en cons\u00e9quence, l&rsquo;optimisation des processus, la r\u00e9utilisation dans la mesure du possible, etc.<\/span><\/p>\n<p>Notre entreprise est certifi\u00e9e selon la norme ISO 14001 : 2015, Syst\u00e8mes de gestion environnementale et pour la gestion de la sant\u00e9 et de la s\u00e9curit\u00e9 au travail avec OSHAS 45001 : 2018.<\/p>\n<p>Nous sommes s\u00fbrs que toutes les actions, y compris les micro actions, aideront \u00e0 r\u00e9duire les impacts environnementaux et nous encourageons toutes les entreprises, quelle que soit leur taille, \u00e0 faire ce qu&rsquo;elles peuvent, et nous sommes s\u00fbrs que cette contribution nous aidera, ainsi que les g\u00e9n\u00e9rations futures.<\/p>\n<p>[\/vc_column_text][\/vc_column][vc_column width=\u00a0\u00bb1\/2&Prime;][vc_single_image image=\u00a0\u00bb3320&Prime; img_size=\u00a0\u00bblarge\u00a0\u00bb][vc_gallery type=\u00a0\u00bbimage_grid\u00a0\u00bb images=\u00a0\u00bb4830,4834,4838&Prime;][\/vc_column][\/vc_row]<\/p>\n<\/div>","protected":false},"excerpt":{"rendered":"<p>[vc_row][vc_column width=\u00a0\u00bb1\/2&Prime;][vc_column_text] Engineering Fluid solutions reconna\u00eet que la durabilit\u00e9 est un facteur d&rsquo;importance vitale, nous avons mis en place une politique pour adapter nos proc\u00e9dures afin de garantir que nous contribuons \u00e0 cette politique dans toutes nos pratiques, de la conception ou l&rsquo;approvisionnement \u00e0 l&rsquo;exp\u00e9dition, y compris toute action unique susceptible d&rsquo;\u00eatre r\u00e9vis\u00e9e. Notre compromis [&hellip;]<\/p>\n","protected":false},"author":1,"featured_media":0,"parent":4438,"menu_order":0,"comment_status":"closed","ping_status":"closed","template":"","meta":{"_acf_changed":false,"footnotes":""},"class_list":["post-4441","page","type-page","status-publish","hentry"],"acf":[],"yoast_head":"<!-- This site is optimized with the Yoast SEO plugin v25.8 - https:\/\/yoast.com\/wordpress\/plugins\/seo\/ -->\n<title>Politique environnementale - Efsvalves<\/title>\n<meta name=\"robots\" content=\"index, follow, max-snippet:-1, max-image-preview:large, max-video-preview:-1\" \/>\n<link rel=\"canonical\" href=\"https:\/\/efsvalves.com\/fr\/about-us\/environmental-policy\/\" \/>\n<meta property=\"og:locale\" content=\"fr_FR\" \/>\n<meta property=\"og:type\" content=\"article\" \/>\n<meta property=\"og:title\" content=\"Politique environnementale - Efsvalves\" \/>\n<meta property=\"og:description\" content=\"[vc_row][vc_column width=\u00a0\u00bb1\/2&Prime;][vc_column_text] Engineering Fluid solutions reconna\u00eet que la durabilit\u00e9 est un facteur d&rsquo;importance vitale, nous avons mis en place une politique pour adapter nos proc\u00e9dures afin de garantir que nous contribuons \u00e0 cette politique dans toutes nos pratiques, de la conception ou l&rsquo;approvisionnement \u00e0 l&rsquo;exp\u00e9dition, y compris toute action unique susceptible d&rsquo;\u00eatre r\u00e9vis\u00e9e. Notre compromis [&hellip;]\" \/>\n<meta property=\"og:url\" content=\"https:\/\/efsvalves.com\/fr\/about-us\/environmental-policy\/\" \/>\n<meta property=\"og:site_name\" content=\"Efsvalves\" \/>\n<meta property=\"article:modified_time\" content=\"2021-11-03T08:28:27+00:00\" \/>\n<meta name=\"twitter:card\" content=\"summary_large_image\" \/>\n<meta name=\"twitter:label1\" content=\"Dur\u00e9e de lecture estim\u00e9e\" \/>\n\t<meta name=\"twitter:data1\" content=\"1 minute\" \/>\n<script type=\"application\/ld+json\" class=\"yoast-schema-graph\">{\"@context\":\"https:\/\/schema.org\",\"@graph\":[{\"@type\":\"WebPage\",\"@id\":\"https:\/\/efsvalves.com\/fr\/about-us\/environmental-policy\/\",\"url\":\"https:\/\/efsvalves.com\/fr\/about-us\/environmental-policy\/\",\"name\":\"Politique environnementale - Efsvalves\",\"isPartOf\":{\"@id\":\"https:\/\/efsvalves.com\/en\/#website\"},\"datePublished\":\"2020-01-27T09:51:37+00:00\",\"dateModified\":\"2021-11-03T08:28:27+00:00\",\"breadcrumb\":{\"@id\":\"https:\/\/efsvalves.com\/fr\/about-us\/environmental-policy\/#breadcrumb\"},\"inLanguage\":\"fr-FR\",\"potentialAction\":[{\"@type\":\"ReadAction\",\"target\":[\"https:\/\/efsvalves.com\/fr\/about-us\/environmental-policy\/\"]}]},{\"@type\":\"BreadcrumbList\",\"@id\":\"https:\/\/efsvalves.com\/fr\/about-us\/environmental-policy\/#breadcrumb\",\"itemListElement\":[{\"@type\":\"ListItem\",\"position\":1,\"name\":\"Portada\",\"item\":\"https:\/\/efsvalves.com\/en\/\"},{\"@type\":\"ListItem\",\"position\":2,\"name\":\"Notre soci\u00e9t\u00e9\",\"item\":\"https:\/\/efsvalves.com\/en\/about-us\/\"},{\"@type\":\"ListItem\",\"position\":3,\"name\":\"Politique environnementale\"}]},{\"@type\":\"WebSite\",\"@id\":\"https:\/\/efsvalves.com\/en\/#website\",\"url\":\"https:\/\/efsvalves.com\/en\/\",\"name\":\"Efsvalves\",\"description\":\"Distribuci\u00f3n de v\u00e1lvulas industriales\",\"publisher\":{\"@id\":\"https:\/\/efsvalves.com\/en\/#organization\"},\"potentialAction\":[{\"@type\":\"SearchAction\",\"target\":{\"@type\":\"EntryPoint\",\"urlTemplate\":\"https:\/\/efsvalves.com\/en\/?s={search_term_string}\"},\"query-input\":{\"@type\":\"PropertyValueSpecification\",\"valueRequired\":true,\"valueName\":\"search_term_string\"}}],\"inLanguage\":\"fr-FR\"},{\"@type\":\"Organization\",\"@id\":\"https:\/\/efsvalves.com\/en\/#organization\",\"name\":\"EFS Valves\",\"url\":\"https:\/\/efsvalves.com\/en\/\",\"logo\":{\"@type\":\"ImageObject\",\"inLanguage\":\"fr-FR\",\"@id\":\"https:\/\/efsvalves.com\/en\/#\/schema\/logo\/image\/\",\"url\":\"https:\/\/efsvalves.com\/wp-content\/uploads\/2020\/02\/EFSVALVES.jpg\",\"contentUrl\":\"https:\/\/efsvalves.com\/wp-content\/uploads\/2020\/02\/EFSVALVES.jpg\",\"width\":1786,\"height\":168,\"caption\":\"EFS Valves\"},\"image\":{\"@id\":\"https:\/\/efsvalves.com\/en\/#\/schema\/logo\/image\/\"},\"sameAs\":[\"https:\/\/www.linkedin.com\/company\/1695688\/\"]}]}<\/script>\n<!-- \/ Yoast SEO plugin. -->","yoast_head_json":{"title":"Politique environnementale - Efsvalves","robots":{"index":"index","follow":"follow","max-snippet":"max-snippet:-1","max-image-preview":"max-image-preview:large","max-video-preview":"max-video-preview:-1"},"canonical":"https:\/\/efsvalves.com\/fr\/about-us\/environmental-policy\/","og_locale":"fr_FR","og_type":"article","og_title":"Politique environnementale - Efsvalves","og_description":"[vc_row][vc_column width=\u00a0\u00bb1\/2&Prime;][vc_column_text] Engineering Fluid solutions reconna\u00eet que la durabilit\u00e9 est un facteur d&rsquo;importance vitale, nous avons mis en place une politique pour adapter nos proc\u00e9dures afin de garantir que nous contribuons \u00e0 cette politique dans toutes nos pratiques, de la conception ou l&rsquo;approvisionnement \u00e0 l&rsquo;exp\u00e9dition, y compris toute action unique susceptible d&rsquo;\u00eatre r\u00e9vis\u00e9e. Notre compromis [&hellip;]","og_url":"https:\/\/efsvalves.com\/fr\/about-us\/environmental-policy\/","og_site_name":"Efsvalves","article_modified_time":"2021-11-03T08:28:27+00:00","twitter_card":"summary_large_image","twitter_misc":{"Dur\u00e9e de lecture estim\u00e9e":"1 minute"},"schema":{"@context":"https:\/\/schema.org","@graph":[{"@type":"WebPage","@id":"https:\/\/efsvalves.com\/fr\/about-us\/environmental-policy\/","url":"https:\/\/efsvalves.com\/fr\/about-us\/environmental-policy\/","name":"Politique environnementale - Efsvalves","isPartOf":{"@id":"https:\/\/efsvalves.com\/en\/#website"},"datePublished":"2020-01-27T09:51:37+00:00","dateModified":"2021-11-03T08:28:27+00:00","breadcrumb":{"@id":"https:\/\/efsvalves.com\/fr\/about-us\/environmental-policy\/#breadcrumb"},"inLanguage":"fr-FR","potentialAction":[{"@type":"ReadAction","target":["https:\/\/efsvalves.com\/fr\/about-us\/environmental-policy\/"]}]},{"@type":"BreadcrumbList","@id":"https:\/\/efsvalves.com\/fr\/about-us\/environmental-policy\/#breadcrumb","itemListElement":[{"@type":"ListItem","position":1,"name":"Portada","item":"https:\/\/efsvalves.com\/en\/"},{"@type":"ListItem","position":2,"name":"Notre soci\u00e9t\u00e9","item":"https:\/\/efsvalves.com\/en\/about-us\/"},{"@type":"ListItem","position":3,"name":"Politique environnementale"}]},{"@type":"WebSite","@id":"https:\/\/efsvalves.com\/en\/#website","url":"https:\/\/efsvalves.com\/en\/","name":"Efsvalves","description":"Distribuci\u00f3n de v\u00e1lvulas industriales","publisher":{"@id":"https:\/\/efsvalves.com\/en\/#organization"},"potentialAction":[{"@type":"SearchAction","target":{"@type":"EntryPoint","urlTemplate":"https:\/\/efsvalves.com\/en\/?s={search_term_string}"},"query-input":{"@type":"PropertyValueSpecification","valueRequired":true,"valueName":"search_term_string"}}],"inLanguage":"fr-FR"},{"@type":"Organization","@id":"https:\/\/efsvalves.com\/en\/#organization","name":"EFS Valves","url":"https:\/\/efsvalves.com\/en\/","logo":{"@type":"ImageObject","inLanguage":"fr-FR","@id":"https:\/\/efsvalves.com\/en\/#\/schema\/logo\/image\/","url":"https:\/\/efsvalves.com\/wp-content\/uploads\/2020\/02\/EFSVALVES.jpg","contentUrl":"https:\/\/efsvalves.com\/wp-content\/uploads\/2020\/02\/EFSVALVES.jpg","width":1786,"height":168,"caption":"EFS Valves"},"image":{"@id":"https:\/\/efsvalves.com\/en\/#\/schema\/logo\/image\/"},"sameAs":["https:\/\/www.linkedin.com\/company\/1695688\/"]}]}},"_links":{"self":[{"href":"https:\/\/efsvalves.com\/fr\/wp-json\/wp\/v2\/pages\/4441","targetHints":{"allow":["GET"]}}],"collection":[{"href":"https:\/\/efsvalves.com\/fr\/wp-json\/wp\/v2\/pages"}],"about":[{"href":"https:\/\/efsvalves.com\/fr\/wp-json\/wp\/v2\/types\/page"}],"author":[{"embeddable":true,"href":"https:\/\/efsvalves.com\/fr\/wp-json\/wp\/v2\/users\/1"}],"replies":[{"embeddable":true,"href":"https:\/\/efsvalves.com\/fr\/wp-json\/wp\/v2\/comments?post=4441"}],"version-history":[{"count":3,"href":"https:\/\/efsvalves.com\/fr\/wp-json\/wp\/v2\/pages\/4441\/revisions"}],"predecessor-version":[{"id":4845,"href":"https:\/\/efsvalves.com\/fr\/wp-json\/wp\/v2\/pages\/4441\/revisions\/4845"}],"up":[{"embeddable":true,"href":"https:\/\/efsvalves.com\/fr\/wp-json\/wp\/v2\/pages\/4438"}],"wp:attachment":[{"href":"https:\/\/efsvalves.com\/fr\/wp-json\/wp\/v2\/media?parent=4441"}],"curies":[{"name":"wp","href":"https:\/\/api.w.org\/{rel}","templated":true}]}}