{"id":4445,"date":"2020-09-28T18:05:53","date_gmt":"2020-09-28T16:05:53","guid":{"rendered":"http:\/\/efsvalves.com\/valve-automation\/"},"modified":"2021-07-06T19:27:26","modified_gmt":"2021-07-06T17:27:26","slug":"valve-automation","status":"publish","type":"page","link":"https:\/\/efsvalves.com\/fr\/valve-automation\/","title":{"rendered":"Centre D&rsquo;Automatisation"},"content":{"rendered":"<div class=\"wpb-content-wrapper\"><p>[vc_row is_section=\u00a0\u00bbyes\u00a0\u00bb section_skin=\u00a0\u00bbparallax\u00a0\u00bb remove_margin_top=\u00a0\u00bbyes\u00a0\u00bb remove_margin_bottom=\u00a0\u00bbyes\u00a0\u00bb remove_border=\u00a0\u00bbyes\u00a0\u00bb][vc_column width=\u00a0\u00bb1\/2&Prime;][vc_column_text css_animation=\u00a0\u00bbfadeInUp\u00a0\u00bb]<\/p>\n<h3 class=\"p1\"><span class=\"s2\">AUTOMATION CENTER<\/span><\/h3>\n<div class=\"porto-animation\"  data-appear-animation=\"fadeInUp\"><strong><span class=\"s1\" style=\"font-size: 18px;\">Le centre d&rsquo;automatisation d&rsquo;EFSVALVES fournit une gamme compl\u00e8te de solutions pour l&rsquo;automatisation des vannes et des solutions sur mesure.<\/span><\/strong><\/div>\n<h5 class=\"p1\"><span class=\"s1\">ACTIONNEURS<\/span><\/h5>\n<p class=\"p1\"><span class=\"s1\">90 DEGR\u00c9S o ACTIONNEURS LINEAIRES<\/span><\/p>\n<ul class=\"ul1\">\n<li class=\"li1\">\n<p class=\"p1\"><span class=\"s1\">PNEUMATIQUES (double effet \u00e0 ressort de rappel)<\/span><\/p>\n<\/li>\n<li class=\"li1\">\n<p class=\"p1\"><span class=\"s1\">RACK &amp; PINION<\/span><\/p>\n<\/li>\n<li class=\"li1\">\n<p class=\"p1\"><span class=\"s1\">YOKE D&rsquo;\u00c9COSSE<\/span><\/p>\n<\/li>\n<li class=\"li1\">\n<p class=\"p1\"><span class=\"s1\">\u00c9LECTRO &#8211; HYDRAULIQUE<\/span><\/p>\n<\/li>\n<li class=\"li1\">\n<p class=\"p1\"><span class=\"s1\">ELECTRIQUE<\/span><\/p>\n<\/li>\n<\/ul>\n<h5 class=\"p1\"><span class=\"s1\">\u00b7<\/span><\/h5>\n<p class=\"p1\"><span class=\"s1\">ACCESSOIRES D&rsquo;AUTOMATISATION<\/span><\/p>\n<p class=\"p1\"><span class=\"s1\">POSITIONNEURS<\/span><\/p>\n<p class=\"p1\"><span class=\"s1\">EFS Valves fournit des positionneurs universels qui offrent une polyvalence, des performances dynamiques et une grande pr\u00e9cision de positionnement. Assembl\u00e9s sur le dessus, en contact avec l&rsquo;actionneur, avec le m\u00eame mouvement rotatif. Disponibles pour les zones dangereuses, SIL et autres certificats<\/span><\/p>\n<p class=\"p1\"><span class=\"s1\">SOLENOIDS<\/span><\/p>\n<ul class=\"ul1\">\n<li class=\"li1\">\n<p class=\"p1\"><span class=\"s1\">Connexion NAMUR selon VDI\/VDE 3845 disponible.types de capteurs : M\u00e9canique \/ Magn\u00e9tique \/ Inductif \/ Pneumatique<\/span><\/p>\n<\/li>\n<li class=\"li1\">\n<p class=\"p1\"><span class=\"s1\">Pour simple\/double effet ; 5\/2 voies (double effet), 3\/2 (simple effet).<\/span><\/p>\n<\/li>\n<li class=\"li1\">\n<p class=\"p1\"><span class=\"s1\">Plage de temp\u00e9rature de travail : &#8211; 60\u00baC \u00e0 +80\u00baC.<\/span><\/p>\n<\/li>\n<li class=\"li1\">\n<p class=\"p1\"><span class=\"s1\">Disponible en DC\/AC.<\/span><\/p>\n<\/li>\n<li class=\"li1\">\n<p class=\"p1\"><span class=\"s1\">Corps en laiton, aluminium ou acier inoxydable.<\/span><\/p>\n<\/li>\n<li class=\"li1\">\n<p class=\"p1\"><span class=\"s1\">Protection IP65-IP68.<\/span><\/p>\n<\/li>\n<li class=\"li1\">\n<p class=\"p1\"><span class=\"s1\">ATEX<\/span><\/p>\n<\/li>\n<li class=\"li1\">\n<p class=\"p1\"><span class=\"s1\">SIL<\/span><\/p>\n<\/li>\n<\/ul>\n<h5 class=\"p1\" style=\"text-align: left;\"><span class=\"s1\">\u00b7<\/span><span class=\"s1\">ACCESOIRES PNEUMATIQUES<\/span><\/h5>\n<ul>\n<li>\n<p class=\"p1\"><span class=\"s1\">Electrovannes 2\/2, 3\/2, 5\/2,5\/3.<\/span><\/p>\n<\/li>\n<li>\n<p class=\"p1\"><span class=\"s1\">Filtre R\u00e9gulateur<\/span><\/p>\n<\/li>\n<li>\n<p class=\"p1\"><span class=\"s1\">Booster<\/span><\/p>\n<\/li>\n<li>\n<p class=\"p1\"><span class=\"s1\">\u00c9chappement rapide<\/span><\/p>\n<\/li>\n<li>\n<p class=\"p1\"><span class=\"s1\">Fusible thermique<\/span><\/p>\n<\/li>\n<li>\n<p class=\"p1\"><span class=\"s1\">Pressostats<\/span><\/p>\n<\/li>\n<li>\n<p class=\"p1\"><span class=\"s1\">Soupapes de s\u00fbret\u00e9<\/span><\/p>\n<\/li>\n<li>\n<p class=\"p1\"><span class=\"s1\">Clapets anti-retour<\/span><\/p>\n<\/li>\n<li>\n<p class=\"p1\"><span class=\"s1\">Soupapes de verrouillage<\/span><\/p>\n<\/li>\n<li>\n<p class=\"p1\"><span class=\"s1\">R\u00e9servoirs d&rsquo;accumulation<\/span><\/p>\n<\/li>\n<li>\n<p class=\"p1\"><span class=\"s1\">Levier homme mort<\/span><\/p>\n<\/li>\n<li>\n<p class=\"p1\"><span class=\"s1\">Amortisseurs de pulsation<\/span><\/p>\n<\/li>\n<\/ul>\n<p class=\"p2\"><span class=\"s1\">COMMANDE MANUELLE D&rsquo;URGENCE<\/span><\/p>\n<p class=\"p1\"><span class=\"s1\">Disponible pour les actionneurs \u00e0 simple et double effet. L&#8217;emplacement de montage de la cr\u00e9maill\u00e8re et du pignon se trouve entre l&rsquo;actionneur et la vanne. Les dispositifs de commande manuelle d&rsquo;urgence des actionneurs Scotch Yoke sont int\u00e9gr\u00e9s \u00e0 l&rsquo;int\u00e9rieur de l&rsquo;actionneur par le fabricant.<\/span><\/p>\n<ul>\n<li class=\"li2\" style=\"text-align: left;\">\n<p class=\"p1\"><span class=\"s1\">\u00a0SYST\u00c8MES &amp; SKIDS<\/span><\/p>\n<\/li>\n<li class=\"li2\" style=\"text-align: left;\">\n<p class=\"p1\"><span class=\"s1\">ESDV : vanne d&rsquo;arr\u00eat d&rsquo;urgence \/ SDV : vanne d&rsquo;arr\u00eat d&rsquo;urgence<\/span><\/p>\n<\/li>\n<li class=\"li2\" style=\"text-align: left;\">\n<p class=\"p1\"><span class=\"s1\">BDV : vannes d&rsquo;arr\u00eat d&rsquo;urgence<\/span><\/p>\n<\/li>\n<li class=\"li2\" style=\"text-align: left;\">\n<p class=\"p1\"><span class=\"s1\">XV Vanne de process<\/span><\/p>\n<\/li>\n<li class=\"li2\" style=\"text-align: left;\">\n<p class=\"p1\"><span class=\"s1\">MOV Vannes motoris\u00e9es<\/span><\/p>\n<\/li>\n<li class=\"li2\" style=\"text-align: left;\">\n<p class=\"p1\"><span class=\"s1\">Syst\u00e8me de soupapes de s\u00fbret\u00e9 \u00e0 commutation<\/span><\/p>\n<\/li>\n<\/ul>\n<p>[\/vc_column_text][\/vc_column][vc_column width=\u00a0\u00bb1\/2&Prime; el_class=\u00a0\u00bborder-md-2&Prime;][vc_single_image image=\u00a0\u00bb4426&Prime; img_size=\u00a0\u00bblarge\u00a0\u00bb animation_delay=\u00a0\u00bb100&Prime; animation_type=\u00a0\u00bbfadeInRight\u00a0\u00bb el_class=\u00a0\u00bbmb-4&Prime;][vc_single_image image=\u00a0\u00bb3899&Prime; img_size=\u00a0\u00bblarge\u00a0\u00bb][vc_single_image image=\u00a0\u00bb4406&Prime; img_size=\u00a0\u00bbmedium\u00a0\u00bb][\/vc_column][\/vc_row]<\/p>\n<\/div>","protected":false},"excerpt":{"rendered":"<p>[vc_row is_section=\u00a0\u00bbyes\u00a0\u00bb section_skin=\u00a0\u00bbparallax\u00a0\u00bb remove_margin_top=\u00a0\u00bbyes\u00a0\u00bb remove_margin_bottom=\u00a0\u00bbyes\u00a0\u00bb remove_border=\u00a0\u00bbyes\u00a0\u00bb][vc_column width=\u00a0\u00bb1\/2&Prime;][vc_column_text css_animation=\u00a0\u00bbfadeInUp\u00a0\u00bb] AUTOMATION CENTER ACTIONNEURS 90 DEGR\u00c9S o ACTIONNEURS LINEAIRES PNEUMATIQUES (double effet \u00e0 ressort de rappel) RACK &amp; PINION YOKE D&rsquo;\u00c9COSSE \u00c9LECTRO &#8211; HYDRAULIQUE ELECTRIQUE \u00b7 ACCESSOIRES D&rsquo;AUTOMATISATION POSITIONNEURS EFS Valves fournit des positionneurs universels qui offrent une polyvalence, des performances dynamiques et une grande pr\u00e9cision de positionnement. [&hellip;]<\/p>\n","protected":false},"author":1,"featured_media":0,"parent":0,"menu_order":0,"comment_status":"closed","ping_status":"closed","template":"","meta":{"_acf_changed":false,"footnotes":""},"class_list":["post-4445","page","type-page","status-publish","hentry"],"acf":[],"yoast_head":"<!-- This site is optimized with the Yoast SEO plugin v25.8 - https:\/\/yoast.com\/wordpress\/plugins\/seo\/ -->\n<title>Centre D&#039;Automatisation - Efsvalves<\/title>\n<meta name=\"robots\" content=\"index, follow, max-snippet:-1, max-image-preview:large, max-video-preview:-1\" \/>\n<link rel=\"canonical\" href=\"https:\/\/efsvalves.com\/en\/services\/valve-automation\/\" \/>\n<meta property=\"og:locale\" content=\"fr_FR\" \/>\n<meta property=\"og:type\" content=\"article\" \/>\n<meta property=\"og:title\" content=\"Centre D&#039;Automatisation - Efsvalves\" \/>\n<meta property=\"og:description\" content=\"[vc_row is_section=\u00a0\u00bbyes\u00a0\u00bb section_skin=\u00a0\u00bbparallax\u00a0\u00bb remove_margin_top=\u00a0\u00bbyes\u00a0\u00bb remove_margin_bottom=\u00a0\u00bbyes\u00a0\u00bb remove_border=\u00a0\u00bbyes\u00a0\u00bb][vc_column width=\u00a0\u00bb1\/2&Prime;][vc_column_text css_animation=\u00a0\u00bbfadeInUp\u00a0\u00bb] AUTOMATION CENTER ACTIONNEURS 90 DEGR\u00c9S o ACTIONNEURS LINEAIRES PNEUMATIQUES (double effet \u00e0 ressort de rappel) RACK &amp; PINION YOKE D&rsquo;\u00c9COSSE \u00c9LECTRO &#8211; HYDRAULIQUE ELECTRIQUE \u00b7 ACCESSOIRES D&rsquo;AUTOMATISATION POSITIONNEURS EFS Valves fournit des positionneurs universels qui offrent une polyvalence, des performances dynamiques et une grande pr\u00e9cision de positionnement. [&hellip;]\" \/>\n<meta property=\"og:url\" content=\"https:\/\/efsvalves.com\/en\/services\/valve-automation\/\" \/>\n<meta property=\"og:site_name\" content=\"Efsvalves\" \/>\n<meta property=\"article:modified_time\" content=\"2021-07-06T17:27:26+00:00\" \/>\n<meta name=\"twitter:card\" content=\"summary_large_image\" \/>\n<meta name=\"twitter:label1\" content=\"Dur\u00e9e de lecture estim\u00e9e\" \/>\n\t<meta name=\"twitter:data1\" content=\"2 minutes\" \/>\n<script type=\"application\/ld+json\" class=\"yoast-schema-graph\">{\"@context\":\"https:\/\/schema.org\",\"@graph\":[{\"@type\":\"WebPage\",\"@id\":\"https:\/\/efsvalves.com\/en\/services\/valve-automation\/\",\"url\":\"https:\/\/efsvalves.com\/en\/services\/valve-automation\/\",\"name\":\"Centre D'Automatisation - Efsvalves\",\"isPartOf\":{\"@id\":\"https:\/\/efsvalves.com\/en\/#website\"},\"datePublished\":\"2020-09-28T16:05:53+00:00\",\"dateModified\":\"2021-07-06T17:27:26+00:00\",\"breadcrumb\":{\"@id\":\"https:\/\/efsvalves.com\/en\/services\/valve-automation\/#breadcrumb\"},\"inLanguage\":\"fr-FR\",\"potentialAction\":[{\"@type\":\"ReadAction\",\"target\":[\"https:\/\/efsvalves.com\/en\/services\/valve-automation\/\"]}]},{\"@type\":\"BreadcrumbList\",\"@id\":\"https:\/\/efsvalves.com\/en\/services\/valve-automation\/#breadcrumb\",\"itemListElement\":[{\"@type\":\"ListItem\",\"position\":1,\"name\":\"Portada\",\"item\":\"https:\/\/efsvalves.com\/en\/\"},{\"@type\":\"ListItem\",\"position\":2,\"name\":\"Centre D&#8217;Automatisation\"}]},{\"@type\":\"WebSite\",\"@id\":\"https:\/\/efsvalves.com\/en\/#website\",\"url\":\"https:\/\/efsvalves.com\/en\/\",\"name\":\"Efsvalves\",\"description\":\"Distribuci\u00f3n de v\u00e1lvulas industriales\",\"publisher\":{\"@id\":\"https:\/\/efsvalves.com\/en\/#organization\"},\"potentialAction\":[{\"@type\":\"SearchAction\",\"target\":{\"@type\":\"EntryPoint\",\"urlTemplate\":\"https:\/\/efsvalves.com\/en\/?s={search_term_string}\"},\"query-input\":{\"@type\":\"PropertyValueSpecification\",\"valueRequired\":true,\"valueName\":\"search_term_string\"}}],\"inLanguage\":\"fr-FR\"},{\"@type\":\"Organization\",\"@id\":\"https:\/\/efsvalves.com\/en\/#organization\",\"name\":\"EFS Valves\",\"url\":\"https:\/\/efsvalves.com\/en\/\",\"logo\":{\"@type\":\"ImageObject\",\"inLanguage\":\"fr-FR\",\"@id\":\"https:\/\/efsvalves.com\/en\/#\/schema\/logo\/image\/\",\"url\":\"https:\/\/efsvalves.com\/wp-content\/uploads\/2020\/02\/EFSVALVES.jpg\",\"contentUrl\":\"https:\/\/efsvalves.com\/wp-content\/uploads\/2020\/02\/EFSVALVES.jpg\",\"width\":1786,\"height\":168,\"caption\":\"EFS Valves\"},\"image\":{\"@id\":\"https:\/\/efsvalves.com\/en\/#\/schema\/logo\/image\/\"},\"sameAs\":[\"https:\/\/www.linkedin.com\/company\/1695688\/\"]}]}<\/script>\n<!-- \/ Yoast SEO plugin. -->","yoast_head_json":{"title":"Centre D'Automatisation - Efsvalves","robots":{"index":"index","follow":"follow","max-snippet":"max-snippet:-1","max-image-preview":"max-image-preview:large","max-video-preview":"max-video-preview:-1"},"canonical":"https:\/\/efsvalves.com\/en\/services\/valve-automation\/","og_locale":"fr_FR","og_type":"article","og_title":"Centre D'Automatisation - Efsvalves","og_description":"[vc_row is_section=\u00a0\u00bbyes\u00a0\u00bb section_skin=\u00a0\u00bbparallax\u00a0\u00bb remove_margin_top=\u00a0\u00bbyes\u00a0\u00bb remove_margin_bottom=\u00a0\u00bbyes\u00a0\u00bb remove_border=\u00a0\u00bbyes\u00a0\u00bb][vc_column width=\u00a0\u00bb1\/2&Prime;][vc_column_text css_animation=\u00a0\u00bbfadeInUp\u00a0\u00bb] AUTOMATION CENTER ACTIONNEURS 90 DEGR\u00c9S o ACTIONNEURS LINEAIRES PNEUMATIQUES (double effet \u00e0 ressort de rappel) RACK &amp; PINION YOKE D&rsquo;\u00c9COSSE \u00c9LECTRO &#8211; HYDRAULIQUE ELECTRIQUE \u00b7 ACCESSOIRES D&rsquo;AUTOMATISATION POSITIONNEURS EFS Valves fournit des positionneurs universels qui offrent une polyvalence, des performances dynamiques et une grande pr\u00e9cision de positionnement. [&hellip;]","og_url":"https:\/\/efsvalves.com\/en\/services\/valve-automation\/","og_site_name":"Efsvalves","article_modified_time":"2021-07-06T17:27:26+00:00","twitter_card":"summary_large_image","twitter_misc":{"Dur\u00e9e de lecture estim\u00e9e":"2 minutes"},"schema":{"@context":"https:\/\/schema.org","@graph":[{"@type":"WebPage","@id":"https:\/\/efsvalves.com\/en\/services\/valve-automation\/","url":"https:\/\/efsvalves.com\/en\/services\/valve-automation\/","name":"Centre D'Automatisation - Efsvalves","isPartOf":{"@id":"https:\/\/efsvalves.com\/en\/#website"},"datePublished":"2020-09-28T16:05:53+00:00","dateModified":"2021-07-06T17:27:26+00:00","breadcrumb":{"@id":"https:\/\/efsvalves.com\/en\/services\/valve-automation\/#breadcrumb"},"inLanguage":"fr-FR","potentialAction":[{"@type":"ReadAction","target":["https:\/\/efsvalves.com\/en\/services\/valve-automation\/"]}]},{"@type":"BreadcrumbList","@id":"https:\/\/efsvalves.com\/en\/services\/valve-automation\/#breadcrumb","itemListElement":[{"@type":"ListItem","position":1,"name":"Portada","item":"https:\/\/efsvalves.com\/en\/"},{"@type":"ListItem","position":2,"name":"Centre D&#8217;Automatisation"}]},{"@type":"WebSite","@id":"https:\/\/efsvalves.com\/en\/#website","url":"https:\/\/efsvalves.com\/en\/","name":"Efsvalves","description":"Distribuci\u00f3n de v\u00e1lvulas industriales","publisher":{"@id":"https:\/\/efsvalves.com\/en\/#organization"},"potentialAction":[{"@type":"SearchAction","target":{"@type":"EntryPoint","urlTemplate":"https:\/\/efsvalves.com\/en\/?s={search_term_string}"},"query-input":{"@type":"PropertyValueSpecification","valueRequired":true,"valueName":"search_term_string"}}],"inLanguage":"fr-FR"},{"@type":"Organization","@id":"https:\/\/efsvalves.com\/en\/#organization","name":"EFS Valves","url":"https:\/\/efsvalves.com\/en\/","logo":{"@type":"ImageObject","inLanguage":"fr-FR","@id":"https:\/\/efsvalves.com\/en\/#\/schema\/logo\/image\/","url":"https:\/\/efsvalves.com\/wp-content\/uploads\/2020\/02\/EFSVALVES.jpg","contentUrl":"https:\/\/efsvalves.com\/wp-content\/uploads\/2020\/02\/EFSVALVES.jpg","width":1786,"height":168,"caption":"EFS Valves"},"image":{"@id":"https:\/\/efsvalves.com\/en\/#\/schema\/logo\/image\/"},"sameAs":["https:\/\/www.linkedin.com\/company\/1695688\/"]}]}},"_links":{"self":[{"href":"https:\/\/efsvalves.com\/fr\/wp-json\/wp\/v2\/pages\/4445","targetHints":{"allow":["GET"]}}],"collection":[{"href":"https:\/\/efsvalves.com\/fr\/wp-json\/wp\/v2\/pages"}],"about":[{"href":"https:\/\/efsvalves.com\/fr\/wp-json\/wp\/v2\/types\/page"}],"author":[{"embeddable":true,"href":"https:\/\/efsvalves.com\/fr\/wp-json\/wp\/v2\/users\/1"}],"replies":[{"embeddable":true,"href":"https:\/\/efsvalves.com\/fr\/wp-json\/wp\/v2\/comments?post=4445"}],"version-history":[{"count":3,"href":"https:\/\/efsvalves.com\/fr\/wp-json\/wp\/v2\/pages\/4445\/revisions"}],"predecessor-version":[{"id":4447,"href":"https:\/\/efsvalves.com\/fr\/wp-json\/wp\/v2\/pages\/4445\/revisions\/4447"}],"wp:attachment":[{"href":"https:\/\/efsvalves.com\/fr\/wp-json\/wp\/v2\/media?parent=4445"}],"curies":[{"name":"wp","href":"https:\/\/api.w.org\/{rel}","templated":true}]}}