{"id":4458,"date":"2020-10-02T10:04:58","date_gmt":"2020-10-02T08:04:58","guid":{"rendered":"http:\/\/efsvalves.com\/3907-2\/"},"modified":"2021-07-21T10:41:09","modified_gmt":"2021-07-21T08:41:09","slug":"3907-2","status":"publish","type":"page","link":"https:\/\/efsvalves.com\/fr\/3907-2\/","title":{"rendered":"Centre de service"},"content":{"rendered":"<div class=\"wpb-content-wrapper\"><p>[vc_row is_section=\u00a0\u00bbyes\u00a0\u00bb section_skin=\u00a0\u00bbparallax\u00a0\u00bb remove_margin_top=\u00a0\u00bbyes\u00a0\u00bb remove_margin_bottom=\u00a0\u00bbyes\u00a0\u00bb remove_border=\u00a0\u00bbyes\u00a0\u00bb][vc_column width=\u00a0\u00bb1\/2&Prime;][vc_column_text css_animation=\u00a0\u00bbfadeInUp\u00a0\u00bb]<\/p>\n<h3>CENTRE DE SERVICE<\/h3>\n<p>[\/vc_column_text][vc_column_text css_animation=\u00a0\u00bbfadeInUp\u00a0\u00bb el_class=\u00a0\u00bbclap-texto-destacado-pagina\u00a0\u00bb]<\/p>\n<h5 class=\"p1\"><span class=\"s1\">Chemise chauffante pour vannes<\/span><\/h5>\n<h5 class=\"p1\"><span class=\"s1\">Extension d&rsquo;arbre de vanne<\/span><\/h5>\n<h5 class=\"p1\"><span class=\"s1\">Service et r\u00e9paration des soupapes de s\u00fbret\u00e9<\/span><\/h5>\n<h5 class=\"p1\"><span class=\"s1\">Rev\u00eatement sp\u00e9cial de vanne PTFE, EFCTE teflon\u00ae HALAR\u00ae , peinture sp\u00e9ciale<\/span><\/h5>\n<p><span class=\"s1\" style=\"font-size: 14px;\">Notre personnel qualifi\u00e9 \u00e9valuera et informera sur la meilleure solution avant la r\u00e9paration. Il pourra ainsi organiser l&rsquo;enl\u00e8vement et la livraison de la vanne apr\u00e8s r\u00e9paration avec une garantie, une certification, une inspection, un rapport de qualit\u00e9, etc.<\/span><\/p>\n<p><span class=\"s1\" style=\"font-size: 14px;\">Nous fournissons les services suivants :<\/span><\/p>\n<ul>\n<li class=\"p1\"><span class=\"s1\" style=\"font-size: 14px;\">Test de vanne (pression de r\u00e9glage, fuite)<\/span><\/li>\n<li><span class=\"s1\" style=\"font-size: 14px;\">Nous pouvons fournir une peinture sp\u00e9ciale de la vanne selon C3, C4, C5 marine, offshore, etc.<\/span><\/li>\n<li><span class=\"s1\" style=\"font-size: 14px;\">Inspection des vannes<\/span><\/li>\n<li><span class=\"s1\" style=\"font-size: 14px;\">D\u00e9graissage<\/span><\/li>\n<li><span class=\"s1\" style=\"font-size: 14px;\">Inspection visuelle, inspection de la corrosion, r\u00e9paration, remise \u00e0 neuf ou remplacement.<\/span><\/li>\n<li><span class=\"s1\" style=\"font-size: 14px;\">Sablage du si\u00e8ge de la vanne<\/span><\/li>\n<li><span class=\"s1\" style=\"font-size: 14px;\">Service de joints, test de pression \/ test de bulle \/ test de fuite du si\u00e8ge et r\u00e9ajustement de la pression de la soupape de s\u00e9curit\u00e9.<\/span><\/li>\n<li><span class=\"s1\" style=\"font-size: 14px;\">Modification de la soupape<\/span><\/li>\n<li><span class=\"s1\" style=\"font-size: 14px;\">Plan qualit\u00e9 de r\u00e9paration<\/span><\/li>\n<li><span class=\"s1\" style=\"font-size: 14px;\">Inspections par des tiers<\/span><\/li>\n<li><span class=\"s1\" style=\"font-size: 14px;\">Documentation compl\u00e8te, gestion des dossiers<\/span><\/li>\n<\/ul>\n<p>[\/vc_column_text][\/vc_column][vc_column width=\u00a0\u00bb1\/2&Prime; el_class=\u00a0\u00bborder-md-2&Prime;][vc_single_image image=\u00a0\u00bb3912&Prime; img_size=\u00a0\u00bblarge\u00a0\u00bb animation_delay=\u00a0\u00bb100&Prime; animation_type=\u00a0\u00bbfadeInRight\u00a0\u00bb el_class=\u00a0\u00bbmb-4&Prime;][vc_single_image image=\u00a0\u00bb3914&Prime; img_size=\u00a0\u00bblarge\u00a0\u00bb][vc_single_image image=\u00a0\u00bb3920&Prime; img_size=\u00a0\u00bblarge\u00a0\u00bb][vc_single_image image=\u00a0\u00bb4270&Prime; img_size=\u00a0\u00bbfull\u00a0\u00bb][\/vc_column][\/vc_row]<\/p>\n<\/div>","protected":false},"excerpt":{"rendered":"<p>[vc_row is_section=\u00a0\u00bbyes\u00a0\u00bb section_skin=\u00a0\u00bbparallax\u00a0\u00bb remove_margin_top=\u00a0\u00bbyes\u00a0\u00bb remove_margin_bottom=\u00a0\u00bbyes\u00a0\u00bb remove_border=\u00a0\u00bbyes\u00a0\u00bb][vc_column width=\u00a0\u00bb1\/2&Prime;][vc_column_text css_animation=\u00a0\u00bbfadeInUp\u00a0\u00bb] CENTRE DE SERVICE [\/vc_column_text][vc_column_text css_animation=\u00a0\u00bbfadeInUp\u00a0\u00bb el_class=\u00a0\u00bbclap-texto-destacado-pagina\u00a0\u00bb] Chemise chauffante pour vannes Extension d&rsquo;arbre de vanne Service et r\u00e9paration des soupapes de s\u00fbret\u00e9 Rev\u00eatement sp\u00e9cial de vanne PTFE, EFCTE teflon\u00ae HALAR\u00ae , peinture sp\u00e9ciale Notre personnel qualifi\u00e9 \u00e9valuera et informera sur la meilleure solution avant la r\u00e9paration. Il pourra [&hellip;]<\/p>\n","protected":false},"author":1,"featured_media":0,"parent":0,"menu_order":0,"comment_status":"closed","ping_status":"closed","template":"","meta":{"_acf_changed":false,"footnotes":""},"class_list":["post-4458","page","type-page","status-publish","hentry"],"acf":[],"yoast_head":"<!-- This site is optimized with the Yoast SEO plugin v25.8 - https:\/\/yoast.com\/wordpress\/plugins\/seo\/ -->\n<title>Centre de service - Efsvalves<\/title>\n<meta name=\"robots\" content=\"index, follow, max-snippet:-1, max-image-preview:large, max-video-preview:-1\" \/>\n<link rel=\"canonical\" href=\"https:\/\/efsvalves.com\/en\/services\/3907-2\/\" \/>\n<meta property=\"og:locale\" content=\"fr_FR\" \/>\n<meta property=\"og:type\" content=\"article\" \/>\n<meta property=\"og:title\" content=\"Centre de service - Efsvalves\" \/>\n<meta property=\"og:description\" content=\"[vc_row is_section=\u00a0\u00bbyes\u00a0\u00bb section_skin=\u00a0\u00bbparallax\u00a0\u00bb remove_margin_top=\u00a0\u00bbyes\u00a0\u00bb remove_margin_bottom=\u00a0\u00bbyes\u00a0\u00bb remove_border=\u00a0\u00bbyes\u00a0\u00bb][vc_column width=\u00a0\u00bb1\/2&Prime;][vc_column_text css_animation=\u00a0\u00bbfadeInUp\u00a0\u00bb] CENTRE DE SERVICE [\/vc_column_text][vc_column_text css_animation=\u00a0\u00bbfadeInUp\u00a0\u00bb el_class=\u00a0\u00bbclap-texto-destacado-pagina\u00a0\u00bb] Chemise chauffante pour vannes Extension d&rsquo;arbre de vanne Service et r\u00e9paration des soupapes de s\u00fbret\u00e9 Rev\u00eatement sp\u00e9cial de vanne PTFE, EFCTE teflon\u00ae HALAR\u00ae , peinture sp\u00e9ciale Notre personnel qualifi\u00e9 \u00e9valuera et informera sur la meilleure solution avant la r\u00e9paration. Il pourra [&hellip;]\" \/>\n<meta property=\"og:url\" content=\"https:\/\/efsvalves.com\/en\/services\/3907-2\/\" \/>\n<meta property=\"og:site_name\" content=\"Efsvalves\" \/>\n<meta property=\"article:modified_time\" content=\"2021-07-21T08:41:09+00:00\" \/>\n<meta name=\"twitter:card\" content=\"summary_large_image\" \/>\n<meta name=\"twitter:label1\" content=\"Dur\u00e9e de lecture estim\u00e9e\" \/>\n\t<meta name=\"twitter:data1\" content=\"1 minute\" \/>\n<script type=\"application\/ld+json\" class=\"yoast-schema-graph\">{\"@context\":\"https:\/\/schema.org\",\"@graph\":[{\"@type\":\"WebPage\",\"@id\":\"https:\/\/efsvalves.com\/en\/services\/3907-2\/\",\"url\":\"https:\/\/efsvalves.com\/en\/services\/3907-2\/\",\"name\":\"Centre de service - Efsvalves\",\"isPartOf\":{\"@id\":\"https:\/\/efsvalves.com\/en\/#website\"},\"datePublished\":\"2020-10-02T08:04:58+00:00\",\"dateModified\":\"2021-07-21T08:41:09+00:00\",\"breadcrumb\":{\"@id\":\"https:\/\/efsvalves.com\/en\/services\/3907-2\/#breadcrumb\"},\"inLanguage\":\"fr-FR\",\"potentialAction\":[{\"@type\":\"ReadAction\",\"target\":[\"https:\/\/efsvalves.com\/en\/services\/3907-2\/\"]}]},{\"@type\":\"BreadcrumbList\",\"@id\":\"https:\/\/efsvalves.com\/en\/services\/3907-2\/#breadcrumb\",\"itemListElement\":[{\"@type\":\"ListItem\",\"position\":1,\"name\":\"Portada\",\"item\":\"https:\/\/efsvalves.com\/en\/\"},{\"@type\":\"ListItem\",\"position\":2,\"name\":\"Centre de service\"}]},{\"@type\":\"WebSite\",\"@id\":\"https:\/\/efsvalves.com\/en\/#website\",\"url\":\"https:\/\/efsvalves.com\/en\/\",\"name\":\"Efsvalves\",\"description\":\"Distribuci\u00f3n de v\u00e1lvulas industriales\",\"publisher\":{\"@id\":\"https:\/\/efsvalves.com\/en\/#organization\"},\"potentialAction\":[{\"@type\":\"SearchAction\",\"target\":{\"@type\":\"EntryPoint\",\"urlTemplate\":\"https:\/\/efsvalves.com\/en\/?s={search_term_string}\"},\"query-input\":{\"@type\":\"PropertyValueSpecification\",\"valueRequired\":true,\"valueName\":\"search_term_string\"}}],\"inLanguage\":\"fr-FR\"},{\"@type\":\"Organization\",\"@id\":\"https:\/\/efsvalves.com\/en\/#organization\",\"name\":\"EFS Valves\",\"url\":\"https:\/\/efsvalves.com\/en\/\",\"logo\":{\"@type\":\"ImageObject\",\"inLanguage\":\"fr-FR\",\"@id\":\"https:\/\/efsvalves.com\/en\/#\/schema\/logo\/image\/\",\"url\":\"https:\/\/efsvalves.com\/wp-content\/uploads\/2020\/02\/EFSVALVES.jpg\",\"contentUrl\":\"https:\/\/efsvalves.com\/wp-content\/uploads\/2020\/02\/EFSVALVES.jpg\",\"width\":1786,\"height\":168,\"caption\":\"EFS Valves\"},\"image\":{\"@id\":\"https:\/\/efsvalves.com\/en\/#\/schema\/logo\/image\/\"},\"sameAs\":[\"https:\/\/www.linkedin.com\/company\/1695688\/\"]}]}<\/script>\n<!-- \/ Yoast SEO plugin. -->","yoast_head_json":{"title":"Centre de service - Efsvalves","robots":{"index":"index","follow":"follow","max-snippet":"max-snippet:-1","max-image-preview":"max-image-preview:large","max-video-preview":"max-video-preview:-1"},"canonical":"https:\/\/efsvalves.com\/en\/services\/3907-2\/","og_locale":"fr_FR","og_type":"article","og_title":"Centre de service - Efsvalves","og_description":"[vc_row is_section=\u00a0\u00bbyes\u00a0\u00bb section_skin=\u00a0\u00bbparallax\u00a0\u00bb remove_margin_top=\u00a0\u00bbyes\u00a0\u00bb remove_margin_bottom=\u00a0\u00bbyes\u00a0\u00bb remove_border=\u00a0\u00bbyes\u00a0\u00bb][vc_column width=\u00a0\u00bb1\/2&Prime;][vc_column_text css_animation=\u00a0\u00bbfadeInUp\u00a0\u00bb] CENTRE DE SERVICE [\/vc_column_text][vc_column_text css_animation=\u00a0\u00bbfadeInUp\u00a0\u00bb el_class=\u00a0\u00bbclap-texto-destacado-pagina\u00a0\u00bb] Chemise chauffante pour vannes Extension d&rsquo;arbre de vanne Service et r\u00e9paration des soupapes de s\u00fbret\u00e9 Rev\u00eatement sp\u00e9cial de vanne PTFE, EFCTE teflon\u00ae HALAR\u00ae , peinture sp\u00e9ciale Notre personnel qualifi\u00e9 \u00e9valuera et informera sur la meilleure solution avant la r\u00e9paration. Il pourra [&hellip;]","og_url":"https:\/\/efsvalves.com\/en\/services\/3907-2\/","og_site_name":"Efsvalves","article_modified_time":"2021-07-21T08:41:09+00:00","twitter_card":"summary_large_image","twitter_misc":{"Dur\u00e9e de lecture estim\u00e9e":"1 minute"},"schema":{"@context":"https:\/\/schema.org","@graph":[{"@type":"WebPage","@id":"https:\/\/efsvalves.com\/en\/services\/3907-2\/","url":"https:\/\/efsvalves.com\/en\/services\/3907-2\/","name":"Centre de service - Efsvalves","isPartOf":{"@id":"https:\/\/efsvalves.com\/en\/#website"},"datePublished":"2020-10-02T08:04:58+00:00","dateModified":"2021-07-21T08:41:09+00:00","breadcrumb":{"@id":"https:\/\/efsvalves.com\/en\/services\/3907-2\/#breadcrumb"},"inLanguage":"fr-FR","potentialAction":[{"@type":"ReadAction","target":["https:\/\/efsvalves.com\/en\/services\/3907-2\/"]}]},{"@type":"BreadcrumbList","@id":"https:\/\/efsvalves.com\/en\/services\/3907-2\/#breadcrumb","itemListElement":[{"@type":"ListItem","position":1,"name":"Portada","item":"https:\/\/efsvalves.com\/en\/"},{"@type":"ListItem","position":2,"name":"Centre de service"}]},{"@type":"WebSite","@id":"https:\/\/efsvalves.com\/en\/#website","url":"https:\/\/efsvalves.com\/en\/","name":"Efsvalves","description":"Distribuci\u00f3n de v\u00e1lvulas industriales","publisher":{"@id":"https:\/\/efsvalves.com\/en\/#organization"},"potentialAction":[{"@type":"SearchAction","target":{"@type":"EntryPoint","urlTemplate":"https:\/\/efsvalves.com\/en\/?s={search_term_string}"},"query-input":{"@type":"PropertyValueSpecification","valueRequired":true,"valueName":"search_term_string"}}],"inLanguage":"fr-FR"},{"@type":"Organization","@id":"https:\/\/efsvalves.com\/en\/#organization","name":"EFS Valves","url":"https:\/\/efsvalves.com\/en\/","logo":{"@type":"ImageObject","inLanguage":"fr-FR","@id":"https:\/\/efsvalves.com\/en\/#\/schema\/logo\/image\/","url":"https:\/\/efsvalves.com\/wp-content\/uploads\/2020\/02\/EFSVALVES.jpg","contentUrl":"https:\/\/efsvalves.com\/wp-content\/uploads\/2020\/02\/EFSVALVES.jpg","width":1786,"height":168,"caption":"EFS Valves"},"image":{"@id":"https:\/\/efsvalves.com\/en\/#\/schema\/logo\/image\/"},"sameAs":["https:\/\/www.linkedin.com\/company\/1695688\/"]}]}},"_links":{"self":[{"href":"https:\/\/efsvalves.com\/fr\/wp-json\/wp\/v2\/pages\/4458","targetHints":{"allow":["GET"]}}],"collection":[{"href":"https:\/\/efsvalves.com\/fr\/wp-json\/wp\/v2\/pages"}],"about":[{"href":"https:\/\/efsvalves.com\/fr\/wp-json\/wp\/v2\/types\/page"}],"author":[{"embeddable":true,"href":"https:\/\/efsvalves.com\/fr\/wp-json\/wp\/v2\/users\/1"}],"replies":[{"embeddable":true,"href":"https:\/\/efsvalves.com\/fr\/wp-json\/wp\/v2\/comments?post=4458"}],"version-history":[{"count":4,"href":"https:\/\/efsvalves.com\/fr\/wp-json\/wp\/v2\/pages\/4458\/revisions"}],"predecessor-version":[{"id":4781,"href":"https:\/\/efsvalves.com\/fr\/wp-json\/wp\/v2\/pages\/4458\/revisions\/4781"}],"wp:attachment":[{"href":"https:\/\/efsvalves.com\/fr\/wp-json\/wp\/v2\/media?parent=4458"}],"curies":[{"name":"wp","href":"https:\/\/api.w.org\/{rel}","templated":true}]}}