{"id":4465,"date":"2019-06-24T19:56:09","date_gmt":"2019-06-24T17:56:09","guid":{"rendered":"http:\/\/efsvalves.com\/project-department\/"},"modified":"2021-05-19T10:52:09","modified_gmt":"2021-05-19T08:52:09","slug":"project-department","status":"publish","type":"page","link":"https:\/\/efsvalves.com\/fr\/project-department\/","title":{"rendered":"D\u00e9partement des projets"},"content":{"rendered":"<div class=\"wpb-content-wrapper\"><p>[vc_row][vc_column][vc_column_text]<\/p>\n<p class=\"p1\"><span class=\"s1\">Un grand nombre de nos clients dans le monde, notamment dans les secteurs du p\u00e9trole, de la p\u00e9trochimie et de la marine, ont besoin de services suppl\u00e9mentaires pour leurs projets. Notre d\u00e9partement Projets peut fournir des services complets \u00e0 nos clients ainsi qu&rsquo;une gestion d\u00e9taill\u00e9e pour chaque projet, y compris la conception pr\u00e9liminaire, les calculs m\u00e9caniques, la fourniture de mati\u00e8res premi\u00e8res, les paquets de mat\u00e9riaux auxiliaires, les inspections, l&#8217;emballage, les certificats, la l\u00e9galisation des documents, les services apr\u00e8s-vente, etc.<\/span><\/p>\n<p>[\/vc_column_text][\/vc_column][\/vc_row][vc_row el_class=\u00a0\u00bbclap-proyectos-tres-imagenes\u00a0\u00bb][vc_column width=\u00a0\u00bb1\/3&Prime;][vc_single_image image=\u00a0\u00bb2985&Prime; img_size=\u00a0\u00bbfull\u00a0\u00bb alignment=\u00a0\u00bbcenter\u00a0\u00bb][\/vc_column][vc_column width=\u00a0\u00bb1\/3&Prime;][vc_single_image image=\u00a0\u00bb2983&Prime; img_size=\u00a0\u00bbfull\u00a0\u00bb alignment=\u00a0\u00bbcenter\u00a0\u00bb][\/vc_column][vc_column width=\u00a0\u00bb1\/3&Prime;][vc_single_image image=\u00a0\u00bb2981&Prime; img_size=\u00a0\u00bbfull\u00a0\u00bb alignment=\u00a0\u00bbcenter\u00a0\u00bb][\/vc_column][\/vc_row][vc_row el_class=\u00a0\u00bbclap-proyectos-item-row\u00a0\u00bb][vc_column width=\u00a0\u00bb1\/4&Prime; el_class=\u00a0\u00bbclap-proyectos-item-izqda\u00a0\u00bb][vc_column_text css=\u00a0\u00bb.vc_custom_1561399018024{background-image: url(https:\/\/efsvalves.com\/wp-content\/uploads\/2019\/06\/history-thumb.png?id=2970) !important;}\u00a0\u00bb]RFQ[\/vc_column_text][vc_column_text el_class=\u00a0\u00bbtexto-mobile\u00a0\u00bb]RFQ[\/vc_column_text][\/vc_column][vc_column width=\u00a0\u00bb3\/4&Prime; el_class=\u00a0\u00bbclap-proyectos-item-derecha\u00a0\u00bb][vc_column_text]<\/p>\n<p class=\"p1\"><span class=\"s1\">\u00c9valuation des fiches techniques-S\u00e9lection des produits<\/span><\/p>\n<p class=\"p1\"><span class=\"s1\">MR-VDDR-VDDL- Contrats, garanties de bonne ex\u00e9cution<\/span><\/p>\n<p>[\/vc_column_text][\/vc_column][\/vc_row][vc_row el_class=\u00a0\u00bbclap-proyectos-item-row\u00a0\u00bb][vc_column width=\u00a0\u00bb1\/4&Prime; el_class=\u00a0\u00bbclap-proyectos-item-izqda\u00a0\u00bb][vc_column_text css=\u00a0\u00bb.vc_custom_1621414104183{background-image: url(https:\/\/efsvalves.com\/wp-content\/uploads\/2019\/06\/history-thumb.png?id=2970) !important;}\u00a0\u00bb]<span class=\"s1\">Prise de commande<\/span>[\/vc_column_text][vc_column_text el_class=\u00a0\u00bbtexto-mobile\u00a0\u00bb]<span class=\"s1\">Prise de commande<\/span>[\/vc_column_text][\/vc_column][vc_column width=\u00a0\u00bb3\/4&Prime; el_class=\u00a0\u00bbclap-proyectos-item-derecha\u00a0\u00bb][vc_column_text]<\/p>\n<p class=\"p1\"><span class=\"s1\">\u00a0Accus\u00e9 de r\u00e9ception Commande technique<\/span><\/p>\n<p class=\"p1\"><span class=\"s1\">Calendrier du diagramme K.O.M. Gant. D\u00e9finition de l&rsquo;ITP<\/span><\/p>\n<p>[\/vc_column_text][\/vc_column][\/vc_row][vc_row el_class=\u00a0\u00bbclap-proyectos-item-row\u00a0\u00bb][vc_column width=\u00a0\u00bb1\/4&Prime; el_class=\u00a0\u00bbclap-proyectos-item-izqda\u00a0\u00bb][vc_column_text css=\u00a0\u00bb.vc_custom_1621413853906{background-image: url(https:\/\/efsvalves.com\/wp-content\/uploads\/2019\/06\/history-thumb.png?id=2970) !important;}\u00a0\u00bb]<\/p>\n<p class=\"p1\"><span class=\"s1\">Progression <\/span><span class=\"s1\">\u00e9tat <\/span><span class=\"s1\">d&rsquo;avancement <\/span><\/p>\n<p>[\/vc_column_text][vc_column_text el_class=\u00a0\u00bbtexto-mobile\u00a0\u00bb]<\/p>\n<p class=\"p1\"><span class=\"s1\">Progression <\/span><span class=\"s1\">\u00e9tat <\/span><span class=\"s1\">d&rsquo;avancement <\/span><\/p>\n<p>[\/vc_column_text][\/vc_column][vc_column width=\u00a0\u00bb3\/4&Prime; el_class=\u00a0\u00bbclap-proyectos-item-derecha\u00a0\u00bb][vc_column_text]<\/p>\n<p class=\"p1\"><span class=\"s1\">R\u00e9union de pr\u00e9-inspection &#8211; r\u00e9union de suivi<\/span><\/p>\n<p class=\"p1\"><span class=\"s1\">Programmes d&rsquo;inspection des activit\u00e9s<\/span><\/p>\n<p>[\/vc_column_text][\/vc_column][\/vc_row][vc_row el_class=\u00a0\u00bbclap-proyectos-item-row\u00a0\u00bb][vc_column width=\u00a0\u00bb1\/4&Prime; el_class=\u00a0\u00bbclap-proyectos-item-izqda\u00a0\u00bb][vc_column_text css=\u00a0\u00bb.vc_custom_1621414167029{background-image: url(https:\/\/efsvalves.com\/wp-content\/uploads\/2019\/06\/history-thumb.png?id=2970) !important;}\u00a0\u00bb]<\/p>\n<p class=\"p1\"><span class=\"s1\">Inspection et <\/span><span class=\"s1\">Surveillance<\/span><\/p>\n<p>[\/vc_column_text][vc_column_text el_class=\u00a0\u00bbtexto-mobile\u00a0\u00bb]<\/p>\n<p class=\"p1\"><span class=\"s1\">Inspection et <\/span><span class=\"s1\">Surveillance<\/span><\/p>\n<p>[\/vc_column_text][\/vc_column][vc_column width=\u00a0\u00bb3\/4&Prime; el_class=\u00a0\u00bbclap-proyectos-item-derecha\u00a0\u00bb][vc_column_text]<\/p>\n<p class=\"p1\"><span class=\"s1\">Planification de l&rsquo;assemblage, de la peinture<\/span><\/p>\n<p class=\"p1\"><span class=\"s1\">CND<\/span><\/p>\n<p class=\"p1\"><span class=\"s1\">Approbation, inspection et tests<\/span><\/p>\n<p class=\"p1\"><span class=\"s1\">Inspection finale de l&#8217;emballage<\/span><\/p>\n<p>[\/vc_column_text][\/vc_column][\/vc_row][vc_row el_class=\u00a0\u00bbclap-proyectos-item-row\u00a0\u00bb][vc_column width=\u00a0\u00bb1\/4&Prime; el_class=\u00a0\u00bbclap-proyectos-item-izqda\u00a0\u00bb][vc_column_text css=\u00a0\u00bb.vc_custom_1621414203598{background-image: url(https:\/\/efsvalves.com\/wp-content\/uploads\/2019\/06\/history-thumb.png?id=2970) !important;}\u00a0\u00bb]<\/p>\n<p class=\"p1\"><span class=\"s1\">Documents <\/span><span class=\"s1\">&amp; logistique <\/span><\/p>\n<p>[\/vc_column_text][vc_column_text el_class=\u00a0\u00bbtexto-mobile\u00a0\u00bb]<\/p>\n<p class=\"p1\"><span class=\"s1\">Documents <\/span><span class=\"s1\">&amp; logistique <\/span><\/p>\n<p>[\/vc_column_text][\/vc_column][vc_column width=\u00a0\u00bb3\/4&Prime; el_class=\u00a0\u00bbclap-proyectos-item-derecha\u00a0\u00bb][vc_column_text]<\/p>\n<p class=\"p1\"><span class=\"s1\">Livre de projet &#8211; gestion des donn\u00e9es des vannes<\/span><\/p>\n<p class=\"p1\"><span class=\"s1\">Service logistique<\/span><\/p>\n<p class=\"p1\"><span class=\"s1\">D\u00e9douanement<\/span><\/p>\n<p class=\"p1\"><span class=\"s1\">Exp\u00e9dition<\/span><\/p>\n<p>[\/vc_column_text][\/vc_column][\/vc_row][vc_row el_class=\u00a0\u00bbclap-proyectos-item-row\u00a0\u00bb][vc_column width=\u00a0\u00bb1\/4&Prime; el_class=\u00a0\u00bbclap-proyectos-item-izqda\u00a0\u00bb][vc_column_text css=\u00a0\u00bb.vc_custom_1621414265607{background-image: url(https:\/\/efsvalves.com\/wp-content\/uploads\/2019\/06\/history-thumb.png?id=2970) !important;}\u00a0\u00bb]<\/p>\n<p class=\"p1\"><span class=\"s1\">Fin du projet <\/span><\/p>\n<p>[\/vc_column_text][vc_column_text el_class=\u00a0\u00bbtexto-mobile\u00a0\u00bb]<\/p>\n<p class=\"p1\"><span class=\"s1\">Fin du projet <\/span><\/p>\n<p>[\/vc_column_text][\/vc_column][vc_column width=\u00a0\u00bb3\/4&Prime; el_class=\u00a0\u00bbclap-proyectos-item-derecha\u00a0\u00bb][vc_column_text]Mise en service, d\u00e9marrage et formation en cours d&rsquo;utilisation<\/p>\n<p>Service apr\u00e8s-vente[\/vc_column_text][\/vc_column][\/vc_row]<\/p>\n<\/div>","protected":false},"excerpt":{"rendered":"<p>[vc_row][vc_column][vc_column_text] Un grand nombre de nos clients dans le monde, notamment dans les secteurs du p\u00e9trole, de la p\u00e9trochimie et de la marine, ont besoin de services suppl\u00e9mentaires pour leurs projets. Notre d\u00e9partement Projets peut fournir des services complets \u00e0 nos clients ainsi qu&rsquo;une gestion d\u00e9taill\u00e9e pour chaque projet, y compris la conception pr\u00e9liminaire, les [&hellip;]<\/p>\n","protected":false},"author":1,"featured_media":0,"parent":0,"menu_order":0,"comment_status":"closed","ping_status":"closed","template":"","meta":{"_acf_changed":false,"footnotes":""},"class_list":["post-4465","page","type-page","status-publish","hentry"],"acf":[],"yoast_head":"<!-- This site is optimized with the Yoast SEO plugin v25.8 - https:\/\/yoast.com\/wordpress\/plugins\/seo\/ -->\n<title>D\u00e9partement des projets - Efsvalves<\/title>\n<meta name=\"robots\" content=\"index, follow, max-snippet:-1, max-image-preview:large, max-video-preview:-1\" \/>\n<link rel=\"canonical\" href=\"https:\/\/efsvalves.com\/en\/services\/project-department\/\" \/>\n<meta property=\"og:locale\" content=\"fr_FR\" \/>\n<meta property=\"og:type\" content=\"article\" \/>\n<meta property=\"og:title\" content=\"D\u00e9partement des projets - Efsvalves\" \/>\n<meta property=\"og:description\" content=\"[vc_row][vc_column][vc_column_text] Un grand nombre de nos clients dans le monde, notamment dans les secteurs du p\u00e9trole, de la p\u00e9trochimie et de la marine, ont besoin de services suppl\u00e9mentaires pour leurs projets. Notre d\u00e9partement Projets peut fournir des services complets \u00e0 nos clients ainsi qu&rsquo;une gestion d\u00e9taill\u00e9e pour chaque projet, y compris la conception pr\u00e9liminaire, les [&hellip;]\" \/>\n<meta property=\"og:url\" content=\"https:\/\/efsvalves.com\/en\/services\/project-department\/\" \/>\n<meta property=\"og:site_name\" content=\"Efsvalves\" \/>\n<meta property=\"article:modified_time\" content=\"2021-05-19T08:52:09+00:00\" \/>\n<meta name=\"twitter:card\" content=\"summary_large_image\" \/>\n<meta name=\"twitter:label1\" content=\"Dur\u00e9e de lecture estim\u00e9e\" \/>\n\t<meta name=\"twitter:data1\" content=\"3 minutes\" \/>\n<script type=\"application\/ld+json\" class=\"yoast-schema-graph\">{\"@context\":\"https:\/\/schema.org\",\"@graph\":[{\"@type\":\"WebPage\",\"@id\":\"https:\/\/efsvalves.com\/en\/services\/project-department\/\",\"url\":\"https:\/\/efsvalves.com\/en\/services\/project-department\/\",\"name\":\"D\u00e9partement des projets - Efsvalves\",\"isPartOf\":{\"@id\":\"https:\/\/efsvalves.com\/en\/#website\"},\"datePublished\":\"2019-06-24T17:56:09+00:00\",\"dateModified\":\"2021-05-19T08:52:09+00:00\",\"breadcrumb\":{\"@id\":\"https:\/\/efsvalves.com\/en\/services\/project-department\/#breadcrumb\"},\"inLanguage\":\"fr-FR\",\"potentialAction\":[{\"@type\":\"ReadAction\",\"target\":[\"https:\/\/efsvalves.com\/en\/services\/project-department\/\"]}]},{\"@type\":\"BreadcrumbList\",\"@id\":\"https:\/\/efsvalves.com\/en\/services\/project-department\/#breadcrumb\",\"itemListElement\":[{\"@type\":\"ListItem\",\"position\":1,\"name\":\"Portada\",\"item\":\"https:\/\/efsvalves.com\/en\/\"},{\"@type\":\"ListItem\",\"position\":2,\"name\":\"D\u00e9partement des projets\"}]},{\"@type\":\"WebSite\",\"@id\":\"https:\/\/efsvalves.com\/en\/#website\",\"url\":\"https:\/\/efsvalves.com\/en\/\",\"name\":\"Efsvalves\",\"description\":\"Distribuci\u00f3n de v\u00e1lvulas industriales\",\"publisher\":{\"@id\":\"https:\/\/efsvalves.com\/en\/#organization\"},\"potentialAction\":[{\"@type\":\"SearchAction\",\"target\":{\"@type\":\"EntryPoint\",\"urlTemplate\":\"https:\/\/efsvalves.com\/en\/?s={search_term_string}\"},\"query-input\":{\"@type\":\"PropertyValueSpecification\",\"valueRequired\":true,\"valueName\":\"search_term_string\"}}],\"inLanguage\":\"fr-FR\"},{\"@type\":\"Organization\",\"@id\":\"https:\/\/efsvalves.com\/en\/#organization\",\"name\":\"EFS Valves\",\"url\":\"https:\/\/efsvalves.com\/en\/\",\"logo\":{\"@type\":\"ImageObject\",\"inLanguage\":\"fr-FR\",\"@id\":\"https:\/\/efsvalves.com\/en\/#\/schema\/logo\/image\/\",\"url\":\"https:\/\/efsvalves.com\/wp-content\/uploads\/2020\/02\/EFSVALVES.jpg\",\"contentUrl\":\"https:\/\/efsvalves.com\/wp-content\/uploads\/2020\/02\/EFSVALVES.jpg\",\"width\":1786,\"height\":168,\"caption\":\"EFS Valves\"},\"image\":{\"@id\":\"https:\/\/efsvalves.com\/en\/#\/schema\/logo\/image\/\"},\"sameAs\":[\"https:\/\/www.linkedin.com\/company\/1695688\/\"]}]}<\/script>\n<!-- \/ Yoast SEO plugin. -->","yoast_head_json":{"title":"D\u00e9partement des projets - Efsvalves","robots":{"index":"index","follow":"follow","max-snippet":"max-snippet:-1","max-image-preview":"max-image-preview:large","max-video-preview":"max-video-preview:-1"},"canonical":"https:\/\/efsvalves.com\/en\/services\/project-department\/","og_locale":"fr_FR","og_type":"article","og_title":"D\u00e9partement des projets - Efsvalves","og_description":"[vc_row][vc_column][vc_column_text] Un grand nombre de nos clients dans le monde, notamment dans les secteurs du p\u00e9trole, de la p\u00e9trochimie et de la marine, ont besoin de services suppl\u00e9mentaires pour leurs projets. Notre d\u00e9partement Projets peut fournir des services complets \u00e0 nos clients ainsi qu&rsquo;une gestion d\u00e9taill\u00e9e pour chaque projet, y compris la conception pr\u00e9liminaire, les [&hellip;]","og_url":"https:\/\/efsvalves.com\/en\/services\/project-department\/","og_site_name":"Efsvalves","article_modified_time":"2021-05-19T08:52:09+00:00","twitter_card":"summary_large_image","twitter_misc":{"Dur\u00e9e de lecture estim\u00e9e":"3 minutes"},"schema":{"@context":"https:\/\/schema.org","@graph":[{"@type":"WebPage","@id":"https:\/\/efsvalves.com\/en\/services\/project-department\/","url":"https:\/\/efsvalves.com\/en\/services\/project-department\/","name":"D\u00e9partement des projets - Efsvalves","isPartOf":{"@id":"https:\/\/efsvalves.com\/en\/#website"},"datePublished":"2019-06-24T17:56:09+00:00","dateModified":"2021-05-19T08:52:09+00:00","breadcrumb":{"@id":"https:\/\/efsvalves.com\/en\/services\/project-department\/#breadcrumb"},"inLanguage":"fr-FR","potentialAction":[{"@type":"ReadAction","target":["https:\/\/efsvalves.com\/en\/services\/project-department\/"]}]},{"@type":"BreadcrumbList","@id":"https:\/\/efsvalves.com\/en\/services\/project-department\/#breadcrumb","itemListElement":[{"@type":"ListItem","position":1,"name":"Portada","item":"https:\/\/efsvalves.com\/en\/"},{"@type":"ListItem","position":2,"name":"D\u00e9partement des projets"}]},{"@type":"WebSite","@id":"https:\/\/efsvalves.com\/en\/#website","url":"https:\/\/efsvalves.com\/en\/","name":"Efsvalves","description":"Distribuci\u00f3n de v\u00e1lvulas industriales","publisher":{"@id":"https:\/\/efsvalves.com\/en\/#organization"},"potentialAction":[{"@type":"SearchAction","target":{"@type":"EntryPoint","urlTemplate":"https:\/\/efsvalves.com\/en\/?s={search_term_string}"},"query-input":{"@type":"PropertyValueSpecification","valueRequired":true,"valueName":"search_term_string"}}],"inLanguage":"fr-FR"},{"@type":"Organization","@id":"https:\/\/efsvalves.com\/en\/#organization","name":"EFS Valves","url":"https:\/\/efsvalves.com\/en\/","logo":{"@type":"ImageObject","inLanguage":"fr-FR","@id":"https:\/\/efsvalves.com\/en\/#\/schema\/logo\/image\/","url":"https:\/\/efsvalves.com\/wp-content\/uploads\/2020\/02\/EFSVALVES.jpg","contentUrl":"https:\/\/efsvalves.com\/wp-content\/uploads\/2020\/02\/EFSVALVES.jpg","width":1786,"height":168,"caption":"EFS Valves"},"image":{"@id":"https:\/\/efsvalves.com\/en\/#\/schema\/logo\/image\/"},"sameAs":["https:\/\/www.linkedin.com\/company\/1695688\/"]}]}},"_links":{"self":[{"href":"https:\/\/efsvalves.com\/fr\/wp-json\/wp\/v2\/pages\/4465","targetHints":{"allow":["GET"]}}],"collection":[{"href":"https:\/\/efsvalves.com\/fr\/wp-json\/wp\/v2\/pages"}],"about":[{"href":"https:\/\/efsvalves.com\/fr\/wp-json\/wp\/v2\/types\/page"}],"author":[{"embeddable":true,"href":"https:\/\/efsvalves.com\/fr\/wp-json\/wp\/v2\/users\/1"}],"replies":[{"embeddable":true,"href":"https:\/\/efsvalves.com\/fr\/wp-json\/wp\/v2\/comments?post=4465"}],"version-history":[{"count":2,"href":"https:\/\/efsvalves.com\/fr\/wp-json\/wp\/v2\/pages\/4465\/revisions"}],"predecessor-version":[{"id":4468,"href":"https:\/\/efsvalves.com\/fr\/wp-json\/wp\/v2\/pages\/4465\/revisions\/4468"}],"wp:attachment":[{"href":"https:\/\/efsvalves.com\/fr\/wp-json\/wp\/v2\/media?parent=4465"}],"curies":[{"name":"wp","href":"https:\/\/api.w.org\/{rel}","templated":true}]}}