{"id":5029,"date":"2025-01-20T00:25:11","date_gmt":"2025-01-19T23:25:11","guid":{"rendered":"https:\/\/efsvalves.com\/about-us\/politique-environnementale\/"},"modified":"2025-01-20T00:25:11","modified_gmt":"2025-01-19T23:25:11","slug":"politique-environnementale","status":"publish","type":"page","link":"https:\/\/efsvalves.com\/fr\/about-us\/politique-environnementale\/","title":{"rendered":"Politique environnementale"},"content":{"rendered":"<div class=\"wpb-content-wrapper\"><p>[vc_row][vc_column width=\u00a0\u00bb1\/2&Prime;][vc_column_text css=\u00a0\u00bb\u00a0\u00bb css_params=\u00a0\u00bb\u00a0\u00bb]Engineering Fluid Solutions reconna\u00eet que le d\u00e9veloppement durable est un facteur d&rsquo;une importance vitale. Nous avons mis en place une politique pour adapter nos proc\u00e9dures afin de nous assurer que nous contribuons \u00e0 cette politique dans toutes nos pratiques, de la conception ou de l&rsquo;approvisionnement \u00e0 l&rsquo;exp\u00e9dition, y compris toute action individuelle susceptible d&rsquo;\u00eatre r\u00e9vis\u00e9e.<\/p>\n<p>Notre engagement pour la r\u00e9duction de l&rsquo;impact environnemental commence par la s\u00e9lection de fournisseurs sensibles \u00e0 ces politiques et est pr\u00e9sent dans toutes nos activit\u00e9s dans la mani\u00e8re dont nous pouvons utiliser ces mat\u00e9riaux en cons\u00e9quence, l&rsquo;optimisation des processus, la r\u00e9utilisation dans la mesure du possible, etc.<\/p>\n<p>Notre entreprise est certifi\u00e9e ISO 14001 : 2015, Gestion de l&rsquo;environnement.<\/p>\n<p>Nous sommes convaincus que toutes les actions, y compris les micro-actions, contribueront \u00e0 r\u00e9duire l&rsquo;impact sur l&rsquo;environnement et nous encourageons toutes les entreprises, quelle que soit leur taille, \u00e0 faire ce qu&rsquo;elles peuvent, et il est certain que cette contribution nous aidera, nous et les g\u00e9n\u00e9rations futures, \u00e0 l&rsquo;avenir.[\/vc_column_text][\/vc_column][vc_column width=\u00a0\u00bb1\/2&Prime;][vc_single_image image=\u00a0\u00bb3320&Prime; img_size=\u00a0\u00bblarge\u00a0\u00bb][vc_gallery type=\u00a0\u00bbimage_grid\u00a0\u00bb images=\u00a0\u00bb4958,4962&Prime;][\/vc_column][\/vc_row]<\/p>\n<\/div>","protected":false},"excerpt":{"rendered":"<p>[vc_row][vc_column width=\u00a0\u00bb1\/2&Prime;][vc_column_text css=\u00a0\u00bb\u00a0\u00bb css_params=\u00a0\u00bb\u00a0\u00bb]Engineering Fluid Solutions reconna\u00eet que le d\u00e9veloppement durable est un facteur d&rsquo;une importance vitale. Nous avons mis en place une politique pour adapter nos proc\u00e9dures afin de nous assurer que nous contribuons \u00e0 cette politique dans toutes nos pratiques, de la conception ou de l&rsquo;approvisionnement \u00e0 l&rsquo;exp\u00e9dition, y compris toute action individuelle [&hellip;]<\/p>\n","protected":false},"author":1,"featured_media":0,"parent":4438,"menu_order":0,"comment_status":"closed","ping_status":"closed","template":"","meta":{"_acf_changed":false,"footnotes":""},"class_list":["post-5029","page","type-page","status-publish","hentry"],"acf":[],"yoast_head":"<!-- This site is optimized with the Yoast SEO plugin v25.8 - https:\/\/yoast.com\/wordpress\/plugins\/seo\/ -->\n<title>Politique environnementale - Efsvalves<\/title>\n<meta name=\"robots\" content=\"index, follow, max-snippet:-1, max-image-preview:large, max-video-preview:-1\" \/>\n<link rel=\"canonical\" href=\"https:\/\/efsvalves.com\/en\/about-us\/environmental-policy\/\" \/>\n<meta property=\"og:locale\" content=\"fr_FR\" \/>\n<meta property=\"og:type\" content=\"article\" \/>\n<meta property=\"og:title\" content=\"Politique environnementale - Efsvalves\" \/>\n<meta property=\"og:description\" content=\"[vc_row][vc_column width=\u00a0\u00bb1\/2&Prime;][vc_column_text css=\u00a0\u00bb\u00a0\u00bb css_params=\u00a0\u00bb\u00a0\u00bb]Engineering Fluid Solutions reconna\u00eet que le d\u00e9veloppement durable est un facteur d&rsquo;une importance vitale. Nous avons mis en place une politique pour adapter nos proc\u00e9dures afin de nous assurer que nous contribuons \u00e0 cette politique dans toutes nos pratiques, de la conception ou de l&rsquo;approvisionnement \u00e0 l&rsquo;exp\u00e9dition, y compris toute action individuelle [&hellip;]\" \/>\n<meta property=\"og:url\" content=\"https:\/\/efsvalves.com\/en\/about-us\/environmental-policy\/\" \/>\n<meta property=\"og:site_name\" content=\"Efsvalves\" \/>\n<meta name=\"twitter:card\" content=\"summary_large_image\" \/>\n<meta name=\"twitter:label1\" content=\"Dur\u00e9e de lecture estim\u00e9e\" \/>\n\t<meta name=\"twitter:data1\" content=\"1 minute\" \/>\n<script type=\"application\/ld+json\" class=\"yoast-schema-graph\">{\"@context\":\"https:\/\/schema.org\",\"@graph\":[{\"@type\":\"WebPage\",\"@id\":\"https:\/\/efsvalves.com\/en\/about-us\/environmental-policy\/\",\"url\":\"https:\/\/efsvalves.com\/en\/about-us\/environmental-policy\/\",\"name\":\"Politique environnementale - Efsvalves\",\"isPartOf\":{\"@id\":\"https:\/\/efsvalves.com\/en\/#website\"},\"datePublished\":\"2025-01-19T23:25:11+00:00\",\"breadcrumb\":{\"@id\":\"https:\/\/efsvalves.com\/en\/about-us\/environmental-policy\/#breadcrumb\"},\"inLanguage\":\"fr-FR\",\"potentialAction\":[{\"@type\":\"ReadAction\",\"target\":[\"https:\/\/efsvalves.com\/en\/about-us\/environmental-policy\/\"]}]},{\"@type\":\"BreadcrumbList\",\"@id\":\"https:\/\/efsvalves.com\/en\/about-us\/environmental-policy\/#breadcrumb\",\"itemListElement\":[{\"@type\":\"ListItem\",\"position\":1,\"name\":\"Portada\",\"item\":\"https:\/\/efsvalves.com\/en\/\"},{\"@type\":\"ListItem\",\"position\":2,\"name\":\"Notre soci\u00e9t\u00e9\",\"item\":\"https:\/\/efsvalves.com\/en\/about-us\/\"},{\"@type\":\"ListItem\",\"position\":3,\"name\":\"Politique environnementale\"}]},{\"@type\":\"WebSite\",\"@id\":\"https:\/\/efsvalves.com\/en\/#website\",\"url\":\"https:\/\/efsvalves.com\/en\/\",\"name\":\"Efsvalves\",\"description\":\"Distribuci\u00f3n de v\u00e1lvulas industriales\",\"publisher\":{\"@id\":\"https:\/\/efsvalves.com\/en\/#organization\"},\"potentialAction\":[{\"@type\":\"SearchAction\",\"target\":{\"@type\":\"EntryPoint\",\"urlTemplate\":\"https:\/\/efsvalves.com\/en\/?s={search_term_string}\"},\"query-input\":{\"@type\":\"PropertyValueSpecification\",\"valueRequired\":true,\"valueName\":\"search_term_string\"}}],\"inLanguage\":\"fr-FR\"},{\"@type\":\"Organization\",\"@id\":\"https:\/\/efsvalves.com\/en\/#organization\",\"name\":\"EFS Valves\",\"url\":\"https:\/\/efsvalves.com\/en\/\",\"logo\":{\"@type\":\"ImageObject\",\"inLanguage\":\"fr-FR\",\"@id\":\"https:\/\/efsvalves.com\/en\/#\/schema\/logo\/image\/\",\"url\":\"https:\/\/efsvalves.com\/wp-content\/uploads\/2020\/02\/EFSVALVES.jpg\",\"contentUrl\":\"https:\/\/efsvalves.com\/wp-content\/uploads\/2020\/02\/EFSVALVES.jpg\",\"width\":1786,\"height\":168,\"caption\":\"EFS Valves\"},\"image\":{\"@id\":\"https:\/\/efsvalves.com\/en\/#\/schema\/logo\/image\/\"},\"sameAs\":[\"https:\/\/www.linkedin.com\/company\/1695688\/\"]}]}<\/script>\n<!-- \/ Yoast SEO plugin. -->","yoast_head_json":{"title":"Politique environnementale - Efsvalves","robots":{"index":"index","follow":"follow","max-snippet":"max-snippet:-1","max-image-preview":"max-image-preview:large","max-video-preview":"max-video-preview:-1"},"canonical":"https:\/\/efsvalves.com\/en\/about-us\/environmental-policy\/","og_locale":"fr_FR","og_type":"article","og_title":"Politique environnementale - Efsvalves","og_description":"[vc_row][vc_column width=\u00a0\u00bb1\/2&Prime;][vc_column_text css=\u00a0\u00bb\u00a0\u00bb css_params=\u00a0\u00bb\u00a0\u00bb]Engineering Fluid Solutions reconna\u00eet que le d\u00e9veloppement durable est un facteur d&rsquo;une importance vitale. Nous avons mis en place une politique pour adapter nos proc\u00e9dures afin de nous assurer que nous contribuons \u00e0 cette politique dans toutes nos pratiques, de la conception ou de l&rsquo;approvisionnement \u00e0 l&rsquo;exp\u00e9dition, y compris toute action individuelle [&hellip;]","og_url":"https:\/\/efsvalves.com\/en\/about-us\/environmental-policy\/","og_site_name":"Efsvalves","twitter_card":"summary_large_image","twitter_misc":{"Dur\u00e9e de lecture estim\u00e9e":"1 minute"},"schema":{"@context":"https:\/\/schema.org","@graph":[{"@type":"WebPage","@id":"https:\/\/efsvalves.com\/en\/about-us\/environmental-policy\/","url":"https:\/\/efsvalves.com\/en\/about-us\/environmental-policy\/","name":"Politique environnementale - Efsvalves","isPartOf":{"@id":"https:\/\/efsvalves.com\/en\/#website"},"datePublished":"2025-01-19T23:25:11+00:00","breadcrumb":{"@id":"https:\/\/efsvalves.com\/en\/about-us\/environmental-policy\/#breadcrumb"},"inLanguage":"fr-FR","potentialAction":[{"@type":"ReadAction","target":["https:\/\/efsvalves.com\/en\/about-us\/environmental-policy\/"]}]},{"@type":"BreadcrumbList","@id":"https:\/\/efsvalves.com\/en\/about-us\/environmental-policy\/#breadcrumb","itemListElement":[{"@type":"ListItem","position":1,"name":"Portada","item":"https:\/\/efsvalves.com\/en\/"},{"@type":"ListItem","position":2,"name":"Notre soci\u00e9t\u00e9","item":"https:\/\/efsvalves.com\/en\/about-us\/"},{"@type":"ListItem","position":3,"name":"Politique environnementale"}]},{"@type":"WebSite","@id":"https:\/\/efsvalves.com\/en\/#website","url":"https:\/\/efsvalves.com\/en\/","name":"Efsvalves","description":"Distribuci\u00f3n de v\u00e1lvulas industriales","publisher":{"@id":"https:\/\/efsvalves.com\/en\/#organization"},"potentialAction":[{"@type":"SearchAction","target":{"@type":"EntryPoint","urlTemplate":"https:\/\/efsvalves.com\/en\/?s={search_term_string}"},"query-input":{"@type":"PropertyValueSpecification","valueRequired":true,"valueName":"search_term_string"}}],"inLanguage":"fr-FR"},{"@type":"Organization","@id":"https:\/\/efsvalves.com\/en\/#organization","name":"EFS Valves","url":"https:\/\/efsvalves.com\/en\/","logo":{"@type":"ImageObject","inLanguage":"fr-FR","@id":"https:\/\/efsvalves.com\/en\/#\/schema\/logo\/image\/","url":"https:\/\/efsvalves.com\/wp-content\/uploads\/2020\/02\/EFSVALVES.jpg","contentUrl":"https:\/\/efsvalves.com\/wp-content\/uploads\/2020\/02\/EFSVALVES.jpg","width":1786,"height":168,"caption":"EFS Valves"},"image":{"@id":"https:\/\/efsvalves.com\/en\/#\/schema\/logo\/image\/"},"sameAs":["https:\/\/www.linkedin.com\/company\/1695688\/"]}]}},"_links":{"self":[{"href":"https:\/\/efsvalves.com\/fr\/wp-json\/wp\/v2\/pages\/5029","targetHints":{"allow":["GET"]}}],"collection":[{"href":"https:\/\/efsvalves.com\/fr\/wp-json\/wp\/v2\/pages"}],"about":[{"href":"https:\/\/efsvalves.com\/fr\/wp-json\/wp\/v2\/types\/page"}],"author":[{"embeddable":true,"href":"https:\/\/efsvalves.com\/fr\/wp-json\/wp\/v2\/users\/1"}],"replies":[{"embeddable":true,"href":"https:\/\/efsvalves.com\/fr\/wp-json\/wp\/v2\/comments?post=5029"}],"version-history":[{"count":2,"href":"https:\/\/efsvalves.com\/fr\/wp-json\/wp\/v2\/pages\/5029\/revisions"}],"predecessor-version":[{"id":5035,"href":"https:\/\/efsvalves.com\/fr\/wp-json\/wp\/v2\/pages\/5029\/revisions\/5035"}],"up":[{"embeddable":true,"href":"https:\/\/efsvalves.com\/fr\/wp-json\/wp\/v2\/pages\/4438"}],"wp:attachment":[{"href":"https:\/\/efsvalves.com\/fr\/wp-json\/wp\/v2\/media?parent=5029"}],"curies":[{"name":"wp","href":"https:\/\/api.w.org\/{rel}","templated":true}]}}