{"id":5114,"date":"2025-04-17T01:10:25","date_gmt":"2025-04-16T23:10:25","guid":{"rendered":"https:\/\/efsvalves.com\/blog\/"},"modified":"2025-04-17T01:10:26","modified_gmt":"2025-04-16T23:10:26","slug":"blog","status":"publish","type":"page","link":"https:\/\/efsvalves.com\/fr\/blog\/","title":{"rendered":"Blog"},"content":{"rendered":"<div class=\"wpb-content-wrapper\"><p>[vc_row][vc_column]<div class=\"porto-blog wpb_content_element   wpb_custom_9c745ac33a8bb4820cfc6b89805915cc porto-blog-e0b603537120859819a60b8e18355fe8\">\t\t<div class=\"blog-posts posts-grid\">\r\n\t\t\t<div class=\"posts-container row\">\r\n\t\t\r\n<article class=\"post post-grid col-md-6 col-lg-4 post-title-simple post-4876 post type-post status-publish format-standard hentry category-produit\">\r\n\t<div class=\"grid-box\">\r\n\t\t\r\n\t\t<!-- Post meta before content -->\r\n\t\t\t\t<div class=\"post-content\">\r\n\r\n\t\t\t<h4 aria-level=\"2\" class=\"entry-title\"><a href=\"https:\/\/efsvalves.com\/fr\/efsvalves-fully-automated-plug-valve-now-ptfe-coated\/\">La vanne \u00e0 clapet enti\u00e8rement automatis\u00e9e EFSvalves est d\u00e9sormais rev\u00eatue de PTFE<\/a><\/h4>\r\n\t\t\t<span class=\"vcard\" style=\"display: none;\"><span class=\"fn\"><a href=\"https:\/\/efsvalves.com\/fr\/author\/adminpiston\/\" title=\"Articles par adminpiston\" rel=\"author\">adminpiston<\/a><\/span><\/span><span class=\"updated\" style=\"display:none\">2021-11-10T09:45:53+01:00<\/span><p class=\"post-excerpt\">PLUG AND PLAY\r\n\r\nEFSVALVES, a d\u00e9velopp\u00e9 une nouvelle gamme de robinets \u00e0 tournant conique avec un fonctionnement enti\u00e8rement automatis\u00e9 pour les milieux hautement corrosifs. Ce nouveau d\u00e9veloppement a \u00e9t\u00e9 con\u00e7u avec un accent particulier sur la conformit\u00e9 aux exigences ATEX, ce qui est ce qu'il est utilis\u00e9 sur le processus et...<\/p>\t\t\t\t\t<\/div>\r\n\t\t<!-- Post meta after content -->\r\n\t\t<div class=\"post-meta\"><span class=\"meta-date\"><i class=\"far fa-calendar-alt\"><\/i>20 juillet, 2021<\/span><\/div><div class=\"post-meta\"><span class=\"meta-cats\"><i class=\"far fa-folder\"><\/i><a href=\"https:\/\/efsvalves.com\/fr\/category\/produit\/\" rel=\"category tag\">Produit<\/a><\/span><\/div>\t\t<div class=\"clearfix\">\r\n\t\t\t<a class=\"btn btn-xs btn-default text-xs text-uppercase btn-readmore\" href=\"https:\/\/efsvalves.com\/fr\/efsvalves-fully-automated-plug-valve-now-ptfe-coated\/\">Read more...<\/a>\r\n\t\t<\/div>\r\n\t<\/div>\r\n<\/article>\r\n\r\n<article class=\"post post-grid col-md-6 col-lg-4 post-title-simple post-5281 post type-post status-publish format-standard has-post-thumbnail hentry category-nouvelles\">\r\n\t<div class=\"grid-box\">\r\n\t\t\t<div class=\"post-image single\">\r\n\t\t<div class=\"post-slideshow porto-carousel owl-carousel has-ccols ccols-1  nav-inside nav-inside-center nav-style-2 show-nav-hover\" data-plugin-options='{\"nav\":true}'>\r\n\t\t\t\t\t\t\t\t\t\t\t<a href=\"https:\/\/efsvalves.com\/fr\/pare-flammes\/\" aria-label=\"post image\">\r\n\t\t\t\t\t\t\t\t<div class=\"img-thumbnail\">\r\n\t\t\t\t\t\t<img decoding=\"async\" width=\"400\" height=\"300\" data-src=\"https:\/\/efsvalves.com\/wp-content\/uploads\/2017\/02\/16-400x300.jpg\" class=\"owl-lazy img-responsive lazyload\" alt=\"pare-flammes\" data-srcset=\"https:\/\/efsvalves.com\/wp-content\/uploads\/2017\/02\/16-400x300.jpg 400w, https:\/\/efsvalves.com\/wp-content\/uploads\/2017\/02\/16-367x276.jpg 367w\" data-sizes=\"(max-width: 400px) 100vw, 400px\" src=\"data:image\/svg+xml;base64,PHN2ZyB3aWR0aD0iMSIgaGVpZ2h0PSIxIiB4bWxucz0iaHR0cDovL3d3dy53My5vcmcvMjAwMC9zdmciPjwvc3ZnPg==\" style=\"--smush-placeholder-width: 400px; --smush-placeholder-aspect-ratio: 400\/300;\" \/>\t\t\t\t\t\t\t\t\t\t\t<\/div>\r\n\t\t\t\t\t\t\t\t<\/a>\r\n\t\t\t\t\t\t\t\t<\/div>\r\n\t\t\r\n\t\t\t<\/div>\r\n\t\r\n\t\t<!-- Post meta before content -->\r\n\t\t\t\t<div class=\"post-content\">\r\n\r\n\t\t\t<h4 aria-level=\"2\" class=\"entry-title\"><a href=\"https:\/\/efsvalves.com\/fr\/pare-flammes\/\">Pare-flammes<\/a><\/h4>\r\n\t\t\t<span class=\"vcard\" style=\"display: none;\"><span class=\"fn\"><a href=\"https:\/\/efsvalves.com\/fr\/author\/adminpiston\/\" title=\"Articles par adminpiston\" rel=\"author\">adminpiston<\/a><\/span><\/span><span class=\"updated\" style=\"display:none\">2025-09-16T00:45:56+02:00<\/span><p class=\"post-excerpt\">\nDans le cadre de notre offre globale de solutions de protection contre la pression et le vide, EFSVALVES pr\u00e9sente sa nouvelle gamme de pare-flammes, con\u00e7us pour emp\u00eacher la propagation des flammes \u00e0 l\u2019int\u00e9rieur des tuyauteries, r\u00e9servoirs ou installations contenant des gaz ou vapeurs inflammables.\n\nDisponibles en versions en ligne ou en...<\/p>\t\t\t\t\t<\/div>\r\n\t\t<!-- Post meta after content -->\r\n\t\t<div class=\"post-meta\"><span class=\"meta-date\"><i class=\"far fa-calendar-alt\"><\/i>25 f\u00e9vrier, 2017<\/span><\/div><div class=\"post-meta\"><span class=\"meta-cats\"><i class=\"far fa-folder\"><\/i><a href=\"https:\/\/efsvalves.com\/fr\/category\/nouvelles\/\" rel=\"category tag\">Nouvelles<\/a><\/span><\/div>\t\t<div class=\"clearfix\">\r\n\t\t\t<a class=\"btn btn-xs btn-default text-xs text-uppercase btn-readmore\" href=\"https:\/\/efsvalves.com\/fr\/pare-flammes\/\">Read more...<\/a>\r\n\t\t<\/div>\r\n\t<\/div>\r\n<\/article>\r\n\r\n<article class=\"post post-grid col-md-6 col-lg-4 post-title-simple post-5268 post type-post status-publish format-standard has-post-thumbnail hentry category-nouvelles\">\r\n\t<div class=\"grid-box\">\r\n\t\t\t<div class=\"post-image single\">\r\n\t\t<div class=\"post-slideshow porto-carousel owl-carousel has-ccols ccols-1  nav-inside nav-inside-center nav-style-2 show-nav-hover\" data-plugin-options='{\"nav\":true}'>\r\n\t\t\t\t\t\t\t\t\t\t\t<a href=\"https:\/\/efsvalves.com\/fr\/protection-des-reservoirs-contre-la-pression-et-le-vide-grace-aux-soupapes-de-depression-surpression\/\" aria-label=\"post image\">\r\n\t\t\t\t\t\t\t\t<div class=\"img-thumbnail\">\r\n\t\t\t\t\t\t<img decoding=\"async\" width=\"400\" height=\"300\" data-src=\"https:\/\/efsvalves.com\/wp-content\/uploads\/2016\/11\/15-400x300.jpg\" class=\"owl-lazy img-responsive lazyload\" alt=\"soupapes de d\u00e9pression\/surpression\" data-srcset=\"https:\/\/efsvalves.com\/wp-content\/uploads\/2016\/11\/15-400x300.jpg 400w, https:\/\/efsvalves.com\/wp-content\/uploads\/2016\/11\/15-367x276.jpg 367w\" data-sizes=\"(max-width: 400px) 100vw, 400px\" src=\"data:image\/svg+xml;base64,PHN2ZyB3aWR0aD0iMSIgaGVpZ2h0PSIxIiB4bWxucz0iaHR0cDovL3d3dy53My5vcmcvMjAwMC9zdmciPjwvc3ZnPg==\" style=\"--smush-placeholder-width: 400px; --smush-placeholder-aspect-ratio: 400\/300;\" \/>\t\t\t\t\t\t\t\t\t\t\t<\/div>\r\n\t\t\t\t\t\t\t\t<\/a>\r\n\t\t\t\t\t\t\t\t<\/div>\r\n\t\t\r\n\t\t\t<\/div>\r\n\t\r\n\t\t<!-- Post meta before content -->\r\n\t\t\t\t<div class=\"post-content\">\r\n\r\n\t\t\t<h4 aria-level=\"2\" class=\"entry-title\"><a href=\"https:\/\/efsvalves.com\/fr\/protection-des-reservoirs-contre-la-pression-et-le-vide-grace-aux-soupapes-de-depression-surpression\/\">Protection des r\u00e9servoirs contre la pression et le vide gr\u00e2ce aux soupapes de d\u00e9pression\/surpression<\/a><\/h4>\r\n\t\t\t<span class=\"vcard\" style=\"display: none;\"><span class=\"fn\"><a href=\"https:\/\/efsvalves.com\/fr\/author\/adminpiston\/\" title=\"Articles par adminpiston\" rel=\"author\">adminpiston<\/a><\/span><\/span><span class=\"updated\" style=\"display:none\">2025-09-16T00:10:11+02:00<\/span><p class=\"post-excerpt\">\nChez EFSVALVES, nous proposons une gamme sp\u00e9cialis\u00e9e de soupapes de pression\/vide con\u00e7ues pour prot\u00e9ger les r\u00e9servoirs, cuves et conduites contre les surpressions ou d\u00e9pressions caus\u00e9es par des variations de temp\u00e9rature, des vidanges ou remplissages rapides.\n\n\n\nCes soupapes assurent s\u00e9curit\u00e9 et performance dans les applications les plus exigeantes telles que l\u2019agroalimentaire, la...<\/p>\t\t\t\t\t<\/div>\r\n\t\t<!-- Post meta after content -->\r\n\t\t<div class=\"post-meta\"><span class=\"meta-date\"><i class=\"far fa-calendar-alt\"><\/i>23 novembre, 2016<\/span><\/div><div class=\"post-meta\"><span class=\"meta-cats\"><i class=\"far fa-folder\"><\/i><a href=\"https:\/\/efsvalves.com\/fr\/category\/nouvelles\/\" rel=\"category tag\">Nouvelles<\/a><\/span><\/div>\t\t<div class=\"clearfix\">\r\n\t\t\t<a class=\"btn btn-xs btn-default text-xs text-uppercase btn-readmore\" href=\"https:\/\/efsvalves.com\/fr\/protection-des-reservoirs-contre-la-pression-et-le-vide-grace-aux-soupapes-de-depression-surpression\/\">Read more...<\/a>\r\n\t\t<\/div>\r\n\t<\/div>\r\n<\/article>\r\n\r\n<article class=\"post post-grid col-md-6 col-lg-4 post-title-simple post-5251 post type-post status-publish format-standard has-post-thumbnail hentry category-nouvelles\">\r\n\t<div class=\"grid-box\">\r\n\t\t\t<div class=\"post-image single\">\r\n\t\t<div class=\"post-slideshow porto-carousel owl-carousel has-ccols ccols-1  nav-inside nav-inside-center nav-style-2 show-nav-hover\" data-plugin-options='{\"nav\":true}'>\r\n\t\t\t\t\t\t\t\t\t\t\t<a href=\"https:\/\/efsvalves.com\/fr\/vannes-a-flotteur-efsvalves\/\" aria-label=\"post image\">\r\n\t\t\t\t\t\t\t\t<div class=\"img-thumbnail\">\r\n\t\t\t\t\t\t<img decoding=\"async\" width=\"400\" height=\"300\" data-src=\"https:\/\/efsvalves.com\/wp-content\/uploads\/2016\/08\/13-400x300.jpg\" class=\"owl-lazy img-responsive lazyload\" alt=\"EFSVALVES Float Valves\" data-srcset=\"https:\/\/efsvalves.com\/wp-content\/uploads\/2016\/08\/13-400x300.jpg 400w, https:\/\/efsvalves.com\/wp-content\/uploads\/2016\/08\/13-367x276.jpg 367w\" data-sizes=\"(max-width: 400px) 100vw, 400px\" src=\"data:image\/svg+xml;base64,PHN2ZyB3aWR0aD0iMSIgaGVpZ2h0PSIxIiB4bWxucz0iaHR0cDovL3d3dy53My5vcmcvMjAwMC9zdmciPjwvc3ZnPg==\" style=\"--smush-placeholder-width: 400px; --smush-placeholder-aspect-ratio: 400\/300;\" \/>\t\t\t\t\t\t\t\t\t\t\t<\/div>\r\n\t\t\t\t\t\t\t\t<\/a>\r\n\t\t\t\t\t\t\t\t<\/div>\r\n\t\t\r\n\t\t\t<\/div>\r\n\t\r\n\t\t<!-- Post meta before content -->\r\n\t\t\t\t<div class=\"post-content\">\r\n\r\n\t\t\t<h4 aria-level=\"2\" class=\"entry-title\"><a href=\"https:\/\/efsvalves.com\/fr\/vannes-a-flotteur-efsvalves\/\">Vannes \u00e0 flotteur EFSVALVES<\/a><\/h4>\r\n\t\t\t<span class=\"vcard\" style=\"display: none;\"><span class=\"fn\"><a href=\"https:\/\/efsvalves.com\/fr\/author\/adminpiston\/\" title=\"Articles par adminpiston\" rel=\"author\">adminpiston<\/a><\/span><\/span><span class=\"updated\" style=\"display:none\">2025-09-15T18:37:32+02:00<\/span><p class=\"post-excerpt\">\nContr\u00f4le fiable du niveau pour r\u00e9servoirs et syst\u00e8mes industriels\n\nDans les installations o\u00f9 le contr\u00f4le du niveau de liquide est essentiel, comme les r\u00e9servoirs, cuves ou tours de refroidissement, les vannes \u00e0 flotteur offrent une solution m\u00e9canique simple et efficace.\n\n\n\nEFSVALVES propose une gamme compl\u00e8te de vannes \u00e0 flotteur, con\u00e7ues pour fonctionner...<\/p>\t\t\t\t\t<\/div>\r\n\t\t<!-- Post meta after content -->\r\n\t\t<div class=\"post-meta\"><span class=\"meta-date\"><i class=\"far fa-calendar-alt\"><\/i>25 ao\u00fbt, 2016<\/span><\/div><div class=\"post-meta\"><span class=\"meta-cats\"><i class=\"far fa-folder\"><\/i><a href=\"https:\/\/efsvalves.com\/fr\/category\/nouvelles\/\" rel=\"category tag\">Nouvelles<\/a><\/span><\/div>\t\t<div class=\"clearfix\">\r\n\t\t\t<a class=\"btn btn-xs btn-default text-xs text-uppercase btn-readmore\" href=\"https:\/\/efsvalves.com\/fr\/vannes-a-flotteur-efsvalves\/\">Read more...<\/a>\r\n\t\t<\/div>\r\n\t<\/div>\r\n<\/article>\r\n\r\n<article class=\"post post-grid col-md-6 col-lg-4 post-title-simple post-5235 post type-post status-publish format-standard has-post-thumbnail hentry category-nouvelles\">\r\n\t<div class=\"grid-box\">\r\n\t\t\t<div class=\"post-image single\">\r\n\t\t<div class=\"post-slideshow porto-carousel owl-carousel has-ccols ccols-1  nav-inside nav-inside-center nav-style-2 show-nav-hover\" data-plugin-options='{\"nav\":true}'>\r\n\t\t\t\t\t\t\t\t\t\t\t<a href=\"https:\/\/efsvalves.com\/fr\/nouvelle-soupape-de-securite-sanitaire-pour-service-propre\/\" aria-label=\"post image\">\r\n\t\t\t\t\t\t\t\t<div class=\"img-thumbnail\">\r\n\t\t\t\t\t\t<img decoding=\"async\" width=\"400\" height=\"300\" data-src=\"https:\/\/efsvalves.com\/wp-content\/uploads\/2015\/07\/12-400x300.jpg\" class=\"owl-lazy img-responsive lazyload\" alt=\"Nouvelle soupape de s\u00e9curit\u00e9 sanitaire pour service propre\" data-srcset=\"https:\/\/efsvalves.com\/wp-content\/uploads\/2015\/07\/12-400x300.jpg 400w, https:\/\/efsvalves.com\/wp-content\/uploads\/2015\/07\/12-367x276.jpg 367w\" data-sizes=\"(max-width: 400px) 100vw, 400px\" src=\"data:image\/svg+xml;base64,PHN2ZyB3aWR0aD0iMSIgaGVpZ2h0PSIxIiB4bWxucz0iaHR0cDovL3d3dy53My5vcmcvMjAwMC9zdmciPjwvc3ZnPg==\" style=\"--smush-placeholder-width: 400px; --smush-placeholder-aspect-ratio: 400\/300;\" \/>\t\t\t\t\t\t\t\t\t\t\t<\/div>\r\n\t\t\t\t\t\t\t\t<\/a>\r\n\t\t\t\t\t\t\t\t<\/div>\r\n\t\t\r\n\t\t\t<\/div>\r\n\t\r\n\t\t<!-- Post meta before content -->\r\n\t\t\t\t<div class=\"post-content\">\r\n\r\n\t\t\t<h4 aria-level=\"2\" class=\"entry-title\"><a href=\"https:\/\/efsvalves.com\/fr\/nouvelle-soupape-de-securite-sanitaire-pour-service-propre\/\">Nouvelle soupape de s\u00e9curit\u00e9 sanitaire pour service propre<\/a><\/h4>\r\n\t\t\t<span class=\"vcard\" style=\"display: none;\"><span class=\"fn\"><a href=\"https:\/\/efsvalves.com\/fr\/author\/adminpiston\/\" title=\"Articles par adminpiston\" rel=\"author\">adminpiston<\/a><\/span><\/span><span class=\"updated\" style=\"display:none\">2025-09-15T19:35:47+02:00<\/span><p class=\"post-excerpt\">\nChez EFSVALVES, nous \u00e9largissons notre gamme avec des solutions con\u00e7ues pour les secteurs les plus exigeants. Nous vous pr\u00e9sentons notre nouvelle soupape de s\u00e9curit\u00e9 sanitaire (PSV sanitaire), con\u00e7ue pour assurer une protection fiable dans les applications \u00e0 environnement propre, telles que les industries pharmaceutique, agroalimentaire ou les laboratoires.\n\n\n\nHygi\u00e8ne et fiabilit\u00e9...<\/p>\t\t\t\t\t<\/div>\r\n\t\t<!-- Post meta after content -->\r\n\t\t<div class=\"post-meta\"><span class=\"meta-date\"><i class=\"far fa-calendar-alt\"><\/i>4 juillet, 2015<\/span><\/div><div class=\"post-meta\"><span class=\"meta-cats\"><i class=\"far fa-folder\"><\/i><a href=\"https:\/\/efsvalves.com\/fr\/category\/nouvelles\/\" rel=\"category tag\">Nouvelles<\/a><\/span><\/div>\t\t<div class=\"clearfix\">\r\n\t\t\t<a class=\"btn btn-xs btn-default text-xs text-uppercase btn-readmore\" href=\"https:\/\/efsvalves.com\/fr\/nouvelle-soupape-de-securite-sanitaire-pour-service-propre\/\">Read more...<\/a>\r\n\t\t<\/div>\r\n\t<\/div>\r\n<\/article>\r\n\r\n<article class=\"post post-grid col-md-6 col-lg-4 post-title-simple post-5220 post type-post status-publish format-standard has-post-thumbnail hentry category-nouvelles tag-produit\">\r\n\t<div class=\"grid-box\">\r\n\t\t\t<div class=\"post-image single\">\r\n\t\t<div class=\"post-slideshow porto-carousel owl-carousel has-ccols ccols-1  nav-inside nav-inside-center nav-style-2 show-nav-hover\" data-plugin-options='{\"nav\":true}'>\r\n\t\t\t\t\t\t\t\t\t\t\t<a href=\"https:\/\/efsvalves.com\/fr\/valve-world-dusseldorf\/\" aria-label=\"post image\">\r\n\t\t\t\t\t\t\t\t<div class=\"img-thumbnail\">\r\n\t\t\t\t\t\t<img decoding=\"async\" width=\"400\" height=\"300\" data-src=\"https:\/\/efsvalves.com\/wp-content\/uploads\/2014\/12\/11-400x300.jpg\" class=\"owl-lazy img-responsive lazyload\" alt=\"Valve world Dusseldorf\" data-srcset=\"https:\/\/efsvalves.com\/wp-content\/uploads\/2014\/12\/11-400x300.jpg 400w, https:\/\/efsvalves.com\/wp-content\/uploads\/2014\/12\/11-367x276.jpg 367w\" data-sizes=\"(max-width: 400px) 100vw, 400px\" src=\"data:image\/svg+xml;base64,PHN2ZyB3aWR0aD0iMSIgaGVpZ2h0PSIxIiB4bWxucz0iaHR0cDovL3d3dy53My5vcmcvMjAwMC9zdmciPjwvc3ZnPg==\" style=\"--smush-placeholder-width: 400px; --smush-placeholder-aspect-ratio: 400\/300;\" \/>\t\t\t\t\t\t\t\t\t\t\t<\/div>\r\n\t\t\t\t\t\t\t\t<\/a>\r\n\t\t\t\t\t\t\t\t<\/div>\r\n\t\t\r\n\t\t\t<\/div>\r\n\t\r\n\t\t<!-- Post meta before content -->\r\n\t\t\t\t<div class=\"post-content\">\r\n\r\n\t\t\t<h4 aria-level=\"2\" class=\"entry-title\"><a href=\"https:\/\/efsvalves.com\/fr\/valve-world-dusseldorf\/\">Valve World D\u00fcsseldorf<\/a><\/h4>\r\n\t\t\t<span class=\"vcard\" style=\"display: none;\"><span class=\"fn\"><a href=\"https:\/\/efsvalves.com\/fr\/author\/adminpiston\/\" title=\"Articles par adminpiston\" rel=\"author\">adminpiston<\/a><\/span><\/span><span class=\"updated\" style=\"display:none\">2025-09-15T18:19:12+02:00<\/span><p class=\"post-excerpt\">\n\u00c0 l\u2019occasion du salon international Valve World \u00e0 D\u00fcsseldorf, EFSVALVES a pr\u00e9sent\u00e9 sa nouvelle gamme de soupapes de s\u00e9curit\u00e9, d\u00e9sormais disponible en dimensions allant jusqu\u2019\u00e0 NPS 16\u201d x 20\u201d (DN 400 x 500).\n\nCette \u00e9volution marque une \u00e9tape importante pour r\u00e9pondre aux exigences des projets industriels de grande envergure, tout en...<\/p>\t\t\t\t\t<\/div>\r\n\t\t<!-- Post meta after content -->\r\n\t\t<div class=\"post-meta\"><span class=\"meta-date\"><i class=\"far fa-calendar-alt\"><\/i>25 d\u00e9cembre, 2014<\/span><\/div><div class=\"post-meta\"><span class=\"meta-cats\"><i class=\"far fa-folder\"><\/i><a href=\"https:\/\/efsvalves.com\/fr\/category\/nouvelles\/\" rel=\"category tag\">Nouvelles<\/a><\/span><span class=\"meta-tags\"><i class=\"far fa-envelope\"><\/i><a href=\"https:\/\/efsvalves.com\/fr\/tag\/produit\/\" rel=\"tag\">Produit<\/a><\/span><\/div>\t\t<div class=\"clearfix\">\r\n\t\t\t<a class=\"btn btn-xs btn-default text-xs text-uppercase btn-readmore\" href=\"https:\/\/efsvalves.com\/fr\/valve-world-dusseldorf\/\">Read more...<\/a>\r\n\t\t<\/div>\r\n\t<\/div>\r\n<\/article>\r\n\r\n\t\r\n\t\t\t<\/div>\r\n\t\t<\/div>\r\n\r\n\t\r\n\t\t\t\t\r\n\t<\/div>[\/vc_column][\/vc_row]<\/p>\n<\/div>","protected":false},"excerpt":{"rendered":"<p>[vc_row][vc_column][\/vc_column][\/vc_row]<\/p>\n","protected":false},"author":2,"featured_media":0,"parent":0,"menu_order":0,"comment_status":"closed","ping_status":"closed","template":"","meta":{"_acf_changed":false,"footnotes":""},"class_list":["post-5114","page","type-page","status-publish","hentry"],"acf":[],"yoast_head":"<!-- This site is optimized with the Yoast SEO plugin v25.8 - https:\/\/yoast.com\/wordpress\/plugins\/seo\/ -->\n<title>Blog - Efsvalves<\/title>\n<meta name=\"robots\" content=\"index, follow, max-snippet:-1, max-image-preview:large, max-video-preview:-1\" \/>\n<link rel=\"canonical\" href=\"https:\/\/efsvalves.com\/fr\/blog\/\" \/>\n<meta property=\"og:locale\" content=\"fr_FR\" \/>\n<meta property=\"og:type\" content=\"article\" \/>\n<meta property=\"og:title\" content=\"Blog - Efsvalves\" \/>\n<meta property=\"og:description\" content=\"[vc_row][vc_column][\/vc_column][\/vc_row]\" \/>\n<meta property=\"og:url\" content=\"https:\/\/efsvalves.com\/fr\/blog\/\" \/>\n<meta property=\"og:site_name\" content=\"Efsvalves\" \/>\n<meta property=\"article:modified_time\" content=\"2025-04-16T23:10:26+00:00\" \/>\n<meta name=\"twitter:card\" content=\"summary_large_image\" \/>\n<script type=\"application\/ld+json\" class=\"yoast-schema-graph\">{\"@context\":\"https:\/\/schema.org\",\"@graph\":[{\"@type\":\"WebPage\",\"@id\":\"https:\/\/efsvalves.com\/fr\/blog\/\",\"url\":\"https:\/\/efsvalves.com\/fr\/blog\/\",\"name\":\"Blog - Efsvalves\",\"isPartOf\":{\"@id\":\"https:\/\/efsvalves.com\/en\/#website\"},\"datePublished\":\"2025-04-16T23:10:25+00:00\",\"dateModified\":\"2025-04-16T23:10:26+00:00\",\"breadcrumb\":{\"@id\":\"https:\/\/efsvalves.com\/fr\/blog\/#breadcrumb\"},\"inLanguage\":\"fr-FR\",\"potentialAction\":[{\"@type\":\"ReadAction\",\"target\":[\"https:\/\/efsvalves.com\/fr\/blog\/\"]}]},{\"@type\":\"BreadcrumbList\",\"@id\":\"https:\/\/efsvalves.com\/fr\/blog\/#breadcrumb\",\"itemListElement\":[{\"@type\":\"ListItem\",\"position\":1,\"name\":\"Portada\",\"item\":\"https:\/\/efsvalves.com\/en\/\"},{\"@type\":\"ListItem\",\"position\":2,\"name\":\"Blog\"}]},{\"@type\":\"WebSite\",\"@id\":\"https:\/\/efsvalves.com\/en\/#website\",\"url\":\"https:\/\/efsvalves.com\/en\/\",\"name\":\"Efsvalves\",\"description\":\"Distribuci\u00f3n de v\u00e1lvulas industriales\",\"publisher\":{\"@id\":\"https:\/\/efsvalves.com\/en\/#organization\"},\"potentialAction\":[{\"@type\":\"SearchAction\",\"target\":{\"@type\":\"EntryPoint\",\"urlTemplate\":\"https:\/\/efsvalves.com\/en\/?s={search_term_string}\"},\"query-input\":{\"@type\":\"PropertyValueSpecification\",\"valueRequired\":true,\"valueName\":\"search_term_string\"}}],\"inLanguage\":\"fr-FR\"},{\"@type\":\"Organization\",\"@id\":\"https:\/\/efsvalves.com\/en\/#organization\",\"name\":\"EFS Valves\",\"url\":\"https:\/\/efsvalves.com\/en\/\",\"logo\":{\"@type\":\"ImageObject\",\"inLanguage\":\"fr-FR\",\"@id\":\"https:\/\/efsvalves.com\/en\/#\/schema\/logo\/image\/\",\"url\":\"https:\/\/efsvalves.com\/wp-content\/uploads\/2020\/02\/EFSVALVES.jpg\",\"contentUrl\":\"https:\/\/efsvalves.com\/wp-content\/uploads\/2020\/02\/EFSVALVES.jpg\",\"width\":1786,\"height\":168,\"caption\":\"EFS Valves\"},\"image\":{\"@id\":\"https:\/\/efsvalves.com\/en\/#\/schema\/logo\/image\/\"},\"sameAs\":[\"https:\/\/www.linkedin.com\/company\/1695688\/\"]}]}<\/script>\n<!-- \/ Yoast SEO plugin. -->","yoast_head_json":{"title":"Blog - Efsvalves","robots":{"index":"index","follow":"follow","max-snippet":"max-snippet:-1","max-image-preview":"max-image-preview:large","max-video-preview":"max-video-preview:-1"},"canonical":"https:\/\/efsvalves.com\/fr\/blog\/","og_locale":"fr_FR","og_type":"article","og_title":"Blog - Efsvalves","og_description":"[vc_row][vc_column][\/vc_column][\/vc_row]","og_url":"https:\/\/efsvalves.com\/fr\/blog\/","og_site_name":"Efsvalves","article_modified_time":"2025-04-16T23:10:26+00:00","twitter_card":"summary_large_image","schema":{"@context":"https:\/\/schema.org","@graph":[{"@type":"WebPage","@id":"https:\/\/efsvalves.com\/fr\/blog\/","url":"https:\/\/efsvalves.com\/fr\/blog\/","name":"Blog - Efsvalves","isPartOf":{"@id":"https:\/\/efsvalves.com\/en\/#website"},"datePublished":"2025-04-16T23:10:25+00:00","dateModified":"2025-04-16T23:10:26+00:00","breadcrumb":{"@id":"https:\/\/efsvalves.com\/fr\/blog\/#breadcrumb"},"inLanguage":"fr-FR","potentialAction":[{"@type":"ReadAction","target":["https:\/\/efsvalves.com\/fr\/blog\/"]}]},{"@type":"BreadcrumbList","@id":"https:\/\/efsvalves.com\/fr\/blog\/#breadcrumb","itemListElement":[{"@type":"ListItem","position":1,"name":"Portada","item":"https:\/\/efsvalves.com\/en\/"},{"@type":"ListItem","position":2,"name":"Blog"}]},{"@type":"WebSite","@id":"https:\/\/efsvalves.com\/en\/#website","url":"https:\/\/efsvalves.com\/en\/","name":"Efsvalves","description":"Distribuci\u00f3n de v\u00e1lvulas industriales","publisher":{"@id":"https:\/\/efsvalves.com\/en\/#organization"},"potentialAction":[{"@type":"SearchAction","target":{"@type":"EntryPoint","urlTemplate":"https:\/\/efsvalves.com\/en\/?s={search_term_string}"},"query-input":{"@type":"PropertyValueSpecification","valueRequired":true,"valueName":"search_term_string"}}],"inLanguage":"fr-FR"},{"@type":"Organization","@id":"https:\/\/efsvalves.com\/en\/#organization","name":"EFS Valves","url":"https:\/\/efsvalves.com\/en\/","logo":{"@type":"ImageObject","inLanguage":"fr-FR","@id":"https:\/\/efsvalves.com\/en\/#\/schema\/logo\/image\/","url":"https:\/\/efsvalves.com\/wp-content\/uploads\/2020\/02\/EFSVALVES.jpg","contentUrl":"https:\/\/efsvalves.com\/wp-content\/uploads\/2020\/02\/EFSVALVES.jpg","width":1786,"height":168,"caption":"EFS Valves"},"image":{"@id":"https:\/\/efsvalves.com\/en\/#\/schema\/logo\/image\/"},"sameAs":["https:\/\/www.linkedin.com\/company\/1695688\/"]}]}},"_links":{"self":[{"href":"https:\/\/efsvalves.com\/fr\/wp-json\/wp\/v2\/pages\/5114","targetHints":{"allow":["GET"]}}],"collection":[{"href":"https:\/\/efsvalves.com\/fr\/wp-json\/wp\/v2\/pages"}],"about":[{"href":"https:\/\/efsvalves.com\/fr\/wp-json\/wp\/v2\/types\/page"}],"author":[{"embeddable":true,"href":"https:\/\/efsvalves.com\/fr\/wp-json\/wp\/v2\/users\/2"}],"replies":[{"embeddable":true,"href":"https:\/\/efsvalves.com\/fr\/wp-json\/wp\/v2\/comments?post=5114"}],"version-history":[{"count":1,"href":"https:\/\/efsvalves.com\/fr\/wp-json\/wp\/v2\/pages\/5114\/revisions"}],"predecessor-version":[{"id":5115,"href":"https:\/\/efsvalves.com\/fr\/wp-json\/wp\/v2\/pages\/5114\/revisions\/5115"}],"wp:attachment":[{"href":"https:\/\/efsvalves.com\/fr\/wp-json\/wp\/v2\/media?parent=5114"}],"curies":[{"name":"wp","href":"https:\/\/api.w.org\/{rel}","templated":true}]}}